{"id":130,"date":"2024-01-03T13:19:38","date_gmt":"2024-01-03T13:19:38","guid":{"rendered":"https:\/\/ringsport.hu\/?page_id=130"},"modified":"2024-02-28T15:36:04","modified_gmt":"2024-02-28T15:36:04","slug":"pixellot-show","status":"publish","type":"page","link":"https:\/\/ringsport.hu\/index.php\/pixellot-show\/","title":{"rendered":"Pixellot Show (Streaming)"},"content":{"rendered":"\n[et_pb_section fb_built=&#8221;1&#8243; _builder_version=&#8221;4.24.0&#8243; _module_preset=&#8221;default&#8221; background_video_mp4=&#8221;https:\/\/ringsport.hu\/wp-content\/uploads\/2024\/01\/pixellot_prime___basketball-Original-1.mp4&#8243; global_colors_info=&#8221;{}&#8221;][et_pb_row _builder_version=&#8221;4.24.0&#8243; _module_preset=&#8221;default&#8221; background_color=&#8221;RGBA(255,255,255,0)&#8221; global_colors_info=&#8221;{}&#8221;][et_pb_column type=&#8221;4_4&#8243; _builder_version=&#8221;4.23.4&#8243; _module_preset=&#8221;default&#8221; global_colors_info=&#8221;{}&#8221;][et_pb_slider use_bg_overlay=&#8221;on&#8221; _builder_version=&#8221;4.24.0&#8243; _module_preset=&#8221;default&#8221; background_color=&#8221;RGBA(255,255,255,0)&#8221; background_enable_image=&#8221;off&#8221; hover_enabled=&#8221;0&#8243; global_colors_info=&#8221;{}&#8221; sticky_enabled=&#8221;0&#8243;][et_pb_slide heading=&#8221;PIXELLOT SHOW&#8221; button_text=&#8221;\u00cdrj nek\u00fcnk&#8221; button_link=&#8221;https:\/\/ringsport.hu\/index.php\/kapcsolat\/&#8221; _builder_version=&#8221;4.24.0&#8243; _module_preset=&#8221;default&#8221; header_font=&#8221;|700||on|||||&#8221; header_font_size=&#8221;60px&#8221; body_font_size=&#8221;24px&#8221; custom_button=&#8221;on&#8221; button_text_size=&#8221;20px&#8221; button_border_width=&#8221;2px&#8221; button_border_radius=&#8221;7px&#8221; button_font=&#8221;|700|||||||&#8221; button_use_icon=&#8221;off&#8221; button_alignment=&#8221;center&#8221; global_colors_info=&#8221;{}&#8221; sticky_transition=&#8221;on&#8221;]<p><span>PIXELLOT SHOW A &#8222;set-and-forget&#8221; sportk\u00f6zvet\u00edt\u00e9si szolg\u00e1ltat\u00e1s, amely t\u00f6k\u00e9letes minden szint\u0171 csapat sz\u00e1m\u00e1ra.<\/span><\/p>[\/et_pb_slide][\/et_pb_slider][\/et_pb_column][\/et_pb_row][\/et_pb_section][et_pb_section fb_built=&#8221;1&#8243; _builder_version=&#8221;4.24.0&#8243; _module_preset=&#8221;default&#8221; global_colors_info=&#8221;{}&#8221;][et_pb_row _builder_version=&#8221;4.24.0&#8243; _module_preset=&#8221;default&#8221; global_colors_info=&#8221;{}&#8221;][et_pb_column type=&#8221;4_4&#8243; _builder_version=&#8221;4.24.0&#8243; _module_preset=&#8221;default&#8221; global_colors_info=&#8221;{}&#8221;][et_pb_text _builder_version=&#8221;4.24.2&#8243; _module_preset=&#8221;default&#8221; text_text_color=&#8221;#000000&#8243; text_font_size=&#8221;16px&#8221; header_4_font=&#8221;|700||on|||||&#8221; header_4_text_color=&#8221;#000000&#8243; header_4_font_size=&#8221;40px&#8221; hover_enabled=&#8221;0&#8243; global_colors_info=&#8221;{}&#8221; sticky_enabled=&#8221;0&#8243;]<h4>A VEZET\u0150 END-TO-END AI-AUTOMATIZ\u00c1LT tartalomk\u00e9sz\u00edt\u0151 MEGOLD\u00c1S A PIACON<\/h4>\n<p>Egyszer\u0171en k\u00f6zvet\u00edtsen automatikusan k\u00f6vetett sportfelv\u00e9teleket szurkol\u00f3inak, j\u00e1t\u00e9kosainak \u00e9s az edz\u0151knek &#8211; \u00e9l\u0151ben \u00e9s ig\u00e9ny szerint.<\/p>\n<p>A Pixellot minim\u00e1lisra cs\u00f6kkenti\u00a0 a gy\u00e1rt\u00e1si k\u00f6lts\u00e9geket: lehet\u0151v\u00e9 teszi a kluboknak, iskol\u00e1knak, sz\u00f6vets\u00e9geknek, m\u00e9diaplatformoknak \u00e9s helysz\u00edneknek, hogy automatikusan \u00e9l\u0151 sportk\u00f6zvet\u00edt\u00e9seket k\u00e9sz\u00edtsen, fokozz\u00e1k a szurkol\u00f3k r\u00e9szv\u00e9tel\u00e9t, \u00e9s jav\u00edts\u00e1k az edz\u00e9si folyamatokat.<\/p>\n<p>Az ingyenes Pixellot App interakt\u00edv funkci\u00f3kkal eg\u00e9sz\u00edti ki a videokamer\u00e1t, \u00e9s lehet\u0151v\u00e9 teszi a szurkol\u00f3k sz\u00e1m\u00e1ra, hogy b\u00e1rmikor \u00e9s b\u00e1rhol megn\u00e9zhess\u00e9k kedvenc csapataikat, valamint hogy saj\u00e1t maguk k\u00e9sz\u00edtsenek kiemel\u00e9seket \u00e9s megossz\u00e1k azokat a vil\u00e1ggal.<\/p>\n<p>&nbsp;<\/p>[\/et_pb_text][\/et_pb_column][\/et_pb_row][\/et_pb_section][et_pb_section fb_built=&#8221;1&#8243; _builder_version=&#8221;4.24.0&#8243; _module_preset=&#8221;default&#8221; background_color=&#8221;rgba(0,0,0,0.38)&#8221; background_image=&#8221;https:\/\/ringsport.hu\/wp-content\/uploads\/2024\/01\/shutterstock_1399145963new-1.jpg&#8221; background_blend=&#8221;overlay&#8221; min_height=&#8221;600px&#8221; global_colors_info=&#8221;{}&#8221;][et_pb_row _builder_version=&#8221;4.24.0&#8243; _module_preset=&#8221;default&#8221; global_colors_info=&#8221;{}&#8221;][et_pb_column type=&#8221;4_4&#8243; _builder_version=&#8221;4.24.0&#8243; _module_preset=&#8221;default&#8221; global_colors_info=&#8221;{}&#8221;][et_pb_text _builder_version=&#8221;4.24.0&#8243; _module_preset=&#8221;default&#8221; text_text_color=&#8221;#FFFFFF&#8221; text_font_size=&#8221;16px&#8221; header_2_font=&#8221;|700||on|||||&#8221; header_2_text_color=&#8221;#FFFFFF&#8221; header_2_font_size=&#8221;40px&#8221; max_width=&#8221;50%&#8221; global_colors_info=&#8221;{}&#8221;]<h2>19 SPORT<\/h2>\n<h2>EGY MEGOLD\u00c1S<\/h2>\n\n\nA Pixellot Show egy teljes funkcionalit\u00e1s\u00fa \u00e9l\u0151 k\u00f6zvet\u00edt\u00e9si vide\u00f3 megold\u00e1s a sport sz\u00e1m\u00e1ra, hat\u00e9kony eszk\u00f6z\u00f6kkel a szurkol\u00f3k bevon\u00e1s\u00e1hoz \u00e9s a p\u00e9nzszerz\u00e9shez!\nAI-alap\u00fa algoritmusainkat sportt\u00edpusonk\u00e9nt kalibr\u00e1ljuk, hogy minden k\u00f6rnyezetben val\u00f3s\u00e1gh\u0171 \u00e9s kiv\u00e1l\u00f3 min\u0151s\u00e9g\u0171 vizu\u00e1lis \u00e9lm\u00e9nyt biztos\u00edtsunk.[\/et_pb_text][\/et_pb_column][\/et_pb_row][\/et_pb_section][et_pb_section fb_built=&#8221;1&#8243; _builder_version=&#8221;4.24.0&#8243; _module_preset=&#8221;default&#8221; global_colors_info=&#8221;{}&#8221;][et_pb_row _builder_version=&#8221;4.24.0&#8243; _module_preset=&#8221;default&#8221; global_colors_info=&#8221;{}&#8221;][et_pb_column type=&#8221;4_4&#8243; _builder_version=&#8221;4.24.0&#8243; _module_preset=&#8221;default&#8221; global_colors_info=&#8221;{}&#8221;][et_pb_text _builder_version=&#8221;4.24.0&#8243; _module_preset=&#8221;default&#8221; header_2_font=&#8221;|700||on|||||&#8221; header_2_text_align=&#8221;center&#8221; header_2_font_size=&#8221;40px&#8221; global_colors_info=&#8221;{}&#8221;]<h2>F\u0150BB JELLEMZ\u0150K<\/h2>[\/et_pb_text][\/et_pb_column][\/et_pb_row][et_pb_row column_structure=&#8221;1_3,1_3,1_3&#8243; _builder_version=&#8221;4.24.0&#8243; _module_preset=&#8221;default&#8221; global_colors_info=&#8221;{}&#8221;][et_pb_column type=&#8221;1_3&#8243; _builder_version=&#8221;4.24.0&#8243; _module_preset=&#8221;default&#8221; global_colors_info=&#8221;{}&#8221;][et_pb_blurb image=&#8221;https:\/\/ringsport.hu\/wp-content\/uploads\/2024\/01\/FullHD-icon.png&#8221; _builder_version=&#8221;4.24.0&#8243; _module_preset=&#8221;default&#8221; header_font=&#8221;|||on|||||&#8221; animation=&#8221;off&#8221; global_colors_info=&#8221;{}&#8221;]<p>Kezel\u0151 n\u00e9lk\u00fcli, teljesen automatiz\u00e1lt sportk\u00f6vet\u0151 kamera<\/p>[\/et_pb_blurb][et_pb_blurb image=&#8221;https:\/\/ringsport.hu\/wp-content\/uploads\/2024\/01\/audio-icon.png&#8221; _builder_version=&#8221;4.24.0&#8243; _module_preset=&#8221;default&#8221; body_text_align=&#8221;center&#8221; animation=&#8221;off&#8221; locked=&#8221;off&#8221; global_colors_info=&#8221;{}&#8221;]<p>Audio bemenetek helysz\u00edni\/t\u00e1voli komment\u00e1l\u00e1shoz<\/p>[\/et_pb_blurb][\/et_pb_column][et_pb_column type=&#8221;1_3&#8243; _builder_version=&#8221;4.24.0&#8243; _module_preset=&#8221;default&#8221; global_colors_info=&#8221;{}&#8221;][et_pb_blurb image=&#8221;https:\/\/ringsport.hu\/wp-content\/uploads\/2024\/01\/visszajatszas-icon.png&#8221; _builder_version=&#8221;4.24.0&#8243; _module_preset=&#8221;default&#8221; body_text_align=&#8221;center&#8221; animation=&#8221;off&#8221; locked=&#8221;off&#8221; global_colors_info=&#8221;{}&#8221;]<p>Belt\u00e9ri vagy k\u00fclt\u00e9ri<\/p>[\/et_pb_blurb][et_pb_blurb image=&#8221;https:\/\/ringsport.hu\/wp-content\/uploads\/2024\/01\/Feed-icon.png&#8221; _builder_version=&#8221;4.24.0&#8243; _module_preset=&#8221;default&#8221; body_text_align=&#8221;center&#8221; animation=&#8221;off&#8221; locked=&#8221;off&#8221; global_colors_info=&#8221;{}&#8221;]<p>Automatikusan alkalmazkodik a gyenge megvil\u00e1g\u00edt\u00e1shoz<\/p>[\/et_pb_blurb][\/et_pb_column][et_pb_column type=&#8221;1_3&#8243; _builder_version=&#8221;4.24.0&#8243; _module_preset=&#8221;default&#8221; global_colors_info=&#8221;{}&#8221;][et_pb_blurb image=&#8221;https:\/\/ringsport.hu\/wp-content\/uploads\/2024\/01\/cloud-icon.png&#8221; _builder_version=&#8221;4.24.0&#8243; _module_preset=&#8221;default&#8221; body_text_align=&#8221;center&#8221; animation=&#8221;off&#8221; locked=&#8221;off&#8221; global_colors_info=&#8221;{}&#8221;]<p>Alacsony minim\u00e1lis s\u00e1vsz\u00e9less\u00e9g-ig\u00e9ny, 3G\/4G<\/p>[\/et_pb_blurb][et_pb_blurb image=&#8221;https:\/\/ringsport.hu\/wp-content\/uploads\/2024\/01\/Tobb-kamera-icom.png&#8221; _builder_version=&#8221;4.24.0&#8243; _module_preset=&#8221;default&#8221; body_text_align=&#8221;center&#8221; animation=&#8221;off&#8221; locked=&#8221;off&#8221; global_colors_info=&#8221;{}&#8221;]<p>Be\u00e1gyazott grafik\u00e1k \u00e9s hirdet\u00e9si form\u00e1k<\/p>[\/et_pb_blurb][\/et_pb_column][\/et_pb_row][\/et_pb_section][et_pb_section fb_built=&#8221;1&#8243; _builder_version=&#8221;4.24.0&#8243; _module_preset=&#8221;default&#8221; global_colors_info=&#8221;{}&#8221;][et_pb_row _builder_version=&#8221;4.24.0&#8243; _module_preset=&#8221;default&#8221; global_colors_info=&#8221;{}&#8221;][et_pb_column type=&#8221;4_4&#8243; _builder_version=&#8221;4.24.0&#8243; _module_preset=&#8221;default&#8221; global_colors_info=&#8221;{}&#8221;][et_pb_text _builder_version=&#8221;4.24.0&#8243; _module_preset=&#8221;default&#8221; header_2_font=&#8221;|700||on|||||&#8221; header_2_font_size=&#8221;40px&#8221; global_colors_info=&#8221;{}&#8221;]<h2 style=\"text-align: center;\"><span>\u2014 EGY TERM\u00c9K \u2014 <\/span><\/h2>\n<h2 style=\"text-align: center;\"><span>MINDEN EXTRA \u00c9S KIEG\u00c9SZ\u00cdT\u0150<\/span><\/h2>[\/et_pb_text][\/et_pb_column][\/et_pb_row][et_pb_row column_structure=&#8221;1_2,1_2&#8243; _builder_version=&#8221;4.24.0&#8243; _module_preset=&#8221;default&#8221; global_colors_info=&#8221;{}&#8221;][et_pb_column type=&#8221;1_2&#8243; _builder_version=&#8221;4.24.0&#8243; _module_preset=&#8221;default&#8221; global_colors_info=&#8221;{}&#8221;][et_pb_blurb title=&#8221;Automatiz\u00e1lt rendszer&#8221; image=&#8221;https:\/\/ringsport.hu\/wp-content\/uploads\/2024\/01\/gerhard-crous-doivHPaG-Vw-unsplash-scaled-1.jpg&#8221; _builder_version=&#8221;4.24.0&#8243; _module_preset=&#8221;default&#8221; header_font=&#8221;|||on|||||&#8221; header_text_color=&#8221;#000000&#8243; body_text_color=&#8221;#000000&#8243; animation=&#8221;off&#8221; global_colors_info=&#8221;{}&#8221;]<p>Teljesen automatiz\u00e1lt gy\u00e1rt\u00e1si munkafolyamatunk emberi beavatkoz\u00e1s n\u00e9lk\u00fcl biztos\u00edt kiv\u00e1l\u00f3 min\u0151s\u00e9g\u0171 felv\u00e9teleket.<\/p>\n<ul>\n<li>Ember n\u00e9lk\u00fcli j\u00e1t\u00e9k k\u00f6zbeni r\u00f6gz\u00edt\u00e9s<\/li>\n<li>Automatikusan k\u00f6veti a j\u00e1t\u00e9k menet\u00e9t<\/li>\n<li>Grafika \u00e9s komment\u00e1tor hozz\u00e1ad\u00e1sa<\/li>\n<li>Automatiz\u00e1lt hirdet\u00e9sbeilleszt\u00e9s<\/li>\n<\/ul>[\/et_pb_blurb][et_pb_blurb title=&#8221;Automatiz\u00e1lt kiemel\u00e9sek&#8221; image=&#8221;https:\/\/ringsport.hu\/wp-content\/uploads\/2024\/01\/shutterstock_643115029-scaled-1.jpg&#8221; _builder_version=&#8221;4.24.0&#8243; _module_preset=&#8221;default&#8221; header_font=&#8221;|||on|||||&#8221; header_text_color=&#8221;#000000&#8243; body_text_color=&#8221;#000000&#8243; animation=&#8221;off&#8221; global_colors_info=&#8221;{}&#8221;]Teljesen automatiz\u00e1lt gy\u00e1rt\u00e1si rendszer\u00fcnk a m\u00e9rk\u0151z\u00e9s v\u00e9g\u00e9n a m\u00e9rk\u0151z\u00e9s kiemelked\u0151 pillanatait \u00e9s a m\u00e9rk\u0151z\u00e9s t\u00f6m\u00f6r\u00edtett v\u00e1ltozat\u00e1t k\u00e9sz\u00edti el.\n<ul>\n<li>A kulcsfontoss\u00e1g\u00fa pillanatok automatikus azonos\u00edt\u00e1sa\n<li>Azonos\u00edtja a kosarakat, g\u00f3lokat \u00e9s touchdownokat<\/li>\n<\/ul>[\/et_pb_blurb][et_pb_blurb title=&#8221;Szem\u00e9lyre szabott \u00e9lm\u00e9ny&#8221; image=&#8221;https:\/\/ringsport.hu\/wp-content\/uploads\/2024\/01\/shutterstock_1055944973-scaled-1.jpg&#8221; _builder_version=&#8221;4.24.0&#8243; _module_preset=&#8221;default&#8221; header_font=&#8221;|||on|||||&#8221; header_text_color=&#8221;#000000&#8243; body_text_color=&#8221;#000000&#8243; animation=&#8221;off&#8221; global_colors_info=&#8221;{}&#8221;]Nagy\u00edtson r\u00e1 az esem\u00e9nyekre, jel\u00f6lje meg a legfontosabb pillanatokat, k\u00f6vesse az egyes j\u00e1t\u00e9kosokat, tekerje vissza a visszaj\u00e1tsz\u00e1sokat, \u00e9s ossza meg kedvenc klipjeit.\n<ul>\n<li>B\u00e1rmikor r\u00e1k\u00f6zel\u00edthet az esem\u00e9nyekre\n<li>N\u00e9zze az \u00e9l\u0151 k\u00f6zvet\u00edt\u00e9seket vagy a lek\u00e9rdez\u00e9s szerinti k\u00f6zvet\u00edt\u00e9seket\n<li>Sarkalatos pillanatok visszaj\u00e1tsz\u00e1sa\n<li>Mag\u00e1val ragad\u00f3 n\u00e9z\u00e9si \u00e9lm\u00e9ny<\/li>\n<\/ul>[\/et_pb_blurb][\/et_pb_column][et_pb_column type=&#8221;1_2&#8243; _builder_version=&#8221;4.24.0&#8243; _module_preset=&#8221;default&#8221; global_colors_info=&#8221;{}&#8221;][et_pb_blurb title=&#8221;Panor\u00e1ma lefedetts\u00e9g&#8221; image=&#8221;https:\/\/ringsport.hu\/wp-content\/uploads\/2024\/01\/izuddin-helmi-adnan-K5ChxJaheKI-unsplash-scaled-1.jpg&#8221; _builder_version=&#8221;4.24.0&#8243; _module_preset=&#8221;default&#8221; header_font=&#8221;|||on|||||&#8221; header_text_color=&#8221;#000000&#8243; body_text_color=&#8221;#000000&#8243; animation=&#8221;off&#8221; global_colors_info=&#8221;{}&#8221;]<p>A kezel\u0151 n\u00e9lk\u00fcli sportvide\u00f3 t\u00f6bbkamer\u00e1s rendszer az eg\u00e9sz p\u00e1ly\u00e1t lefedi, panor\u00e1mak\u00e9pet ny\u00fajt, \u00edgy minden mozdulatot r\u00f6gz\u00edthet, b\u00e1rhol, b\u00e1rmikor.<\/p>\n<ul>\n<li>Teljes mez\u0151t lefed\u0151 panor\u00e1mafelv\u00e9tel<\/li>\n<li>V\u00e1lt\u00e1s a k\u00f6zvet\u00edt\u00e9si n\u00e9zet vagy a k\u00e9zi n\u00e9zet k\u00f6z\u00f6tt<\/li>\n<li>Jel\u00f6lje meg \u00e9s r\u00f6gz\u00edtse kedvenc mozdulatait<\/li>\n<li>K\u00f6nnyen megoszthatja klipjeit a k\u00f6z\u00f6ss\u00e9gi m\u00e9di\u00e1ban<\/li>\n<\/ul>[\/et_pb_blurb][et_pb_blurb title=&#8221;N\u00e9zze \u00e9l\u0151ben vagy ig\u00e9ny szerint&#8221; image=&#8221;https:\/\/ringsport.hu\/wp-content\/uploads\/2024\/01\/Pixellot_iPad_small2-1-1.jpg&#8221; _builder_version=&#8221;4.24.0&#8243; _module_preset=&#8221;default&#8221; header_font=&#8221;|||on|||||&#8221; header_text_color=&#8221;#000000&#8243; body_text_color=&#8221;#000000&#8243; animation=&#8221;off&#8221; global_colors_info=&#8221;{}&#8221;]Tekerje vissza az \u00e9l\u0151 felv\u00e9teleket, n\u00e9zze vissza a kulcsfontoss\u00e1g\u00fa pillanatokat, \u00e9s ossza meg az esem\u00e9nyeket, mik\u00f6zben az automatiz\u00e1lt \u00e9l\u0151 k\u00f6zvet\u00edt\u00e9si megold\u00e1sunknak k\u00f6sz\u00f6nhet\u0151en egyetlen pillanatr\u00f3l sem marad le.\n<ul>\n<li>White-label OTT megold\u00e1s\n<li>T\u00f6bb \u00e9l\u0151 felv\u00e9tel p\u00e1rhuzamos megtekint\u00e9se\n<li>Testreszabott monetiz\u00e1ci\u00f3 PPV, rekl\u00e1mszponzor\u00e1lt vagy freemium\n<li>Intuit\u00edv CMS az egyszer\u0171 \u00fctemez\u00e9shez<\/li>\n<\/ul>[\/et_pb_blurb][\/et_pb_column][\/et_pb_row][\/et_pb_section][et_pb_section fb_built=&#8221;1&#8243; _builder_version=&#8221;4.24.0&#8243; _module_preset=&#8221;default&#8221; background_color=&#8221;rgba(0,0,0,0.36)&#8221; background_image=&#8221;https:\/\/ringsport.hu\/wp-content\/uploads\/2024\/01\/footer_air-1.webp&#8221; background_blend=&#8221;overlay&#8221; mix_blend_mode=&#8221;overlay&#8221; locked=&#8221;off&#8221; global_colors_info=&#8221;{}&#8221;][et_pb_row _builder_version=&#8221;4.24.0&#8243; _module_preset=&#8221;default&#8221; global_colors_info=&#8221;{}&#8221;][et_pb_column type=&#8221;4_4&#8243; _builder_version=&#8221;4.24.0&#8243; _module_preset=&#8221;default&#8221; global_colors_info=&#8221;{}&#8221;][et_pb_text _builder_version=&#8221;4.24.0&#8243; _module_preset=&#8221;default&#8221; header_2_font=&#8221;|700||on|||||&#8221; header_2_text_color=&#8221;#FFFFFF&#8221; header_2_font_size=&#8221;40px&#8221; global_colors_info=&#8221;{}&#8221;]<h2 style=\"text-align: center;\">kezd\u0151dj\u00f6n a m\u0171sor<\/h2>[\/et_pb_text][et_pb_button button_url=&#8221;https:\/\/ringsport.hu\/index.php\/kapcsolat\/&#8221; button_text=&#8221;\u00cdrj nek\u00fcnk&#8221; button_alignment=&#8221;center&#8221; _builder_version=&#8221;4.24.0&#8243; _module_preset=&#8221;default&#8221; custom_button=&#8221;on&#8221; button_text_size=&#8221;20px&#8221; button_text_color=&#8221;#FFFFFF&#8221; button_border_radius=&#8221;7px&#8221; button_font=&#8221;|700|||||||&#8221; button_use_icon=&#8221;off&#8221; global_colors_info=&#8221;{}&#8221;][\/et_pb_button][\/et_pb_column][\/et_pb_row][\/et_pb_section]\n","protected":false},"excerpt":{"rendered":"<p>PIXELLOT SHOW A &#8222;set-and-forget&#8221; sportk\u00f6zvet\u00edt\u00e9si szolg\u00e1ltat\u00e1s, amely t\u00f6k\u00e9letes minden szint\u0171 csapat sz\u00e1m\u00e1ra.A VEZET\u0150 END-TO-END AI-AUTOMATIZ\u00c1LT tartalomk\u00e9sz\u00edt\u0151 MEGOLD\u00c1S A PIACON Egyszer\u0171en k\u00f6zvet\u00edtsen automatikusan k\u00f6vetett sportfelv\u00e9teleket szurkol\u00f3inak, j\u00e1t\u00e9kosainak \u00e9s az edz\u0151knek &#8211; \u00e9l\u0151ben \u00e9s ig\u00e9ny szerint. A Pixellot minim\u00e1lisra cs\u00f6kkenti\u00a0 a gy\u00e1rt\u00e1si k\u00f6lts\u00e9geket: lehet\u0151v\u00e9 teszi a kluboknak, iskol\u00e1knak, sz\u00f6vets\u00e9geknek, m\u00e9diaplatformoknak \u00e9s helysz\u00edneknek, hogy automatikusan \u00e9l\u0151 sportk\u00f6zvet\u00edt\u00e9seket k\u00e9sz\u00edtsen, [&hellip;]<\/p>\n","protected":false},"author":2,"featured_media":0,"parent":0,"menu_order":0,"comment_status":"closed","ping_status":"closed","template":"","meta":{"_et_pb_use_builder":"on","_et_pb_old_content":"","_et_gb_content_width":"","footnotes":""},"class_list":["post-130","page","type-page","status-publish","hentry"],"yoast_head":"<!-- This site is optimized with the Yoast SEO Premium plugin v27.5 (Yoast SEO v27.5) - https:\/\/yoast.com\/product\/yoast-seo-premium-wordpress\/ -->\n<title>Pixellot Show (Streaming) - RingSport<\/title>\n<meta name=\"description\" content=\"A Pixellot Show egy teljes funkcionalit\u00e1s\u00fa \u00e9l\u0151 k\u00f6zvet\u00edt\u00e9si vide\u00f3 megold\u00e1s a sport sz\u00e1m\u00e1ra, hat\u00e9kony eszk\u00f6z\u00f6kkel a szurkol\u00f3k bevon\u00e1s\u00e1hoz \u00e9s a p\u00e9nzszerz\u00e9shez!\" \/>\n<meta name=\"robots\" content=\"index, follow, max-snippet:-1, max-image-preview:large, max-video-preview:-1\" \/>\n<link rel=\"canonical\" href=\"https:\/\/ringsport.hu\/index.php\/pixellot-show\/\" \/>\n<meta property=\"og:locale\" content=\"hu_HU\" \/>\n<meta property=\"og:type\" content=\"article\" \/>\n<meta property=\"og:title\" content=\"Pixellot Show (Streaming)\" \/>\n<meta property=\"og:description\" content=\"A Pixellot Show egy teljes funkcionalit\u00e1s\u00fa \u00e9l\u0151 k\u00f6zvet\u00edt\u00e9si vide\u00f3 megold\u00e1s a sport sz\u00e1m\u00e1ra, hat\u00e9kony eszk\u00f6z\u00f6kkel a szurkol\u00f3k bevon\u00e1s\u00e1hoz \u00e9s a p\u00e9nzszerz\u00e9shez!\" \/>\n<meta property=\"og:url\" content=\"https:\/\/ringsport.hu\/index.php\/pixellot-show\/\" \/>\n<meta property=\"og:site_name\" content=\"RingSport\" \/>\n<meta property=\"article:modified_time\" content=\"2024-02-28T15:36:04+00:00\" \/>\n<meta name=\"twitter:card\" content=\"summary_large_image\" \/>\n<meta name=\"twitter:label1\" content=\"Becs\u00fclt olvas\u00e1si id\u0151\" \/>\n\t<meta name=\"twitter:data1\" content=\"5 perc\" \/>\n<script type=\"application\/ld+json\" class=\"yoast-schema-graph\">{\"@context\":\"https:\\\/\\\/schema.org\",\"@graph\":[{\"@type\":\"WebPage\",\"@id\":\"https:\\\/\\\/ringsport.hu\\\/index.php\\\/pixellot-show\\\/\",\"url\":\"https:\\\/\\\/ringsport.hu\\\/index.php\\\/pixellot-show\\\/\",\"name\":\"Pixellot Show (Streaming) - RingSport\",\"isPartOf\":{\"@id\":\"https:\\\/\\\/ringsport.hu\\\/#website\"},\"datePublished\":\"2024-01-03T13:19:38+00:00\",\"dateModified\":\"2024-02-28T15:36:04+00:00\",\"description\":\"A Pixellot Show egy teljes funkcionalit\u00e1s\u00fa \u00e9l\u0151 k\u00f6zvet\u00edt\u00e9si vide\u00f3 megold\u00e1s a sport sz\u00e1m\u00e1ra, hat\u00e9kony eszk\u00f6z\u00f6kkel a szurkol\u00f3k bevon\u00e1s\u00e1hoz \u00e9s a p\u00e9nzszerz\u00e9shez!\",\"breadcrumb\":{\"@id\":\"https:\\\/\\\/ringsport.hu\\\/index.php\\\/pixellot-show\\\/#breadcrumb\"},\"inLanguage\":\"hu\",\"potentialAction\":[{\"@type\":\"ReadAction\",\"target\":[\"https:\\\/\\\/ringsport.hu\\\/index.php\\\/pixellot-show\\\/\"]}]},{\"@type\":\"BreadcrumbList\",\"@id\":\"https:\\\/\\\/ringsport.hu\\\/index.php\\\/pixellot-show\\\/#breadcrumb\",\"itemListElement\":[{\"@type\":\"ListItem\",\"position\":1,\"name\":\"Kezd\u0151lap\",\"item\":\"https:\\\/\\\/ringsport.hu\\\/\"},{\"@type\":\"ListItem\",\"position\":2,\"name\":\"Pixellot Show (Streaming)\"}]},{\"@type\":\"WebSite\",\"@id\":\"https:\\\/\\\/ringsport.hu\\\/#website\",\"url\":\"https:\\\/\\\/ringsport.hu\\\/\",\"name\":\"RingSport\",\"description\":\"AI-automatiz\u00e1lt sportkamera \u00e9s elemz\u00e9sek\",\"publisher\":{\"@id\":\"https:\\\/\\\/ringsport.hu\\\/#organization\"},\"potentialAction\":[{\"@type\":\"SearchAction\",\"target\":{\"@type\":\"EntryPoint\",\"urlTemplate\":\"https:\\\/\\\/ringsport.hu\\\/?s={search_term_string}\"},\"query-input\":{\"@type\":\"PropertyValueSpecification\",\"valueRequired\":true,\"valueName\":\"search_term_string\"}}],\"inLanguage\":\"hu\"},{\"@type\":\"Organization\",\"@id\":\"https:\\\/\\\/ringsport.hu\\\/#organization\",\"name\":\"RingSport\",\"url\":\"https:\\\/\\\/ringsport.hu\\\/\",\"logo\":{\"@type\":\"ImageObject\",\"inLanguage\":\"hu\",\"@id\":\"https:\\\/\\\/ringsport.hu\\\/#\\\/schema\\\/logo\\\/image\\\/\",\"url\":\"https:\\\/\\\/ringsport.hu\\\/wp-content\\\/uploads\\\/2024\\\/01\\\/RingSport-logo.png\",\"contentUrl\":\"https:\\\/\\\/ringsport.hu\\\/wp-content\\\/uploads\\\/2024\\\/01\\\/RingSport-logo.png\",\"width\":1567,\"height\":182,\"caption\":\"RingSport\"},\"image\":{\"@id\":\"https:\\\/\\\/ringsport.hu\\\/#\\\/schema\\\/logo\\\/image\\\/\"}}]}<\/script>\n<!-- \/ Yoast SEO Premium plugin. -->","yoast_head_json":{"title":"Pixellot Show (Streaming) - RingSport","description":"A Pixellot Show egy teljes funkcionalit\u00e1s\u00fa \u00e9l\u0151 k\u00f6zvet\u00edt\u00e9si vide\u00f3 megold\u00e1s a sport sz\u00e1m\u00e1ra, hat\u00e9kony eszk\u00f6z\u00f6kkel a szurkol\u00f3k bevon\u00e1s\u00e1hoz \u00e9s a p\u00e9nzszerz\u00e9shez!","robots":{"index":"index","follow":"follow","max-snippet":"max-snippet:-1","max-image-preview":"max-image-preview:large","max-video-preview":"max-video-preview:-1"},"canonical":"https:\/\/ringsport.hu\/index.php\/pixellot-show\/","og_locale":"hu_HU","og_type":"article","og_title":"Pixellot Show (Streaming)","og_description":"A Pixellot Show egy teljes funkcionalit\u00e1s\u00fa \u00e9l\u0151 k\u00f6zvet\u00edt\u00e9si vide\u00f3 megold\u00e1s a sport sz\u00e1m\u00e1ra, hat\u00e9kony eszk\u00f6z\u00f6kkel a szurkol\u00f3k bevon\u00e1s\u00e1hoz \u00e9s a p\u00e9nzszerz\u00e9shez!","og_url":"https:\/\/ringsport.hu\/index.php\/pixellot-show\/","og_site_name":"RingSport","article_modified_time":"2024-02-28T15:36:04+00:00","twitter_card":"summary_large_image","twitter_misc":{"Becs\u00fclt olvas\u00e1si id\u0151":"5 perc"},"schema":{"@context":"https:\/\/schema.org","@graph":[{"@type":"WebPage","@id":"https:\/\/ringsport.hu\/index.php\/pixellot-show\/","url":"https:\/\/ringsport.hu\/index.php\/pixellot-show\/","name":"Pixellot Show (Streaming) - RingSport","isPartOf":{"@id":"https:\/\/ringsport.hu\/#website"},"datePublished":"2024-01-03T13:19:38+00:00","dateModified":"2024-02-28T15:36:04+00:00","description":"A Pixellot Show egy teljes funkcionalit\u00e1s\u00fa \u00e9l\u0151 k\u00f6zvet\u00edt\u00e9si vide\u00f3 megold\u00e1s a sport sz\u00e1m\u00e1ra, hat\u00e9kony eszk\u00f6z\u00f6kkel a szurkol\u00f3k bevon\u00e1s\u00e1hoz \u00e9s a p\u00e9nzszerz\u00e9shez!","breadcrumb":{"@id":"https:\/\/ringsport.hu\/index.php\/pixellot-show\/#breadcrumb"},"inLanguage":"hu","potentialAction":[{"@type":"ReadAction","target":["https:\/\/ringsport.hu\/index.php\/pixellot-show\/"]}]},{"@type":"BreadcrumbList","@id":"https:\/\/ringsport.hu\/index.php\/pixellot-show\/#breadcrumb","itemListElement":[{"@type":"ListItem","position":1,"name":"Kezd\u0151lap","item":"https:\/\/ringsport.hu\/"},{"@type":"ListItem","position":2,"name":"Pixellot Show (Streaming)"}]},{"@type":"WebSite","@id":"https:\/\/ringsport.hu\/#website","url":"https:\/\/ringsport.hu\/","name":"RingSport","description":"AI-automatiz\u00e1lt sportkamera \u00e9s elemz\u00e9sek","publisher":{"@id":"https:\/\/ringsport.hu\/#organization"},"potentialAction":[{"@type":"SearchAction","target":{"@type":"EntryPoint","urlTemplate":"https:\/\/ringsport.hu\/?s={search_term_string}"},"query-input":{"@type":"PropertyValueSpecification","valueRequired":true,"valueName":"search_term_string"}}],"inLanguage":"hu"},{"@type":"Organization","@id":"https:\/\/ringsport.hu\/#organization","name":"RingSport","url":"https:\/\/ringsport.hu\/","logo":{"@type":"ImageObject","inLanguage":"hu","@id":"https:\/\/ringsport.hu\/#\/schema\/logo\/image\/","url":"https:\/\/ringsport.hu\/wp-content\/uploads\/2024\/01\/RingSport-logo.png","contentUrl":"https:\/\/ringsport.hu\/wp-content\/uploads\/2024\/01\/RingSport-logo.png","width":1567,"height":182,"caption":"RingSport"},"image":{"@id":"https:\/\/ringsport.hu\/#\/schema\/logo\/image\/"}}]}},"_links":{"self":[{"href":"https:\/\/ringsport.hu\/index.php\/wp-json\/wp\/v2\/pages\/130","targetHints":{"allow":["GET"]}}],"collection":[{"href":"https:\/\/ringsport.hu\/index.php\/wp-json\/wp\/v2\/pages"}],"about":[{"href":"https:\/\/ringsport.hu\/index.php\/wp-json\/wp\/v2\/types\/page"}],"author":[{"embeddable":true,"href":"https:\/\/ringsport.hu\/index.php\/wp-json\/wp\/v2\/users\/2"}],"replies":[{"embeddable":true,"href":"https:\/\/ringsport.hu\/index.php\/wp-json\/wp\/v2\/comments?post=130"}],"version-history":[{"count":24,"href":"https:\/\/ringsport.hu\/index.php\/wp-json\/wp\/v2\/pages\/130\/revisions"}],"predecessor-version":[{"id":789,"href":"https:\/\/ringsport.hu\/index.php\/wp-json\/wp\/v2\/pages\/130\/revisions\/789"}],"wp:attachment":[{"href":"https:\/\/ringsport.hu\/index.php\/wp-json\/wp\/v2\/media?parent=130"}],"curies":[{"name":"wp","href":"https:\/\/api.w.org\/{rel}","templated":true}]}}