{"id":138,"date":"2024-01-03T14:00:56","date_gmt":"2024-01-03T14:00:56","guid":{"rendered":"https:\/\/ringsport.hu\/?page_id=138"},"modified":"2024-04-22T10:56:31","modified_gmt":"2024-04-22T10:56:31","slug":"pixellot-air-portable","status":"publish","type":"page","link":"https:\/\/ringsport.hu\/index.php\/pixellot-air-portable\/","title":{"rendered":"Pixellot AIR (Portable)"},"content":{"rendered":"<p>[et_pb_section fb_built=&#8221;1&#8243; _builder_version=&#8221;4.24.0&#8243; _module_preset=&#8221;default&#8221; background_video_mp4=&#8221;https:\/\/ringsport.hu\/wp-content\/uploads\/2024\/01\/Pixellot-Air-rovid.mp4&#8243; custom_margin=&#8221;-15px||||false|false&#8221; global_colors_info=&#8221;{}&#8221;][et_pb_row _builder_version=&#8221;4.24.0&#8243; _module_preset=&#8221;default&#8221; background_color=&#8221;RGBA(255,255,255,0)&#8221; global_colors_info=&#8221;{}&#8221;][et_pb_column type=&#8221;4_4&#8243; _builder_version=&#8221;4.23.4&#8243; _module_preset=&#8221;default&#8221; global_colors_info=&#8221;{}&#8221;][et_pb_slider use_bg_overlay=&#8221;on&#8221; _builder_version=&#8221;4.24.0&#8243; _module_preset=&#8221;default&#8221; header_font=&#8221;|700||on|||||&#8221; body_line_height=&#8221;1.1em&#8221; background_color=&#8221;RGBA(255,255,255,0)&#8221; background_enable_image=&#8221;off&#8221; global_colors_info=&#8221;{}&#8221;][et_pb_slide heading=&#8221;PIXELLOT AIR&#8221; button_text=&#8221;\u00cdrj nek\u00fcnk&#8221; button_link=&#8221;https:\/\/ringsport.hu\/index.php\/kapcsolat\/&#8221; _builder_version=&#8221;4.24.0&#8243; _module_preset=&#8221;default&#8221; header_font_size=&#8221;60px&#8221; body_font_size=&#8221;24px&#8221; custom_button=&#8221;on&#8221; button_text_size=&#8221;20px&#8221; button_border_width=&#8221;2px&#8221; button_border_radius=&#8221;7px&#8221; button_font=&#8221;|700|||||||&#8221; button_use_icon=&#8221;off&#8221; global_colors_info=&#8221;{}&#8221; sticky_transition=&#8221;on&#8221;]<\/p>\n<p>Streamelj, Analiz\u00e1lj \u00e9s Oszd Meg Minden M\u00e9rk\u0151z\u00e9st Automatikusan! Egy kifinomult, ugyanakkor egyszer\u0171en haszn\u00e1lhat\u00f3 kamera, amely lehet\u0151v\u00e9 teszi a sportakad\u00e9mi\u00e1k sz\u00e1m\u00e1ra, hogy kiv\u00e1l\u00f3 teljes\u00edtm\u00e9nyt ny\u00fajtsanak!<\/p>\n<p>[\/et_pb_slide][\/et_pb_slider][\/et_pb_column][\/et_pb_row][\/et_pb_section][et_pb_section fb_built=&#8221;1&#8243; _builder_version=&#8221;4.23.4&#8243; _module_preset=&#8221;default&#8221; global_colors_info=&#8221;{}&#8221;][et_pb_row _builder_version=&#8221;4.23.4&#8243; _module_preset=&#8221;default&#8221; global_colors_info=&#8221;{}&#8221;][et_pb_column type=&#8221;4_4&#8243; _builder_version=&#8221;4.23.4&#8243; _module_preset=&#8221;default&#8221; global_colors_info=&#8221;{}&#8221;][et_pb_text _builder_version=&#8221;4.24.0&#8243; _module_preset=&#8221;default&#8221; text_font=&#8221;||||||||&#8221; text_font_size=&#8221;16px&#8221; header_2_font=&#8221;|700||on|||||&#8221; header_2_font_size=&#8221;40px&#8221; header_2_line_height=&#8221;1.1em&#8221; global_colors_info=&#8221;{}&#8221;]<\/p>\n<h2>MOBIL MEGOLD\u00c1S az \u00c9L\u0150 K\u00d6ZVET\u00cdT\u00c9SHEZ, ELEMZ\u00c9SHEZ \u00e9s \u00e9rt\u00e9kel\u00e9shez<\/h2>\n<p>A Pixellot megfizethet\u0151 \u00e9s k\u00f6nny\u0171 sportvideokamer\u00e1ja minden m\u00e9rk\u0151z\u00e9st \u00e9s edz\u00e9st automatikusan nyomon k\u00f6vet, k\u00f6zvet\u00edt \u00e9s r\u00f6gz\u00edt! Mostant\u00f3l az akad\u00e9mi\u00e1k \u00e9s a grassroots csapatok is r\u00f6gz\u00edthetnek \u00e9s elemezhetnek minden mozdulatot a vil\u00e1g elit klubjai \u00e1ltal alkalmazott \u00e9s t\u00f6k\u00e9letes\u00edtett vide\u00f3elemz\u0151 eszk\u00f6z\u00f6kkel.<\/p>\n<p>[\/et_pb_text][\/et_pb_column][\/et_pb_row][\/et_pb_section][et_pb_section fb_built=&#8221;1&#8243; _builder_version=&#8221;4.24.0&#8243; _module_preset=&#8221;default&#8221; background_enable_color=&#8221;off&#8221; background_enable_image=&#8221;off&#8221; background_blend=&#8221;overlay&#8221; min_height=&#8221;600px&#8221; mix_blend_mode=&#8221;overlay&#8221; locked=&#8221;off&#8221; global_colors_info=&#8221;{}&#8221;][et_pb_row column_structure=&#8221;1_2,1_2&#8243; _builder_version=&#8221;4.24.2&#8243; _module_preset=&#8221;default&#8221; custom_margin=&#8221;-90px||||false|false&#8221; global_colors_info=&#8221;{}&#8221;][et_pb_column type=&#8221;1_2&#8243; _builder_version=&#8221;4.24.0&#8243; _module_preset=&#8221;default&#8221; global_colors_info=&#8221;{}&#8221;][et_pb_text _builder_version=&#8221;4.25.0&#8243; _module_preset=&#8221;default&#8221; text_text_color=&#8221;#000000&#8243; text_font_size=&#8221;16px&#8221; text_line_height=&#8221;1.3em&#8221; header_2_font=&#8221;|700||on|||||&#8221; header_2_text_color=&#8221;#000000&#8243; header_2_font_size=&#8221;40px&#8221; header_2_line_height=&#8221;1.1em&#8221; max_width=&#8221;92%&#8221; custom_margin=&#8221;40px||||false|false&#8221; hover_enabled=&#8221;0&#8243; global_colors_info=&#8221;{}&#8221; sticky_enabled=&#8221;0&#8243;]<\/p>\n<h2>CSAK\u00daGY, MINT AZ ELIT KLUBOK<\/h2>\n<p>A Pixellot rendszer egy hordozhat\u00f3 \u00e9s k\u00f6nny\u0171, mesters\u00e9ges intelligencia \u00e1ltal automatiz\u00e1lt kamer\u00e1t tartalmaz, amely az eg\u00e9sz p\u00e1ly\u00e1t r\u00f6gz\u00edti, \u00e9s automatikusan k\u00f6veti \u00e9s k\u00f6zvet\u00edti a j\u00e1t\u00e9kot, an\u00e9lk\u00fcl, hogy vide\u00f3s oper\u00e1torra lenne sz\u00fcks\u00e9g.<\/p>\n<p>A m\u00e9rk\u0151z\u00e9s vagy edz\u00e9s ut\u00e1n a vide\u00f3t a Pixellot alkalmaz\u00e1son kereszt\u00fcl lehet k\u00f3dolni, c\u00edmk\u00e9zni \u00e9s megjegyz\u00e9sekkel ell\u00e1tni. Nincs sz\u00fcks\u00e9g tov\u00e1bbi harmadik f\u00e9lt\u0151l sz\u00e1rmaz\u00f3 elemz\u0151 \u00e9s k\u00f3dol\u00f3 platformokra. Az alapos \u00e1ttekint\u00e9shez teljes vide\u00f3bont\u00e1st (j\u00e1t\u00e9k\/gyakorlat) \u00e9s r\u00e9szletes csapat- \u00e9s j\u00e1t\u00e9koselemz\u00e9st k\u00edn\u00e1lunk, hogy versenyel\u0151nyre tegyen szert, ak\u00e1rcsak a profik. A Pixellot Air a t\u00f6k\u00e9letes sportkamera minden j\u00e1t\u00e9k nyomon k\u00f6vet\u00e9s\u00e9hez \u00e9s r\u00f6gz\u00edt\u00e9s\u00e9hez.<\/p>\n<p>[\/et_pb_text][\/et_pb_column][et_pb_column type=&#8221;1_2&#8243; _builder_version=&#8221;4.24.0&#8243; _module_preset=&#8221;default&#8221; global_colors_info=&#8221;{}&#8221;][et_pb_image src=&#8221;https:\/\/ringsport.hu\/wp-content\/uploads\/2024\/01\/Pixellot_Air2.webp&#8221; title_text=&#8221;Pixellot_Air2&#8243; _builder_version=&#8221;4.24.2&#8243; _module_preset=&#8221;default&#8221; max_height=&#8221;500px&#8221; global_colors_info=&#8221;{}&#8221;][\/et_pb_image][\/et_pb_column][\/et_pb_row][\/et_pb_section][et_pb_section fb_built=&#8221;1&#8243; _builder_version=&#8221;4.24.2&#8243; _module_preset=&#8221;default&#8221; custom_margin=&#8221;-65px||||false|false&#8221; global_colors_info=&#8221;{}&#8221;][et_pb_row _builder_version=&#8221;4.24.0&#8243; _module_preset=&#8221;default&#8221; global_colors_info=&#8221;{}&#8221;][et_pb_column type=&#8221;4_4&#8243; _builder_version=&#8221;4.24.0&#8243; _module_preset=&#8221;default&#8221; global_colors_info=&#8221;{}&#8221;][et_pb_text _builder_version=&#8221;4.24.0&#8243; _module_preset=&#8221;default&#8221; header_2_font=&#8221;|700||on|||||&#8221; header_2_text_align=&#8221;center&#8221; header_2_font_size=&#8221;40px&#8221; global_colors_info=&#8221;{}&#8221;]<\/p>\n<h2>VALAMI \u00daJ VAN A LEVEG\u0150BEN<\/h2>\n<p>[\/et_pb_text][\/et_pb_column][\/et_pb_row][et_pb_row column_structure=&#8221;1_3,1_3,1_3&#8243; _builder_version=&#8221;4.24.0&#8243; _module_preset=&#8221;default&#8221; global_colors_info=&#8221;{}&#8221;][et_pb_column type=&#8221;1_3&#8243; _builder_version=&#8221;4.24.0&#8243; _module_preset=&#8221;default&#8221; global_colors_info=&#8221;{}&#8221;][et_pb_blurb title=&#8221;K\u00f6nny\u0171 \u00e9s hordozhat\u00f3 &#8211; 2 kg-n\u00e1l kevesebb&#8221; image=&#8221;https:\/\/ringsport.hu\/wp-content\/uploads\/2024\/01\/automata-icon.png&#8221; _builder_version=&#8221;4.24.0&#8243; _module_preset=&#8221;default&#8221; header_text_align=&#8221;center&#8221; animation=&#8221;off&#8221; global_colors_info=&#8221;{}&#8221;][\/et_pb_blurb][et_pb_blurb title=&#8221;2X4K sz\u00e9les l\u00e1t\u00f3sz\u00f6g\u0171 akci\u00f3kamera&#8221; image=&#8221;https:\/\/ringsport.hu\/wp-content\/uploads\/2024\/01\/Feed-icon.png&#8221; _builder_version=&#8221;4.24.0&#8243; _module_preset=&#8221;default&#8221; header_text_align=&#8221;center&#8221; animation=&#8221;off&#8221; locked=&#8221;off&#8221; global_colors_info=&#8221;{}&#8221;][\/et_pb_blurb][\/et_pb_column][et_pb_column type=&#8221;1_3&#8243; _builder_version=&#8221;4.24.0&#8243; _module_preset=&#8221;default&#8221; global_colors_info=&#8221;{}&#8221;][et_pb_blurb title=&#8221;Automatikus AI vez\u00e9relt oper\u00e1tor n\u00e9lk\u00fcli \u00fczemel\u00e9s&#8221; image=&#8221;https:\/\/ringsport.hu\/wp-content\/uploads\/2024\/01\/FullHD-icon.png&#8221; _builder_version=&#8221;4.25.0&#8243; _module_preset=&#8221;default&#8221; header_text_align=&#8221;center&#8221; animation=&#8221;off&#8221; hover_enabled=&#8221;0&#8243; locked=&#8221;off&#8221; global_colors_info=&#8221;{}&#8221; sticky_enabled=&#8221;0&#8243;][\/et_pb_blurb][et_pb_blurb title=&#8221;Bels\u0151 \u00fajrat\u00f6lthet\u0151, hat \u00f3r\u00e1s akkumul\u00e1tor&#8221; image=&#8221;https:\/\/ringsport.hu\/wp-content\/uploads\/2024\/01\/aqu-icon.png&#8221; _builder_version=&#8221;4.24.0&#8243; _module_preset=&#8221;default&#8221; header_text_align=&#8221;center&#8221; animation=&#8221;off&#8221; locked=&#8221;off&#8221; global_colors_info=&#8221;{}&#8221;][\/et_pb_blurb][\/et_pb_column][et_pb_column type=&#8221;1_3&#8243; _builder_version=&#8221;4.24.0&#8243; _module_preset=&#8221;default&#8221; global_colors_info=&#8221;{}&#8221;][et_pb_blurb title=&#8221;Fejlett coaching eszk\u00f6z\u00f6k&#8221; image=&#8221;https:\/\/ringsport.hu\/wp-content\/uploads\/2024\/01\/coaching-icon.png&#8221; _builder_version=&#8221;4.24.0&#8243; _module_preset=&#8221;default&#8221; header_text_align=&#8221;center&#8221; animation=&#8221;off&#8221; locked=&#8221;off&#8221; global_colors_info=&#8221;{}&#8221;][\/et_pb_blurb][et_pb_blurb title=&#8221;Bel- \u00e9s k\u00fclt\u00e9ri haszn\u00e1latra&#8221; image=&#8221;https:\/\/ringsport.hu\/wp-content\/uploads\/2024\/01\/Tobb-kamera-icom.png&#8221; _builder_version=&#8221;4.24.0&#8243; _module_preset=&#8221;default&#8221; header_text_align=&#8221;center&#8221; animation=&#8221;off&#8221; locked=&#8221;off&#8221; global_colors_info=&#8221;{}&#8221;][\/et_pb_blurb][\/et_pb_column][\/et_pb_row][\/et_pb_section][et_pb_section fb_built=&#8221;1&#8243; _builder_version=&#8221;4.24.0&#8243; _module_preset=&#8221;default&#8221; global_colors_info=&#8221;{}&#8221;][et_pb_row _builder_version=&#8221;4.24.0&#8243; _module_preset=&#8221;default&#8221; global_colors_info=&#8221;{}&#8221;][et_pb_column type=&#8221;4_4&#8243; _builder_version=&#8221;4.24.0&#8243; _module_preset=&#8221;default&#8221; global_colors_info=&#8221;{}&#8221;][et_pb_text _builder_version=&#8221;4.24.0&#8243; _module_preset=&#8221;default&#8221; text_font=&#8221;|700||on|||||&#8221; text_font_size=&#8221;40px&#8221; text_line_height=&#8221;1.1em&#8221; header_font=&#8221;|||on|||||&#8221; header_font_size=&#8221;40px&#8221; header_2_font=&#8221;|700||on|||||&#8221; header_2_text_align=&#8221;center&#8221; header_2_font_size=&#8221;40px&#8221; global_colors_info=&#8221;{}&#8221;]<\/p>\n<h2>AZ ESZK\u00d6Z\u00d6K, AMIKRE SZ\u00dcKS\u00c9GED VAN, HOGY A CS\u00daCSRA \u00c9RJ<\/h2>\n<p><span><\/span><\/p>\n<p>[\/et_pb_text][\/et_pb_column][\/et_pb_row][et_pb_row column_structure=&#8221;1_2,1_2&#8243; _builder_version=&#8221;4.24.0&#8243; _module_preset=&#8221;default&#8221; global_colors_info=&#8221;{}&#8221;][et_pb_column type=&#8221;1_2&#8243; _builder_version=&#8221;4.24.0&#8243; _module_preset=&#8221;default&#8221; global_colors_info=&#8221;{}&#8221;][et_pb_blurb title=&#8221;Teljes k\u00f6r\u0171 vide\u00f3s megold\u00e1s&#8221; image=&#8221;https:\/\/ringsport.hu\/wp-content\/uploads\/2024\/03\/Pixellot-AIR-setup.webp&#8221; alt=&#8221;Pixellot AIR setup&#8221; _builder_version=&#8221;4.24.2&#8243; _module_preset=&#8221;default&#8221; header_font=&#8221;|||on|||||&#8221; animation=&#8221;off&#8221; global_colors_info=&#8221;{}&#8221;]<\/p>\n<p><span>A vil\u00e1g elit klubjai a Pixellot vide\u00f3s megold\u00e1s\u00e1ra t\u00e1maszkodnak a csapat k\u00e9pz\u00e9s\u00e9ben, a teljes\u00edtm\u00e9ny figyelemmel k\u00eds\u00e9r\u00e9s\u00e9ben \u00e9s az eredm\u00e9nyek jav\u00edt\u00e1s\u00e1ban. T\u00f6bb \u00e9ves fejleszt\u00e9s \u00e9s szakmai tapasztalat alapj\u00e1n a Pixellot innovat\u00edv, teljes k\u00f6r\u0171 vide\u00f3megold\u00e1st k\u00edn\u00e1l akad\u00e9mi\u00e1k \u00e9s az alacsonyabb szint\u0171 egyes\u00fcletek sz\u00e1m\u00e1ra.<\/span><\/p>\n<p>[\/et_pb_blurb][et_pb_blurb title=&#8221;Minden mozdulat k\u00f3dolhat\u00f3&#8221; image=&#8221;https:\/\/ringsport.hu\/wp-content\/uploads\/2024\/01\/C0025T01-e1596979820362.jpg&#8221; _builder_version=&#8221;4.24.2&#8243; _module_preset=&#8221;default&#8221; header_font=&#8221;|||on|||||&#8221; animation=&#8221;off&#8221; global_colors_info=&#8221;{}&#8221;]<\/p>\n<p><span>A streamelt \u00e9s r\u00f6gz\u00edtett vide\u00f3k k\u00f3dolhat\u00f3k, c\u00edmk\u00e9zhet\u0151k \u00e9s megjegyz\u00e9sekkel is ell\u00e1that\u00f3k a Pixellot alkalmaz\u00e1sban. Nincs sz\u00fcks\u00e9g tov\u00e1bbi, harmadik f\u00e9lt\u0151l sz\u00e1rmaz\u00f3 elemz\u00e9si \u00e9s k\u00f3dol\u00e1si platformokra.<\/span><\/p>\n<p>[\/et_pb_blurb][et_pb_blurb title=&#8221;Teljes P\u00e1lya Taktikai N\u00e9zet&#8221; image=&#8221;https:\/\/ringsport.hu\/wp-content\/uploads\/2024\/01\/nezet-e1706629168561.png&#8221; _builder_version=&#8221;4.24.0&#8243; _module_preset=&#8221;default&#8221; header_font=&#8221;|||on|||||&#8221; animation=&#8221;off&#8221; global_colors_info=&#8221;{}&#8221;]<\/p>\n<p><span>Az egyetlen megold\u00e1s, amely taktikai n\u00e9zetet k\u00edn\u00e1l az \u00f6sszes j\u00e1t\u00e9kosr\u00f3l a p\u00e1ly\u00e1n, \u00e9s lehet\u0151v\u00e9 teszi a j\u00e1t\u00e9k let\u00f6lt\u00e9s\u00e9t a csapat \u00e9s a j\u00e1t\u00e9kosok m\u00e9lyrehat\u00f3 elemz\u00e9s\u00e9hez, bele\u00e9rtve az analitik\u00e1t, adatvizualiz\u00e1ci\u00f3t \u00e9s l\u00f6v\u00e9si diagramokat.<\/span><\/p>\n<p>[\/et_pb_blurb][\/et_pb_column][et_pb_column type=&#8221;1_2&#8243; _builder_version=&#8221;4.24.0&#8243; _module_preset=&#8221;default&#8221; global_colors_info=&#8221;{}&#8221;][et_pb_blurb title=&#8221;Egyszer\u0171 \u00e9s k\u00f6nnyen be\u00e1ll\u00edthat\u00f3&#8221; image=&#8221;https:\/\/ringsport.hu\/wp-content\/uploads\/2024\/03\/Pixellot-AIR-full.jpg&#8221; alt=&#8221;Pixellot AIR set&#8221; icon_alignment=&#8221;left&#8221; _builder_version=&#8221;4.25.0&#8243; _module_preset=&#8221;default&#8221; header_font=&#8221;|||on|||||&#8221; animation=&#8221;off&#8221; hover_enabled=&#8221;0&#8243; locked=&#8221;off&#8221; global_colors_info=&#8221;{}&#8221; sticky_enabled=&#8221;0&#8243;]<\/p>\n<p><span>A Pixellot rendszer egy hordozhat\u00f3 \u00e9s k\u00f6nny\u0171, akkumul\u00e1torral m\u0171k\u00f6d\u0151 kamer\u00e1t tartalmaz, amely a felez\u0151vonalon van elhelyezve. A Pixellot automatikusan k\u00f6veti \u00e9s k\u00f6zvet\u00edti az esem\u00e9nyeket a p\u00e1ly\u00e1n, \u00e9s lehet\u0151v\u00e9 teszi az edz\u0151k sz\u00e1m\u00e1ra, hogy megossz\u00e1k \u00e9s elemezz\u00e9k a j\u00e1t\u00e9kot.<\/span><\/p>\n<p>[\/et_pb_blurb][et_pb_blurb title=&#8221;Elemz\u00e9s \u00e9s Analitika&#8221; image=&#8221;https:\/\/ringsport.hu\/wp-content\/uploads\/2024\/01\/elemzes-e1706629312853.png&#8221; _builder_version=&#8221;4.24.0&#8243; _module_preset=&#8221;default&#8221; header_font=&#8221;|||on|||||&#8221; animation=&#8221;off&#8221; global_colors_info=&#8221;{}&#8221;]<\/p>\n<p><span>T\u00f6ltsd le \u00e9s elemezd a j\u00e1t\u00e9kot a Pixellot vide\u00f3analitikai platformj\u00e1val vagy b\u00e1rmely m\u00e1s piacon el\u00e9rhet\u0151 platformmal.<\/span><\/p>\n<p>[\/et_pb_blurb][\/et_pb_column][\/et_pb_row][\/et_pb_section][et_pb_section fb_built=&#8221;1&#8243; _builder_version=&#8221;4.24.0&#8243; _module_preset=&#8221;default&#8221; background_color=&#8221;rgba(0,0,0,0.36)&#8221; background_image=&#8221;https:\/\/ringsport.hu\/wp-content\/uploads\/2024\/01\/footer_air-1.webp&#8221; background_blend=&#8221;overlay&#8221; mix_blend_mode=&#8221;overlay&#8221; global_colors_info=&#8221;{}&#8221;][et_pb_row _builder_version=&#8221;4.24.0&#8243; _module_preset=&#8221;default&#8221; global_colors_info=&#8221;{}&#8221;][et_pb_column type=&#8221;4_4&#8243; _builder_version=&#8221;4.24.0&#8243; _module_preset=&#8221;default&#8221; global_colors_info=&#8221;{}&#8221;][et_pb_text _builder_version=&#8221;4.24.0&#8243; _module_preset=&#8221;default&#8221; header_2_font=&#8221;|700||on|||||&#8221; header_2_text_color=&#8221;#FFFFFF&#8221; header_2_font_size=&#8221;40px&#8221; global_colors_info=&#8221;{}&#8221;]<\/p>\n<h2 style=\"text-align: center;\">induljon a m\u0171sor<\/h2>\n<p>[\/et_pb_text][et_pb_button button_url=&#8221;https:\/\/ringsport.hu\/index.php\/kapcsolat\/&#8221; button_text=&#8221;\u00cdrj nek\u00fcnk&#8221; button_alignment=&#8221;center&#8221; _builder_version=&#8221;4.24.0&#8243; _module_preset=&#8221;default&#8221; custom_button=&#8221;on&#8221; button_text_size=&#8221;20px&#8221; button_text_color=&#8221;#FFFFFF&#8221; button_border_radius=&#8221;7px&#8221; button_font=&#8221;|700|||||||&#8221; button_use_icon=&#8221;off&#8221; global_colors_info=&#8221;{}&#8221;][\/et_pb_button][\/et_pb_column][\/et_pb_row][\/et_pb_section]<\/p>\n","protected":false},"excerpt":{"rendered":"<p>Streamelj, Analiz\u00e1lj \u00e9s Oszd Meg Minden M\u00e9rk\u0151z\u00e9st Automatikusan! Egy kifinomult, ugyanakkor egyszer\u0171en haszn\u00e1lhat\u00f3 kamera, amely lehet\u0151v\u00e9 teszi a sportakad\u00e9mi\u00e1k sz\u00e1m\u00e1ra, hogy kiv\u00e1l\u00f3 teljes\u00edtm\u00e9nyt ny\u00fajtsanak!MOBIL MEGOLD\u00c1S az \u00c9L\u0150 K\u00d6ZVET\u00cdT\u00c9SHEZ, ELEMZ\u00c9SHEZ \u00e9s \u00e9rt\u00e9kel\u00e9shez A Pixellot megfizethet\u0151 \u00e9s k\u00f6nny\u0171 sportvideokamer\u00e1ja minden m\u00e9rk\u0151z\u00e9st \u00e9s edz\u00e9st automatikusan nyomon k\u00f6vet, k\u00f6zvet\u00edt \u00e9s r\u00f6gz\u00edt! Mostant\u00f3l az akad\u00e9mi\u00e1k \u00e9s a grassroots csapatok is [&hellip;]<\/p>\n","protected":false},"author":2,"featured_media":0,"parent":0,"menu_order":0,"comment_status":"closed","ping_status":"closed","template":"","meta":{"_et_pb_use_builder":"on","_et_pb_old_content":"","_et_gb_content_width":"","footnotes":""},"class_list":["post-138","page","type-page","status-publish","hentry"],"yoast_head":"<!-- This site is optimized with the Yoast SEO Premium plugin v27.5 (Yoast SEO v27.5) - https:\/\/yoast.com\/product\/yoast-seo-premium-wordpress\/ -->\n<title>Pixellot AIR (Portable) - RingSport<\/title>\n<meta name=\"description\" content=\"MOBIL MEGOLD\u00c1S AZ \u00c9L\u0150 K\u00d6ZVET\u00cdT\u00c9SHEZ, ELEMZ\u00c9SHEZ \u00c9S \u00c9RT\u00c9KEL\u00c9SHEZA Pixellot AIR megfizethet\u0151 \u00e9s k\u00f6nny\u0171 sportvideokamer\u00e1ja minden m\u00e9rk\u0151z\u00e9st \u00e9s edz\u00e9st automatikusan nyomon k\u00f6vet, k\u00f6zvet\u00edt \u00e9s r\u00f6gz\u00edt!\" \/>\n<meta name=\"robots\" content=\"index, follow, max-snippet:-1, max-image-preview:large, max-video-preview:-1\" \/>\n<link rel=\"canonical\" href=\"https:\/\/ringsport.hu\/index.php\/pixellot-air-portable\/\" \/>\n<meta property=\"og:locale\" content=\"hu_HU\" \/>\n<meta property=\"og:type\" content=\"article\" \/>\n<meta property=\"og:title\" content=\"Pixellot AIR (Portable)\" \/>\n<meta property=\"og:description\" content=\"MOBIL MEGOLD\u00c1S AZ \u00c9L\u0150 K\u00d6ZVET\u00cdT\u00c9SHEZ, ELEMZ\u00c9SHEZ \u00c9S \u00c9RT\u00c9KEL\u00c9SHEZA Pixellot AIR megfizethet\u0151 \u00e9s k\u00f6nny\u0171 sportvideokamer\u00e1ja minden m\u00e9rk\u0151z\u00e9st \u00e9s edz\u00e9st automatikusan nyomon k\u00f6vet, k\u00f6zvet\u00edt \u00e9s r\u00f6gz\u00edt!\" \/>\n<meta property=\"og:url\" content=\"https:\/\/ringsport.hu\/index.php\/pixellot-air-portable\/\" \/>\n<meta property=\"og:site_name\" content=\"RingSport\" \/>\n<meta property=\"article:modified_time\" content=\"2024-04-22T10:56:31+00:00\" \/>\n<meta name=\"twitter:card\" content=\"summary_large_image\" \/>\n<meta name=\"twitter:label1\" content=\"Becs\u00fclt olvas\u00e1si id\u0151\" \/>\n\t<meta name=\"twitter:data1\" content=\"5 perc\" \/>\n<script type=\"application\/ld+json\" class=\"yoast-schema-graph\">{\"@context\":\"https:\\\/\\\/schema.org\",\"@graph\":[{\"@type\":\"WebPage\",\"@id\":\"https:\\\/\\\/ringsport.hu\\\/index.php\\\/pixellot-air-portable\\\/\",\"url\":\"https:\\\/\\\/ringsport.hu\\\/index.php\\\/pixellot-air-portable\\\/\",\"name\":\"Pixellot AIR (Portable) - RingSport\",\"isPartOf\":{\"@id\":\"https:\\\/\\\/ringsport.hu\\\/#website\"},\"datePublished\":\"2024-01-03T14:00:56+00:00\",\"dateModified\":\"2024-04-22T10:56:31+00:00\",\"description\":\"MOBIL MEGOLD\u00c1S AZ \u00c9L\u0150 K\u00d6ZVET\u00cdT\u00c9SHEZ, ELEMZ\u00c9SHEZ \u00c9S \u00c9RT\u00c9KEL\u00c9SHEZA Pixellot AIR megfizethet\u0151 \u00e9s k\u00f6nny\u0171 sportvideokamer\u00e1ja minden m\u00e9rk\u0151z\u00e9st \u00e9s edz\u00e9st automatikusan nyomon k\u00f6vet, k\u00f6zvet\u00edt \u00e9s r\u00f6gz\u00edt!\",\"breadcrumb\":{\"@id\":\"https:\\\/\\\/ringsport.hu\\\/index.php\\\/pixellot-air-portable\\\/#breadcrumb\"},\"inLanguage\":\"hu\",\"potentialAction\":[{\"@type\":\"ReadAction\",\"target\":[\"https:\\\/\\\/ringsport.hu\\\/index.php\\\/pixellot-air-portable\\\/\"]}]},{\"@type\":\"BreadcrumbList\",\"@id\":\"https:\\\/\\\/ringsport.hu\\\/index.php\\\/pixellot-air-portable\\\/#breadcrumb\",\"itemListElement\":[{\"@type\":\"ListItem\",\"position\":1,\"name\":\"Kezd\u0151lap\",\"item\":\"https:\\\/\\\/ringsport.hu\\\/\"},{\"@type\":\"ListItem\",\"position\":2,\"name\":\"Pixellot AIR (Portable)\"}]},{\"@type\":\"WebSite\",\"@id\":\"https:\\\/\\\/ringsport.hu\\\/#website\",\"url\":\"https:\\\/\\\/ringsport.hu\\\/\",\"name\":\"RingSport\",\"description\":\"AI-automatiz\u00e1lt sportkamera \u00e9s elemz\u00e9sek\",\"publisher\":{\"@id\":\"https:\\\/\\\/ringsport.hu\\\/#organization\"},\"potentialAction\":[{\"@type\":\"SearchAction\",\"target\":{\"@type\":\"EntryPoint\",\"urlTemplate\":\"https:\\\/\\\/ringsport.hu\\\/?s={search_term_string}\"},\"query-input\":{\"@type\":\"PropertyValueSpecification\",\"valueRequired\":true,\"valueName\":\"search_term_string\"}}],\"inLanguage\":\"hu\"},{\"@type\":\"Organization\",\"@id\":\"https:\\\/\\\/ringsport.hu\\\/#organization\",\"name\":\"RingSport\",\"url\":\"https:\\\/\\\/ringsport.hu\\\/\",\"logo\":{\"@type\":\"ImageObject\",\"inLanguage\":\"hu\",\"@id\":\"https:\\\/\\\/ringsport.hu\\\/#\\\/schema\\\/logo\\\/image\\\/\",\"url\":\"https:\\\/\\\/ringsport.hu\\\/wp-content\\\/uploads\\\/2024\\\/01\\\/RingSport-logo.png\",\"contentUrl\":\"https:\\\/\\\/ringsport.hu\\\/wp-content\\\/uploads\\\/2024\\\/01\\\/RingSport-logo.png\",\"width\":1567,\"height\":182,\"caption\":\"RingSport\"},\"image\":{\"@id\":\"https:\\\/\\\/ringsport.hu\\\/#\\\/schema\\\/logo\\\/image\\\/\"}}]}<\/script>\n<!-- \/ Yoast SEO Premium plugin. -->","yoast_head_json":{"title":"Pixellot AIR (Portable) - RingSport","description":"MOBIL MEGOLD\u00c1S AZ \u00c9L\u0150 K\u00d6ZVET\u00cdT\u00c9SHEZ, ELEMZ\u00c9SHEZ \u00c9S \u00c9RT\u00c9KEL\u00c9SHEZA Pixellot AIR megfizethet\u0151 \u00e9s k\u00f6nny\u0171 sportvideokamer\u00e1ja minden m\u00e9rk\u0151z\u00e9st \u00e9s edz\u00e9st automatikusan nyomon k\u00f6vet, k\u00f6zvet\u00edt \u00e9s r\u00f6gz\u00edt!","robots":{"index":"index","follow":"follow","max-snippet":"max-snippet:-1","max-image-preview":"max-image-preview:large","max-video-preview":"max-video-preview:-1"},"canonical":"https:\/\/ringsport.hu\/index.php\/pixellot-air-portable\/","og_locale":"hu_HU","og_type":"article","og_title":"Pixellot AIR (Portable)","og_description":"MOBIL MEGOLD\u00c1S AZ \u00c9L\u0150 K\u00d6ZVET\u00cdT\u00c9SHEZ, ELEMZ\u00c9SHEZ \u00c9S \u00c9RT\u00c9KEL\u00c9SHEZA Pixellot AIR megfizethet\u0151 \u00e9s k\u00f6nny\u0171 sportvideokamer\u00e1ja minden m\u00e9rk\u0151z\u00e9st \u00e9s edz\u00e9st automatikusan nyomon k\u00f6vet, k\u00f6zvet\u00edt \u00e9s r\u00f6gz\u00edt!","og_url":"https:\/\/ringsport.hu\/index.php\/pixellot-air-portable\/","og_site_name":"RingSport","article_modified_time":"2024-04-22T10:56:31+00:00","twitter_card":"summary_large_image","twitter_misc":{"Becs\u00fclt olvas\u00e1si id\u0151":"5 perc"},"schema":{"@context":"https:\/\/schema.org","@graph":[{"@type":"WebPage","@id":"https:\/\/ringsport.hu\/index.php\/pixellot-air-portable\/","url":"https:\/\/ringsport.hu\/index.php\/pixellot-air-portable\/","name":"Pixellot AIR (Portable) - RingSport","isPartOf":{"@id":"https:\/\/ringsport.hu\/#website"},"datePublished":"2024-01-03T14:00:56+00:00","dateModified":"2024-04-22T10:56:31+00:00","description":"MOBIL MEGOLD\u00c1S AZ \u00c9L\u0150 K\u00d6ZVET\u00cdT\u00c9SHEZ, ELEMZ\u00c9SHEZ \u00c9S \u00c9RT\u00c9KEL\u00c9SHEZA Pixellot AIR megfizethet\u0151 \u00e9s k\u00f6nny\u0171 sportvideokamer\u00e1ja minden m\u00e9rk\u0151z\u00e9st \u00e9s edz\u00e9st automatikusan nyomon k\u00f6vet, k\u00f6zvet\u00edt \u00e9s r\u00f6gz\u00edt!","breadcrumb":{"@id":"https:\/\/ringsport.hu\/index.php\/pixellot-air-portable\/#breadcrumb"},"inLanguage":"hu","potentialAction":[{"@type":"ReadAction","target":["https:\/\/ringsport.hu\/index.php\/pixellot-air-portable\/"]}]},{"@type":"BreadcrumbList","@id":"https:\/\/ringsport.hu\/index.php\/pixellot-air-portable\/#breadcrumb","itemListElement":[{"@type":"ListItem","position":1,"name":"Kezd\u0151lap","item":"https:\/\/ringsport.hu\/"},{"@type":"ListItem","position":2,"name":"Pixellot AIR (Portable)"}]},{"@type":"WebSite","@id":"https:\/\/ringsport.hu\/#website","url":"https:\/\/ringsport.hu\/","name":"RingSport","description":"AI-automatiz\u00e1lt sportkamera \u00e9s elemz\u00e9sek","publisher":{"@id":"https:\/\/ringsport.hu\/#organization"},"potentialAction":[{"@type":"SearchAction","target":{"@type":"EntryPoint","urlTemplate":"https:\/\/ringsport.hu\/?s={search_term_string}"},"query-input":{"@type":"PropertyValueSpecification","valueRequired":true,"valueName":"search_term_string"}}],"inLanguage":"hu"},{"@type":"Organization","@id":"https:\/\/ringsport.hu\/#organization","name":"RingSport","url":"https:\/\/ringsport.hu\/","logo":{"@type":"ImageObject","inLanguage":"hu","@id":"https:\/\/ringsport.hu\/#\/schema\/logo\/image\/","url":"https:\/\/ringsport.hu\/wp-content\/uploads\/2024\/01\/RingSport-logo.png","contentUrl":"https:\/\/ringsport.hu\/wp-content\/uploads\/2024\/01\/RingSport-logo.png","width":1567,"height":182,"caption":"RingSport"},"image":{"@id":"https:\/\/ringsport.hu\/#\/schema\/logo\/image\/"}}]}},"_links":{"self":[{"href":"https:\/\/ringsport.hu\/index.php\/wp-json\/wp\/v2\/pages\/138","targetHints":{"allow":["GET"]}}],"collection":[{"href":"https:\/\/ringsport.hu\/index.php\/wp-json\/wp\/v2\/pages"}],"about":[{"href":"https:\/\/ringsport.hu\/index.php\/wp-json\/wp\/v2\/types\/page"}],"author":[{"embeddable":true,"href":"https:\/\/ringsport.hu\/index.php\/wp-json\/wp\/v2\/users\/2"}],"replies":[{"embeddable":true,"href":"https:\/\/ringsport.hu\/index.php\/wp-json\/wp\/v2\/comments?post=138"}],"version-history":[{"count":33,"href":"https:\/\/ringsport.hu\/index.php\/wp-json\/wp\/v2\/pages\/138\/revisions"}],"predecessor-version":[{"id":840,"href":"https:\/\/ringsport.hu\/index.php\/wp-json\/wp\/v2\/pages\/138\/revisions\/840"}],"wp:attachment":[{"href":"https:\/\/ringsport.hu\/index.php\/wp-json\/wp\/v2\/media?parent=138"}],"curies":[{"name":"wp","href":"https:\/\/api.w.org\/{rel}","templated":true}]}}