{"id":150,"date":"2024-01-03T15:07:12","date_gmt":"2024-01-03T15:07:12","guid":{"rendered":"https:\/\/ringsport.hu\/?page_id=150"},"modified":"2024-04-22T11:23:05","modified_gmt":"2024-04-22T11:23:05","slug":"vidswap-analitika","status":"publish","type":"page","link":"https:\/\/ringsport.hu\/index.php\/vidswap-analitika\/","title":{"rendered":"Vidswap Analitika"},"content":{"rendered":"<p>[et_pb_section fb_built=&#8221;1&#8243; _builder_version=&#8221;4.24.0&#8243; _module_preset=&#8221;default&#8221; background_video_mp4=&#8221;https:\/\/ringsport.hu\/wp-content\/uploads\/2024\/01\/Vidswap.mp4&#8243; max_height=&#8221;600px&#8221; global_colors_info=&#8221;{}&#8221;][et_pb_row _builder_version=&#8221;4.24.0&#8243; _module_preset=&#8221;default&#8221; background_color=&#8221;RGBA(255,255,255,0)&#8221; global_colors_info=&#8221;{}&#8221;][et_pb_column type=&#8221;4_4&#8243; _builder_version=&#8221;4.24.0&#8243; _module_preset=&#8221;default&#8221; background_color=&#8221;RGBA(255,255,255,0)&#8221; global_colors_info=&#8221;{}&#8221;][et_pb_slider use_bg_overlay=&#8221;on&#8221; _builder_version=&#8221;4.24.0&#8243; _module_preset=&#8221;default&#8221; background_color=&#8221;RGBA(255,255,255,0)&#8221; background_enable_image=&#8221;off&#8221; global_colors_info=&#8221;{}&#8221;][et_pb_slide heading=&#8221;VIDSWAP ANALITIKA&#8221; button_text=&#8221;\u00cdrj nek\u00fcnk&#8221; button_link=&#8221;https:\/\/ringsport.hu\/index.php\/kapcsolat\/&#8221; _builder_version=&#8221;4.24.0&#8243; _module_preset=&#8221;default&#8221; header_font=&#8221;|700||on|||||&#8221; header_font_size=&#8221;60px&#8221; body_font_size=&#8221;24px&#8221; background_color=&#8221;RGBA(255,255,255,0)&#8221; background_enable_color=&#8221;on&#8221; custom_button=&#8221;on&#8221; button_text_size=&#8221;20px&#8221; button_text_color=&#8221;#FFFFFF&#8221; button_border_width=&#8221;2px&#8221; button_border_radius=&#8221;7px&#8221; button_use_icon=&#8221;off&#8221; button_alignment=&#8221;center&#8221; global_colors_info=&#8221;{}&#8221; sticky_transition=&#8221;on&#8221;]<\/p>\n<p><span>A Pixellot j\u00e1t\u00e9kfelbont\u00f3 \u00e9s analitikai platformja, amelyet vil\u00e1gszerte professzion\u00e1lis csapatok, lig\u00e1k \u00e9s egyetemek haszn\u00e1lnak.<\/span><\/p>\n<p>[\/et_pb_slide][\/et_pb_slider][\/et_pb_column][\/et_pb_row][\/et_pb_section][et_pb_section fb_built=&#8221;1&#8243; _builder_version=&#8221;4.24.0&#8243; _module_preset=&#8221;default&#8221; global_colors_info=&#8221;{}&#8221;][et_pb_row _builder_version=&#8221;4.24.0&#8243; _module_preset=&#8221;default&#8221; global_colors_info=&#8221;{}&#8221;][et_pb_column type=&#8221;4_4&#8243; _builder_version=&#8221;4.24.0&#8243; _module_preset=&#8221;default&#8221; global_colors_info=&#8221;{}&#8221;][et_pb_text _builder_version=&#8221;4.24.0&#8243; _module_preset=&#8221;default&#8221; text_font_size=&#8221;16px&#8221; header_2_font=&#8221;|700|||||||&#8221; header_2_font_size=&#8221;40px&#8221; locked=&#8221;off&#8221; global_colors_info=&#8221;{}&#8221;]<\/p>\n<h2><span>AUTOMATIZ\u00c1LT M\u00c9RK\u0150Z\u00c9SFELBONT\u00c1SOK MINDEN SPORT\u00c1GHOZ! <\/span><\/h2>\n<p><span>A VidSwap a Pixellot sportvide\u00f3-adatelemz\u0151 szoftvere, amelyet kifejezetten sportszervezetek, edz\u0151k, lig\u00e1k \u00e9s csapatok sz\u00e1m\u00e1ra terveztek. A megold\u00e1s elemez \u00e9s el\u0151re c\u00edmk\u00e9zi az \u00f6sszes cselekm\u00e9nyt, hogy az edz\u0151k id\u0151t takar\u00edtsanak meg, mik\u00f6zben lehet\u0151v\u00e9 teszi sz\u00e1mukra a csapat teljes\u00edtm\u00e9ny\u00e9nek jav\u00edt\u00e1s\u00e1t.<\/span><\/p>\n<p>&nbsp;<\/p>\n<p>[\/et_pb_text][\/et_pb_column][\/et_pb_row][\/et_pb_section][et_pb_section fb_built=&#8221;1&#8243; _builder_version=&#8221;4.24.0&#8243; _module_preset=&#8221;default&#8221; background_image=&#8221;https:\/\/ringsport.hu\/wp-content\/uploads\/2024\/01\/markus-spiske-WNJVjkjkh44-unsplash2-1024&#215;683-1.jpg&#8221; global_colors_info=&#8221;{}&#8221;][et_pb_row _builder_version=&#8221;4.24.0&#8243; _module_preset=&#8221;default&#8221; global_colors_info=&#8221;{}&#8221;][et_pb_column type=&#8221;4_4&#8243; _builder_version=&#8221;4.24.0&#8243; _module_preset=&#8221;default&#8221; global_colors_info=&#8221;{}&#8221;][et_pb_text _builder_version=&#8221;4.25.0&#8243; _module_preset=&#8221;default&#8221; text_text_color=&#8221;#FFFFFF&#8221; text_font_size=&#8221;16px&#8221; text_line_height=&#8221;2em&#8221; header_2_font=&#8221;|700||on|||||&#8221; header_2_text_color=&#8221;#FFFFFF&#8221; header_2_font_size=&#8221;40px&#8221; header_2_line_height=&#8221;1.1em&#8221; hover_enabled=&#8221;0&#8243; global_colors_info=&#8221;{}&#8221; sticky_enabled=&#8221;0&#8243;]<\/p>\n<h2>K\u00dcLDET\u00c9S\u00dcNK, HOGY AZ EDZ\u0150KNEK VISSZAADJUK AZ IDEJ\u00dcKET<\/h2>\n<p>Tudjuk, hogy az \u00d6n ideje mennyire \u00e9rt\u00e9kes, ez\u00e9rt c\u00e9lunk, hogy automatiz\u00e1ljuk \u00e9s egyszer\u0171s\u00edts\u00fck a legid\u0151ig\u00e9nyesebb folyamatokat.<\/p>\n<ul>\n<li>Automatiz\u00e1lt r\u00f6gz\u00edt\u00e9s \u00e9s felt\u00f6lt\u00e9s<\/li>\n<li>4-8 \u00f3r\u00e1s m\u00e9ly elemz\u00e9s<\/li>\n<li>Csapat \u00e9s j\u00e1t\u00e9kos statisztik\u00e1k<\/li>\n<li>\u00d6n\u00e1ll\u00f3 \u00e9s \u00e9l\u0151 k\u00f3dol\u00e1s<\/li>\n<\/ul>\n<p>[\/et_pb_text][\/et_pb_column][\/et_pb_row][\/et_pb_section][et_pb_section fb_built=&#8221;1&#8243; _builder_version=&#8221;4.24.0&#8243; _module_preset=&#8221;default&#8221; locked=&#8221;off&#8221; global_colors_info=&#8221;{}&#8221;][et_pb_row _builder_version=&#8221;4.24.0&#8243; _module_preset=&#8221;default&#8221; global_colors_info=&#8221;{}&#8221;][et_pb_column type=&#8221;4_4&#8243; _builder_version=&#8221;4.24.0&#8243; _module_preset=&#8221;default&#8221; global_colors_info=&#8221;{}&#8221;][et_pb_text _builder_version=&#8221;4.24.0&#8243; _module_preset=&#8221;default&#8221; header_2_font=&#8221;|700||on|||||&#8221; header_2_text_align=&#8221;center&#8221; header_2_font_size=&#8221;40px&#8221; global_colors_info=&#8221;{}&#8221;]<\/p>\n<h2>F\u0150BB JELLEMZ\u0150K<\/h2>\n<p>[\/et_pb_text][\/et_pb_column][\/et_pb_row][et_pb_row column_structure=&#8221;1_3,1_3,1_3&#8243; _builder_version=&#8221;4.24.0&#8243; _module_preset=&#8221;default&#8221; global_colors_info=&#8221;{}&#8221;][et_pb_column type=&#8221;1_3&#8243; _builder_version=&#8221;4.24.0&#8243; _module_preset=&#8221;default&#8221; global_colors_info=&#8221;{}&#8221;][et_pb_blurb image=&#8221;https:\/\/ringsport.hu\/wp-content\/uploads\/2024\/01\/grafikon-icon.png&#8221; _builder_version=&#8221;4.24.0&#8243; _module_preset=&#8221;default&#8221; header_font=&#8221;|||on|||||&#8221; body_text_align=&#8221;center&#8221; animation=&#8221;off&#8221; global_colors_info=&#8221;{}&#8221;]<\/p>\n<p>Csapat \u00e9s sportol\u00f3i cs\u00facspontok \u00e9s statisztik\u00e1k<\/p>\n<p>[\/et_pb_blurb][et_pb_blurb image=&#8221;https:\/\/ringsport.hu\/wp-content\/uploads\/2024\/01\/cloud-icon.png&#8221; _builder_version=&#8221;4.24.0&#8243; _module_preset=&#8221;default&#8221; body_text_align=&#8221;center&#8221; animation=&#8221;off&#8221; locked=&#8221;off&#8221; global_colors_info=&#8221;{}&#8221;]<\/p>\n<p>Felt\u00f6lt\u00e9s b\u00e1rmilyen vide\u00f3forr\u00e1sb\u00f3l<\/p>\n<p>[\/et_pb_blurb][\/et_pb_column][et_pb_column type=&#8221;1_3&#8243; _builder_version=&#8221;4.24.0&#8243; _module_preset=&#8221;default&#8221; global_colors_info=&#8221;{}&#8221;][et_pb_blurb image=&#8221;https:\/\/ringsport.hu\/wp-content\/uploads\/2024\/01\/coaching-icon.png&#8221; _builder_version=&#8221;4.24.0&#8243; _module_preset=&#8221;default&#8221; body_text_align=&#8221;center&#8221; animation=&#8221;off&#8221; locked=&#8221;off&#8221; global_colors_info=&#8221;{}&#8221;]<\/p>\n<p>L\u00f6v\u00e9si diagramok \u00e9s h\u0151t\u00e9rk\u00e9pek<\/p>\n<p>[\/et_pb_blurb][et_pb_blurb image=&#8221;https:\/\/ringsport.hu\/wp-content\/uploads\/2024\/01\/analizis-icon.png&#8221; _builder_version=&#8221;4.24.0&#8243; _module_preset=&#8221;default&#8221; body_text_align=&#8221;center&#8221; animation=&#8221;off&#8221; locked=&#8221;off&#8221; global_colors_info=&#8221;{}&#8221;]<\/p>\n<p>4 &#8211; 8 \u00f3r\u00e1s m\u00e9lyelemz\u00e9s<\/p>\n<p>[\/et_pb_blurb][\/et_pb_column][et_pb_column type=&#8221;1_3&#8243; _builder_version=&#8221;4.24.0&#8243; _module_preset=&#8221;default&#8221; global_colors_info=&#8221;{}&#8221;][et_pb_blurb image=&#8221;https:\/\/ringsport.hu\/wp-content\/uploads\/2024\/01\/automata-icon.png&#8221; _builder_version=&#8221;4.24.0&#8243; _module_preset=&#8221;default&#8221; body_text_align=&#8221;center&#8221; animation=&#8221;off&#8221; locked=&#8221;off&#8221; global_colors_info=&#8221;{}&#8221;]<\/p>\n<p>Automatiz\u00e1lt vide\u00f3csere eg\u00e9sz k\u00f6rzetek sz\u00e1m\u00e1ra<\/p>\n<p>[\/et_pb_blurb][et_pb_blurb image=&#8221;https:\/\/ringsport.hu\/wp-content\/uploads\/2024\/01\/cut-icon.png&#8221; _builder_version=&#8221;4.24.0&#8243; _module_preset=&#8221;default&#8221; body_text_align=&#8221;center&#8221; animation=&#8221;off&#8221; locked=&#8221;off&#8221; global_colors_info=&#8221;{}&#8221;]<\/p>\n<p>Self &amp; live k\u00f3dol\u00e1s<\/p>\n<p>[\/et_pb_blurb][\/et_pb_column][\/et_pb_row][\/et_pb_section][et_pb_section fb_built=&#8221;1&#8243; _builder_version=&#8221;4.24.0&#8243; _module_preset=&#8221;default&#8221; global_colors_info=&#8221;{}&#8221;][et_pb_row _builder_version=&#8221;4.24.0&#8243; _module_preset=&#8221;default&#8221; global_colors_info=&#8221;{}&#8221;][et_pb_column type=&#8221;4_4&#8243; _builder_version=&#8221;4.24.0&#8243; _module_preset=&#8221;default&#8221; global_colors_info=&#8221;{}&#8221;][et_pb_text _builder_version=&#8221;4.24.0&#8243; _module_preset=&#8221;default&#8221; header_2_font=&#8221;|700||on|||||&#8221; header_2_text_align=&#8221;center&#8221; header_2_font_size=&#8221;40px&#8221; global_colors_info=&#8221;{}&#8221;]<\/p>\n<h2>A SPORTVIDE\u00d3K FORRADALMAS\u00cdT\u00c1SA<\/h2>\n<p>[\/et_pb_text][\/et_pb_column][\/et_pb_row][et_pb_row column_structure=&#8221;1_2,1_2&#8243; _builder_version=&#8221;4.24.0&#8243; _module_preset=&#8221;default&#8221; global_colors_info=&#8221;{}&#8221;][et_pb_column type=&#8221;1_2&#8243; _builder_version=&#8221;4.24.0&#8243; _module_preset=&#8221;default&#8221; global_colors_info=&#8221;{}&#8221;][et_pb_blurb title=&#8221;Vide\u00f3elemz\u00e9s&#8221; image=&#8221;https:\/\/ringsport.hu\/wp-content\/uploads\/2024\/01\/logan-weaver-zPHJ_7seOfA-unsplash-scaled-1.jpg&#8221; alt=&#8221;kos\u00e1rlabda&#8221; _builder_version=&#8221;4.25.0&#8243; _module_preset=&#8221;default&#8221; animation=&#8221;off&#8221; hover_enabled=&#8221;0&#8243; global_colors_info=&#8221;{}&#8221; sticky_enabled=&#8221;0&#8243;]<\/p>\n<p>Keressen konkr\u00e9t esem\u00e9nyeket, szitu\u00e1ci\u00f3kat vagy j\u00e1t\u00e9kosokat a keres\u00e9si lehet\u0151s\u00e9gek sz\u00e9les sk\u00e1l\u00e1j\u00e1val. A VidSwap minden m\u00e9rk\u0151z\u00e9st \u00e9s videoklipet megjel\u00f6l, \u00e9s t\u00e1mogatja a manu\u00e1lisan l\u00e9trehozott c\u00edmk\u00e9ket is.<\/p>\n<ul>\n<li>Sportol\u00f3 vagy csapat<\/li>\n<li>Id\u0151szak<\/li>\n<li>Birtokl\u00e1sok<\/li>\n<\/ul>\n<p>[\/et_pb_blurb][\/et_pb_column][et_pb_column type=&#8221;1_2&#8243; _builder_version=&#8221;4.24.0&#8243; _module_preset=&#8221;default&#8221; global_colors_info=&#8221;{}&#8221;][et_pb_blurb title=&#8221;K\u00f3dol\u00e1si \u00e9s elemz\u00e9si platform&#8221; image=&#8221;https:\/\/ringsport.hu\/wp-content\/uploads\/2024\/01\/vidswap-bball.jpg&#8221; _builder_version=&#8221;4.25.0&#8243; _module_preset=&#8221;default&#8221; animation=&#8221;off&#8221; hover_enabled=&#8221;0&#8243; global_colors_info=&#8221;{}&#8221; sticky_enabled=&#8221;0&#8243;]<\/p>\n<p>A VidSwap vide\u00f3megoszt\u00f3 alkalmaz\u00e1sk\u00e9nt szolg\u00e1l az edz\u0151k sz\u00e1m\u00e1ra, lehet\u0151v\u00e9 t\u00e9ve sz\u00e1mukra, hogy k\u00f6nnyen k\u00fcldjenek komment\u00e1lt klipeket, betekint\u00e9seket \u00e9s kiemel\u00e9seket a j\u00e1t\u00e9kosoknak \u00e9s a st\u00e1bnak, valamint hogy ellenfeleket elemezenek \u00e9s ellenstrat\u00e9gi\u00e1kat dolgozzanak ki.<\/p>\n<ul>\n<li>Egyetlen, integr\u00e1lt, automatiz\u00e1lt vide\u00f3- \u00e9s elemz\u0151csomag.<\/li>\n<li>Haszn\u00e1lja a <span>telestr\u00e1ci\u00f3kat<\/span> \u00e9s a megjegyz\u00e9seket a kulcsfontoss\u00e1g\u00fa j\u00e1t\u00e9kelemz\u00e9sek elemz\u00e9s\u00e9re.<\/li>\n<\/ul>\n<p>[\/et_pb_blurb][et_pb_blurb title=&#8221;Ossza meg csapat\u00e1val \u00e9s az ellenf\u00e9llel&#8221; image=&#8221;https:\/\/ringsport.hu\/wp-content\/uploads\/2024\/02\/shutterstock_1787982482-e1706876499430.png&#8221; _builder_version=&#8221;4.25.0&#8243; _module_preset=&#8221;default&#8221; animation=&#8221;off&#8221; hover_enabled=&#8221;0&#8243; global_colors_info=&#8221;{}&#8221; sticky_enabled=&#8221;0&#8243;]<\/p>\n<p>K\u00e9sz\u00edts m\u00e9ly csapat- \u00e9s j\u00e1t\u00e9kosstatisztik\u00e1kat \u00e9s vizualiz\u00e1ci\u00f3kat a csapatod \u00e9s a megfigyel\u00e9si c\u00e9lokra. K\u00f6nnyen haszn\u00e1lhat\u00f3 h\u00e1l\u00f3zatunk a legegyszer\u0171bb m\u00f3dj\u00e1t ny\u00fajtja sportol\u00f3idnak a tanul\u00e1shoz.<\/p>\n<ul>\n<li>K\u00e9sz\u00edtsen k\u00f6nnyed\u00e9n kiemelt vide\u00f3kat \u00e9s ossza meg a k\u00f6z\u00f6ss\u00e9gi m\u00e9di\u00e1n a j\u00e1t\u00e9kosokkal \u00e9s a csapattal.<\/li>\n<li>Oktasson, vonjon be \u00e9s m\u00e9rjen.<\/li>\n<li><span>Minden j\u00e1t\u00e9kosnak saj\u00e1t fi\u00f3kja van, hogy kiemel\u00e9seket k\u00e9sz\u00edtsen \u00e9s vide\u00f3kat tekintsen \u00e1t<\/span>.<\/li>\n<\/ul>\n<p>[\/et_pb_blurb][\/et_pb_column][\/et_pb_row][\/et_pb_section][et_pb_section fb_built=&#8221;1&#8243; _builder_version=&#8221;4.24.0&#8243; _module_preset=&#8221;default&#8221; background_color=&#8221;rgba(0,0,0,0.36)&#8221; background_image=&#8221;https:\/\/ringsport.hu\/wp-content\/uploads\/2024\/01\/qanda.jpg&#8221; background_blend=&#8221;overlay&#8221; mix_blend_mode=&#8221;overlay&#8221; locked=&#8221;off&#8221; global_colors_info=&#8221;{}&#8221;][et_pb_row _builder_version=&#8221;4.24.0&#8243; _module_preset=&#8221;default&#8221; global_colors_info=&#8221;{}&#8221;][et_pb_column type=&#8221;4_4&#8243; _builder_version=&#8221;4.24.0&#8243; _module_preset=&#8221;default&#8221; global_colors_info=&#8221;{}&#8221;][et_pb_text _builder_version=&#8221;4.24.0&#8243; _module_preset=&#8221;default&#8221; header_2_font=&#8221;|700||on|||||&#8221; header_2_text_color=&#8221;#FFFFFF&#8221; header_2_font_size=&#8221;40px&#8221; global_colors_info=&#8221;{}&#8221;]<\/p>\n<h2 style=\"text-align: center;\">kezd\u0151dj\u00f6n a m\u0171sor<\/h2>\n<p>[\/et_pb_text][et_pb_button button_url=&#8221;https:\/\/ringsport.hu\/index.php\/kapcsolat\/&#8221; button_text=&#8221;\u00cdrj nek\u00fcnk&#8221; button_alignment=&#8221;center&#8221; _builder_version=&#8221;4.24.0&#8243; _module_preset=&#8221;default&#8221; custom_button=&#8221;on&#8221; button_text_size=&#8221;20px&#8221; button_text_color=&#8221;#FFFFFF&#8221; button_border_radius=&#8221;7px&#8221; button_font=&#8221;|700|||||||&#8221; button_use_icon=&#8221;off&#8221; global_colors_info=&#8221;{}&#8221;][\/et_pb_button][\/et_pb_column][\/et_pb_row][\/et_pb_section]<\/p>\n","protected":false},"excerpt":{"rendered":"<p>A Pixellot j\u00e1t\u00e9kfelbont\u00f3 \u00e9s analitikai platformja, amelyet vil\u00e1gszerte professzion\u00e1lis csapatok, lig\u00e1k \u00e9s egyetemek haszn\u00e1lnak.AUTOMATIZ\u00c1LT M\u00c9RK\u0150Z\u00c9SFELBONT\u00c1SOK MINDEN SPORT\u00c1GHOZ! A VidSwap a Pixellot sportvide\u00f3-adatelemz\u0151 szoftvere, amelyet kifejezetten sportszervezetek, edz\u0151k, lig\u00e1k \u00e9s csapatok sz\u00e1m\u00e1ra terveztek. A megold\u00e1s elemez \u00e9s el\u0151re c\u00edmk\u00e9zi az \u00f6sszes cselekm\u00e9nyt, hogy az edz\u0151k id\u0151t takar\u00edtsanak meg, mik\u00f6zben lehet\u0151v\u00e9 teszi sz\u00e1mukra a csapat teljes\u00edtm\u00e9ny\u00e9nek jav\u00edt\u00e1s\u00e1t. [&hellip;]<\/p>\n","protected":false},"author":2,"featured_media":0,"parent":0,"menu_order":0,"comment_status":"closed","ping_status":"closed","template":"","meta":{"_et_pb_use_builder":"on","_et_pb_old_content":"","_et_gb_content_width":"","footnotes":""},"class_list":["post-150","page","type-page","status-publish","hentry"],"yoast_head":"<!-- This site is optimized with the Yoast SEO Premium plugin v27.5 (Yoast SEO v27.5) - https:\/\/yoast.com\/product\/yoast-seo-premium-wordpress\/ -->\n<title>Vidswap Analitika - RingSport<\/title>\n<meta name=\"description\" content=\"VIDSWAP ANALITIKAA Pixellot j\u00e1t\u00e9kfelbont\u00f3 \u00e9s analitikai platformja, amelyet vil\u00e1gszerte professzion\u00e1lis csapatok, lig\u00e1k \u00e9s egyetemek haszn\u00e1lnak.\" \/>\n<meta name=\"robots\" content=\"index, follow, max-snippet:-1, max-image-preview:large, max-video-preview:-1\" \/>\n<link rel=\"canonical\" href=\"https:\/\/ringsport.hu\/index.php\/vidswap-analitika\/\" \/>\n<meta property=\"og:locale\" content=\"hu_HU\" \/>\n<meta property=\"og:type\" content=\"article\" \/>\n<meta property=\"og:title\" content=\"Vidswap Analitika\" \/>\n<meta property=\"og:description\" content=\"VIDSWAP ANALITIKAA Pixellot j\u00e1t\u00e9kfelbont\u00f3 \u00e9s analitikai platformja, amelyet vil\u00e1gszerte professzion\u00e1lis csapatok, lig\u00e1k \u00e9s egyetemek haszn\u00e1lnak.\" \/>\n<meta property=\"og:url\" content=\"https:\/\/ringsport.hu\/index.php\/vidswap-analitika\/\" \/>\n<meta property=\"og:site_name\" content=\"RingSport\" \/>\n<meta property=\"article:modified_time\" content=\"2024-04-22T11:23:05+00:00\" \/>\n<meta name=\"twitter:card\" content=\"summary_large_image\" \/>\n<meta name=\"twitter:label1\" content=\"Becs\u00fclt olvas\u00e1si id\u0151\" \/>\n\t<meta name=\"twitter:data1\" content=\"4 perc\" \/>\n<script type=\"application\/ld+json\" class=\"yoast-schema-graph\">{\"@context\":\"https:\\\/\\\/schema.org\",\"@graph\":[{\"@type\":\"WebPage\",\"@id\":\"https:\\\/\\\/ringsport.hu\\\/index.php\\\/vidswap-analitika\\\/\",\"url\":\"https:\\\/\\\/ringsport.hu\\\/index.php\\\/vidswap-analitika\\\/\",\"name\":\"Vidswap Analitika - RingSport\",\"isPartOf\":{\"@id\":\"https:\\\/\\\/ringsport.hu\\\/#website\"},\"datePublished\":\"2024-01-03T15:07:12+00:00\",\"dateModified\":\"2024-04-22T11:23:05+00:00\",\"description\":\"VIDSWAP ANALITIKAA Pixellot j\u00e1t\u00e9kfelbont\u00f3 \u00e9s analitikai platformja, amelyet vil\u00e1gszerte professzion\u00e1lis csapatok, lig\u00e1k \u00e9s egyetemek haszn\u00e1lnak.\",\"breadcrumb\":{\"@id\":\"https:\\\/\\\/ringsport.hu\\\/index.php\\\/vidswap-analitika\\\/#breadcrumb\"},\"inLanguage\":\"hu\",\"potentialAction\":[{\"@type\":\"ReadAction\",\"target\":[\"https:\\\/\\\/ringsport.hu\\\/index.php\\\/vidswap-analitika\\\/\"]}]},{\"@type\":\"BreadcrumbList\",\"@id\":\"https:\\\/\\\/ringsport.hu\\\/index.php\\\/vidswap-analitika\\\/#breadcrumb\",\"itemListElement\":[{\"@type\":\"ListItem\",\"position\":1,\"name\":\"Kezd\u0151lap\",\"item\":\"https:\\\/\\\/ringsport.hu\\\/\"},{\"@type\":\"ListItem\",\"position\":2,\"name\":\"Vidswap Analitika\"}]},{\"@type\":\"WebSite\",\"@id\":\"https:\\\/\\\/ringsport.hu\\\/#website\",\"url\":\"https:\\\/\\\/ringsport.hu\\\/\",\"name\":\"RingSport\",\"description\":\"AI-automatiz\u00e1lt sportkamera \u00e9s elemz\u00e9sek\",\"publisher\":{\"@id\":\"https:\\\/\\\/ringsport.hu\\\/#organization\"},\"potentialAction\":[{\"@type\":\"SearchAction\",\"target\":{\"@type\":\"EntryPoint\",\"urlTemplate\":\"https:\\\/\\\/ringsport.hu\\\/?s={search_term_string}\"},\"query-input\":{\"@type\":\"PropertyValueSpecification\",\"valueRequired\":true,\"valueName\":\"search_term_string\"}}],\"inLanguage\":\"hu\"},{\"@type\":\"Organization\",\"@id\":\"https:\\\/\\\/ringsport.hu\\\/#organization\",\"name\":\"RingSport\",\"url\":\"https:\\\/\\\/ringsport.hu\\\/\",\"logo\":{\"@type\":\"ImageObject\",\"inLanguage\":\"hu\",\"@id\":\"https:\\\/\\\/ringsport.hu\\\/#\\\/schema\\\/logo\\\/image\\\/\",\"url\":\"https:\\\/\\\/ringsport.hu\\\/wp-content\\\/uploads\\\/2024\\\/01\\\/RingSport-logo.png\",\"contentUrl\":\"https:\\\/\\\/ringsport.hu\\\/wp-content\\\/uploads\\\/2024\\\/01\\\/RingSport-logo.png\",\"width\":1567,\"height\":182,\"caption\":\"RingSport\"},\"image\":{\"@id\":\"https:\\\/\\\/ringsport.hu\\\/#\\\/schema\\\/logo\\\/image\\\/\"}}]}<\/script>\n<!-- \/ Yoast SEO Premium plugin. -->","yoast_head_json":{"title":"Vidswap Analitika - RingSport","description":"VIDSWAP ANALITIKAA Pixellot j\u00e1t\u00e9kfelbont\u00f3 \u00e9s analitikai platformja, amelyet vil\u00e1gszerte professzion\u00e1lis csapatok, lig\u00e1k \u00e9s egyetemek haszn\u00e1lnak.","robots":{"index":"index","follow":"follow","max-snippet":"max-snippet:-1","max-image-preview":"max-image-preview:large","max-video-preview":"max-video-preview:-1"},"canonical":"https:\/\/ringsport.hu\/index.php\/vidswap-analitika\/","og_locale":"hu_HU","og_type":"article","og_title":"Vidswap Analitika","og_description":"VIDSWAP ANALITIKAA Pixellot j\u00e1t\u00e9kfelbont\u00f3 \u00e9s analitikai platformja, amelyet vil\u00e1gszerte professzion\u00e1lis csapatok, lig\u00e1k \u00e9s egyetemek haszn\u00e1lnak.","og_url":"https:\/\/ringsport.hu\/index.php\/vidswap-analitika\/","og_site_name":"RingSport","article_modified_time":"2024-04-22T11:23:05+00:00","twitter_card":"summary_large_image","twitter_misc":{"Becs\u00fclt olvas\u00e1si id\u0151":"4 perc"},"schema":{"@context":"https:\/\/schema.org","@graph":[{"@type":"WebPage","@id":"https:\/\/ringsport.hu\/index.php\/vidswap-analitika\/","url":"https:\/\/ringsport.hu\/index.php\/vidswap-analitika\/","name":"Vidswap Analitika - RingSport","isPartOf":{"@id":"https:\/\/ringsport.hu\/#website"},"datePublished":"2024-01-03T15:07:12+00:00","dateModified":"2024-04-22T11:23:05+00:00","description":"VIDSWAP ANALITIKAA Pixellot j\u00e1t\u00e9kfelbont\u00f3 \u00e9s analitikai platformja, amelyet vil\u00e1gszerte professzion\u00e1lis csapatok, lig\u00e1k \u00e9s egyetemek haszn\u00e1lnak.","breadcrumb":{"@id":"https:\/\/ringsport.hu\/index.php\/vidswap-analitika\/#breadcrumb"},"inLanguage":"hu","potentialAction":[{"@type":"ReadAction","target":["https:\/\/ringsport.hu\/index.php\/vidswap-analitika\/"]}]},{"@type":"BreadcrumbList","@id":"https:\/\/ringsport.hu\/index.php\/vidswap-analitika\/#breadcrumb","itemListElement":[{"@type":"ListItem","position":1,"name":"Kezd\u0151lap","item":"https:\/\/ringsport.hu\/"},{"@type":"ListItem","position":2,"name":"Vidswap Analitika"}]},{"@type":"WebSite","@id":"https:\/\/ringsport.hu\/#website","url":"https:\/\/ringsport.hu\/","name":"RingSport","description":"AI-automatiz\u00e1lt sportkamera \u00e9s elemz\u00e9sek","publisher":{"@id":"https:\/\/ringsport.hu\/#organization"},"potentialAction":[{"@type":"SearchAction","target":{"@type":"EntryPoint","urlTemplate":"https:\/\/ringsport.hu\/?s={search_term_string}"},"query-input":{"@type":"PropertyValueSpecification","valueRequired":true,"valueName":"search_term_string"}}],"inLanguage":"hu"},{"@type":"Organization","@id":"https:\/\/ringsport.hu\/#organization","name":"RingSport","url":"https:\/\/ringsport.hu\/","logo":{"@type":"ImageObject","inLanguage":"hu","@id":"https:\/\/ringsport.hu\/#\/schema\/logo\/image\/","url":"https:\/\/ringsport.hu\/wp-content\/uploads\/2024\/01\/RingSport-logo.png","contentUrl":"https:\/\/ringsport.hu\/wp-content\/uploads\/2024\/01\/RingSport-logo.png","width":1567,"height":182,"caption":"RingSport"},"image":{"@id":"https:\/\/ringsport.hu\/#\/schema\/logo\/image\/"}}]}},"_links":{"self":[{"href":"https:\/\/ringsport.hu\/index.php\/wp-json\/wp\/v2\/pages\/150","targetHints":{"allow":["GET"]}}],"collection":[{"href":"https:\/\/ringsport.hu\/index.php\/wp-json\/wp\/v2\/pages"}],"about":[{"href":"https:\/\/ringsport.hu\/index.php\/wp-json\/wp\/v2\/types\/page"}],"author":[{"embeddable":true,"href":"https:\/\/ringsport.hu\/index.php\/wp-json\/wp\/v2\/users\/2"}],"replies":[{"embeddable":true,"href":"https:\/\/ringsport.hu\/index.php\/wp-json\/wp\/v2\/comments?post=150"}],"version-history":[{"count":26,"href":"https:\/\/ringsport.hu\/index.php\/wp-json\/wp\/v2\/pages\/150\/revisions"}],"predecessor-version":[{"id":845,"href":"https:\/\/ringsport.hu\/index.php\/wp-json\/wp\/v2\/pages\/150\/revisions\/845"}],"wp:attachment":[{"href":"https:\/\/ringsport.hu\/index.php\/wp-json\/wp\/v2\/media?parent=150"}],"curies":[{"name":"wp","href":"https:\/\/api.w.org\/{rel}","templated":true}]}}