{"id":173,"date":"2024-01-04T10:53:41","date_gmt":"2024-01-04T10:53:41","guid":{"rendered":"https:\/\/ringsport.hu\/?page_id=173"},"modified":"2024-05-13T14:56:49","modified_gmt":"2024-05-13T14:56:49","slug":"labdarugas-pixellot-video-analitika-meccs","status":"publish","type":"page","link":"https:\/\/ringsport.hu\/index.php\/labdarugas-pixellot-video-analitika-meccs\/","title":{"rendered":"Labdar\u00fag\u00e1s"},"content":{"rendered":"<p>[et_pb_section fb_built=&#8221;1&#8243; _builder_version=&#8221;4.23.4&#8243; _module_preset=&#8221;default&#8221; background_image=&#8221;https:\/\/ringsport.hu\/wp-content\/uploads\/2024\/01\/website_new_opening-Original.mp4&#8243; background_video_mp4=&#8221;https:\/\/ringsport.hu\/wp-content\/uploads\/2024\/01\/BarcaCru.mp4&#8243; global_colors_info=&#8221;{}&#8221;][et_pb_row _builder_version=&#8221;4.23.4&#8243; _module_preset=&#8221;default&#8221; global_colors_info=&#8221;{}&#8221;][et_pb_column type=&#8221;4_4&#8243; _builder_version=&#8221;4.23.4&#8243; _module_preset=&#8221;default&#8221; global_colors_info=&#8221;{}&#8221;][et_pb_slider _builder_version=&#8221;4.24.0&#8243; _module_preset=&#8221;default&#8221; background_color=&#8221;RGBA(255,255,255,0)&#8221; custom_button=&#8221;on&#8221; button_border_radius=&#8221;7px&#8221; button_font=&#8221;|700|||||||&#8221; global_colors_info=&#8221;{}&#8221;][et_pb_slide heading=&#8221;Automatiz\u00e1lt labdak\u00f6vet\u0151 kamera a labdar\u00fag\u00e1sban&#8221; button_text=&#8221;\u00cdrj nek\u00fcnk&#8221; button_link=&#8221;https:\/\/ringsport.hu\/index.php\/kapcsolat\/&#8221; _builder_version=&#8221;4.24.0&#8243; _module_preset=&#8221;default&#8221; header_font=&#8221;|700||on|||||&#8221; header_font_size=&#8221;60px&#8221; custom_button=&#8221;on&#8221; button_text_size=&#8221;20px&#8221; button_border_width=&#8221;2px&#8221; button_border_radius=&#8221;7px&#8221; button_use_icon=&#8221;off&#8221; global_colors_info=&#8221;{}&#8221; sticky_transition=&#8221;on&#8221;][\/et_pb_slide][\/et_pb_slider][\/et_pb_column][\/et_pb_row][\/et_pb_section][et_pb_section fb_built=&#8221;1&#8243; _builder_version=&#8221;4.23.4&#8243; _module_preset=&#8221;default&#8221; global_colors_info=&#8221;{}&#8221;][et_pb_row _builder_version=&#8221;4.23.4&#8243; _module_preset=&#8221;default&#8221; global_colors_info=&#8221;{}&#8221;][et_pb_column type=&#8221;4_4&#8243; _builder_version=&#8221;4.23.4&#8243; _module_preset=&#8221;default&#8221; global_colors_info=&#8221;{}&#8221;][et_pb_text _builder_version=&#8221;4.25.1&#8243; _module_preset=&#8221;default&#8221; text_font_size=&#8221;16px&#8221; header_2_font=&#8221;|700||on|||||&#8221; header_2_font_size=&#8221;40px&#8221; global_colors_info=&#8221;{}&#8221;]<\/p>\n<h2><strong>A VIL\u00c1G LEGJOBB VIDE\u00d3 \u00c9S ANALITIKA MEGOLD\u00c1SA<\/strong><\/h2>\n<p>A Pixellot a sportok ter\u00fclet\u00e9n vil\u00e1gels\u0151 az AI automatiz\u00e1lt \u00e9s elemz\u00e9si megold\u00e1sok fejleszt\u00e9s\u00e9ben. A vil\u00e1g vezet\u0151 klubjai a Pixellot video technol\u00f3gi\u00e1j\u00e1t alkalmazz\u00e1k a tr\u00e9ningek \u00e9s a m\u00e9rk\u0151z\u00e9sek elemz\u00e9s\u00e9re \u00e9l\u0151ben \u00e9s a m\u00e9rk\u0151z\u00e9sek ut\u00e1n is.<\/p>\n<p>A Pixellot kamerarendszer\u00e9vel a klub minden edz\u0151je \u00e9s csapata \u00e9lvezheti a legfejlettebb eszk\u00f6z\u00f6ket, hogy minden m\u00e9rk\u0151z\u00e9st vagy edz\u00e9st k\u00f6zvet\u00edtsen, minden m\u00e9rk\u0151z\u00e9st esem\u00e9nyekre bontson, \u00e9s r\u00e9szletesen megvizsg\u00e1lja minden sportol\u00f3 teljes\u00edtm\u00e9ny\u00e9t.<\/p>\n<p>[\/et_pb_text][et_pb_image src=&#8221;https:\/\/ringsport.hu\/wp-content\/uploads\/2024\/01\/sportstech-system.jpg&#8221; title_text=&#8221;sportstech-system&#8221; _builder_version=&#8221;4.23.4&#8243; _module_preset=&#8221;default&#8221; global_colors_info=&#8221;{}&#8221;][\/et_pb_image][et_pb_text _builder_version=&#8221;4.25.1&#8243; _module_preset=&#8221;default&#8221; text_font_size=&#8221;16px&#8221; header_2_font=&#8221;|700||on|||||&#8221; header_2_font_size=&#8221;40px&#8221; hover_enabled=&#8221;0&#8243; global_colors_info=&#8221;{}&#8221; sticky_enabled=&#8221;0&#8243;]<\/p>\n<h2><strong>AUTOMATA J\u00c1T\u00c9KR\u00d6GZ\u00cdT\u00c9S MESTERS\u00c9GES INTELIGENCI\u00c1VAL<\/strong><\/h2>\n<p>A Pixellot mesters\u00e9ges intelligencia technol\u00f3gi\u00e1ja egy t\u00f6bbkamer\u00e1s rendszert haszn\u00e1l a teljes focip\u00e1lya lefed\u00e9s\u00e9hez, k\u00f6vetve a labd\u00e1t \u00e9s r\u00f6gz\u00edtve az \u00f6sszes cselekm\u00e9nyt, miel\u0151tt azt k\u00f6zvet\u00edt\u00e9sre tov\u00e1bb\u00edtan\u00e1 az elemz\u0151k sz\u00e1m\u00e1ra.<br \/>A panor\u00e1maszer\u0171 taktikai sportvide\u00f3 \u00e9s a VidSwap elemz\u00e9s integr\u00e1l\u00e1s\u00e1val garant\u00e1ljuk az egyszer\u0171s\u00edtett vide\u00f3 coaching megold\u00e1sokat.<br \/>Kamer\u00e1inkat \u00fagy kalibr\u00e1ltuk, hogy k\u00f6vess\u00e9k \u00e9s r\u00f6gz\u00edts\u00e9k a p\u00e1ly\u00e1n l\u00e9v\u0151 minden labdar\u00fag\u00f3t a m\u00e9rk\u0151z\u00e9s sor\u00e1n, \u00edgy mindig \u00fagy t\u0171nik, mintha egy profi kamerakezel\u0151 r\u00f6gz\u00edten\u00e9 a j\u00e1t\u00e9kot. M\u00edg a val\u00f3s\u00e1gban minden m\u00f6g\u00f6tt a mesters\u00e9ges intelligencia \u00e1ll.<\/p>\n<p>[\/et_pb_text][et_pb_text _builder_version=&#8221;4.25.1&#8243; _module_preset=&#8221;default&#8221; text_font_size=&#8221;16px&#8221; header_font=&#8221;|||on|||||&#8221; header_2_font=&#8221;|700||on|||||&#8221; header_2_font_size=&#8221;40px&#8221; hover_enabled=&#8221;0&#8243; global_colors_info=&#8221;{}&#8221; sticky_enabled=&#8221;0&#8243;]<\/p>\n<h2><strong>Kapcsolat \u00c9S bev\u00e9telszerz\u00e9s<\/strong><\/h2>\n<p>A Pixellot futballkamer\u00e1ja az a megold\u00e1s, amely nyomon k\u00f6vet\u00e9st, r\u00f6gz\u00edt\u00e9st \u00e9s streamel\u00e9st biztos\u00edt az edz\u0151knek, valamint \u00e9l\u0151 j\u00e1t\u00e9k\u00e9lm\u00e9nyt biztos\u00edt a rajong\u00f3knak, \u00e9s \u00f6sszekapcsolhatja \u0151ket kedvenc csapataikkal. A Pixellot seg\u00edts\u00e9g\u00e9vel streamelhet minden j\u00e1t\u00e9kot OTT-platformj\u00e1n vagy TV-csatorn\u00e1j\u00e1n, vagy elk\u00e9sz\u00edtheti saj\u00e1tj\u00e1t a Pixellot seg\u00edts\u00e9g\u00e9vel, \u00e9s bev\u00e9telt szerezhet tartalmaib\u00f3l.<\/p>\n<p>[\/et_pb_text][et_pb_video _builder_version=&#8221;4.23.4&#8243; _module_preset=&#8221;default&#8221; global_colors_info=&#8221;{}&#8221;][\/et_pb_video][\/et_pb_column][\/et_pb_row][et_pb_row column_structure=&#8221;1_3,1_3,1_3&#8243; _builder_version=&#8221;4.24.0&#8243; _module_preset=&#8221;default&#8221; global_colors_info=&#8221;{}&#8221;][et_pb_column type=&#8221;1_3&#8243; _builder_version=&#8221;4.24.0&#8243; _module_preset=&#8221;default&#8221; global_colors_info=&#8221;{}&#8221;][et_pb_blurb title=&#8221;Felk\u00e9sz\u00fcl\u00e9s&#8221; image=&#8221;https:\/\/ringsport.hu\/wp-content\/uploads\/2024\/01\/icon1.png&#8221; _builder_version=&#8221;4.25.0&#8243; _module_preset=&#8221;default&#8221; header_font=&#8221;|600|||||||&#8221; header_text_color=&#8221;#000000&#8243; body_text_color=&#8221;#000000&#8243; animation=&#8221;off&#8221; global_colors_info=&#8221;{}&#8221;]<\/p>\n<p><span>R\u00f6gz\u00edtsd \u00e9s szerkeszd az eg\u00e9sz edz\u00e9seket a p\u00e1lya sz\u00e9les l\u00e1t\u00f3sz\u00f6g\u0171 felv\u00e9tel\u00e9vel. Koncentr\u00e1lj t\u00f6bbf\u00e9le gyakorlatra fix keretek \u00e9s id\u0151b\u00e9lyegek haszn\u00e1lat\u00e1val, vagy v\u00e1lt\u00e1s a panor\u00e1ma m\u00f3dba a teljes p\u00e1ly\u00e1s n\u00e9zet\u00e9rt. A klipeket mobil eszk\u00f6z\u00f6k\u00f6n is \u00e1ttekintheted a helysz\u00ednen t\u00f6rt\u00e9n\u0151 elemz\u00e9shez.<\/span><\/p>\n<p>[\/et_pb_blurb][\/et_pb_column][et_pb_column type=&#8221;1_3&#8243; _builder_version=&#8221;4.24.0&#8243; _module_preset=&#8221;default&#8221; global_colors_info=&#8221;{}&#8221;][et_pb_blurb title=&#8221;\u00c9l\u0151 Elemz\u00e9s&#8221; image=&#8221;https:\/\/ringsport.hu\/wp-content\/uploads\/2024\/01\/icon2.png&#8221; _builder_version=&#8221;4.25.0&#8243; _module_preset=&#8221;default&#8221; header_font=&#8221;|600|||||||&#8221; header_text_color=&#8221;#000000&#8243; body_text_color=&#8221;#000000&#8243; animation=&#8221;off&#8221; global_colors_info=&#8221;{}&#8221;]<\/p>\n<p><span>A teljes p\u00e1ly\u00e1s taktikai m\u00f3d minden j\u00e1t\u00e9kost r\u00f6gz\u00edt a p\u00e1ly\u00e1n, hogy seg\u00edtsen a kispadon \u00e9s az \u00f6lt\u00f6z\u0151ben hozott val\u00f3s idej\u0171 d\u00f6nt\u00e9sekben. Tanulm\u00e1nyozd a form\u00e1ci\u00f3kat \u00e9s csapat teljes\u00edtm\u00e9ny\u00e9t, c\u00edmk\u00e9zz \u00e9s szerkessz klipeket \u00fatk\u00f6zben az azonnali visszaj\u00e1tsz\u00e1sokhoz, \u00e9s hozz l\u00e9tre f\u00e9lid\u0151ben vide\u00f3\u00f6ssze\u00e1ll\u00edt\u00e1sokat, amelyek versenyel\u0151nyt biztos\u00edtanak val\u00f3s id\u0151ben.<\/span><\/p>\n<p>[\/et_pb_blurb][\/et_pb_column][et_pb_column type=&#8221;1_3&#8243; _builder_version=&#8221;4.24.0&#8243; _module_preset=&#8221;default&#8221; global_colors_info=&#8221;{}&#8221;][et_pb_blurb title=&#8221;\u00c9rt\u00e9kel\u00e9s&#8221; image=&#8221;https:\/\/ringsport.hu\/wp-content\/uploads\/2024\/01\/icon3.png&#8221; _builder_version=&#8221;4.25.0&#8243; _module_preset=&#8221;default&#8221; header_font=&#8221;|600|||||||&#8221; header_text_color=&#8221;#000000&#8243; body_text_color=&#8221;#000000&#8243; animation=&#8221;off&#8221; global_colors_info=&#8221;{}&#8221;]<\/p>\n<p><span>R\u00f6gz\u00edts teljes j\u00e1t\u00e9kfelv\u00e9teleket r\u00e9szletes elemz\u00e9shez. A j\u00e1t\u00e9k automatikusan felt\u00f6lt\u0151dik a vide\u00f3elemz\u0151 platformunkra, \u00e9s r\u00f6viddel a m\u00e9rk\u0151z\u00e9s v\u00e9ge ut\u00e1n el\u00e9rhet\u0151 lesz. K\u00f3dold le magad a meccset, szerkessz klipeket, c\u00edmk\u00e9zz esem\u00e9nyeket, oszd meg a felv\u00e9teleket, \u00e9s elemezd a teljes j\u00e1t\u00e9kot, csapatot \u00e9s j\u00e1t\u00e9kosadatokat. Nincs sz\u00fcks\u00e9g tov\u00e1bbi platformokra.<\/span><\/p>\n<p>[\/et_pb_blurb][\/et_pb_column][\/et_pb_row][\/et_pb_section][et_pb_section fb_built=&#8221;1&#8243; _builder_version=&#8221;4.24.0&#8243; _module_preset=&#8221;default&#8221; background_color=&#8221;rgba(0,0,0,0.11)&#8221; background_image=&#8221;https:\/\/ringsport.hu\/wp-content\/uploads\/2024\/01\/qanda.jpg&#8221; background_blend=&#8221;overlay&#8221; mix_blend_mode=&#8221;overlay&#8221; locked=&#8221;off&#8221; global_colors_info=&#8221;{}&#8221;][et_pb_row _builder_version=&#8221;4.24.0&#8243; _module_preset=&#8221;default&#8221; global_colors_info=&#8221;{}&#8221;][et_pb_column type=&#8221;4_4&#8243; _builder_version=&#8221;4.24.0&#8243; _module_preset=&#8221;default&#8221; global_colors_info=&#8221;{}&#8221;][et_pb_text _builder_version=&#8221;4.24.0&#8243; _module_preset=&#8221;default&#8221; text_font=&#8221;|||on|||||&#8221; header_2_font=&#8221;|700||on|||||&#8221; header_2_text_color=&#8221;#FFFFFF&#8221; header_2_font_size=&#8221;40px&#8221; text_orientation=&#8221;center&#8221; global_colors_info=&#8221;{}&#8221;]<\/p>\n<h2><span>Szeretn\u00e9l t\u00f6bbet megtudni a Pixellot labdar\u00fag\u00f3 kamer\u00e1r\u00f3l?<\/span><\/h2>\n<p>[\/et_pb_text][et_pb_button button_url=&#8221;https:\/\/ringsport.hu\/index.php\/kapcsolat\/&#8221; button_text=&#8221;\u00cdrj nek\u00fcnk&#8221; button_alignment=&#8221;center&#8221; _builder_version=&#8221;4.24.0&#8243; _module_preset=&#8221;default&#8221; custom_button=&#8221;on&#8221; button_text_size=&#8221;20px&#8221; button_text_color=&#8221;#FFFFFF&#8221; button_border_radius=&#8221;7px&#8221; button_font=&#8221;|700|||||||&#8221; button_use_icon=&#8221;off&#8221; global_colors_info=&#8221;{}&#8221;][\/et_pb_button][\/et_pb_column][\/et_pb_row][\/et_pb_section]<\/p>\n","protected":false},"excerpt":{"rendered":"<p>A VIL\u00c1G LEGJOBB VIDE\u00d3 \u00c9S ANALITIKA MEGOLD\u00c1SA A Pixellot a sportok ter\u00fclet\u00e9n vil\u00e1gels\u0151 az AI automatiz\u00e1lt \u00e9s elemz\u00e9si megold\u00e1sok fejleszt\u00e9s\u00e9ben. A vil\u00e1g vezet\u0151 klubjai a Pixellot video technol\u00f3gi\u00e1j\u00e1t alkalmazz\u00e1k a tr\u00e9ningek \u00e9s a m\u00e9rk\u0151z\u00e9sek elemz\u00e9s\u00e9re \u00e9l\u0151ben \u00e9s a m\u00e9rk\u0151z\u00e9sek ut\u00e1n is. A Pixellot kamerarendszer\u00e9vel a klub minden edz\u0151je \u00e9s csapata \u00e9lvezheti a legfejlettebb eszk\u00f6z\u00f6ket, hogy [&hellip;]<\/p>\n","protected":false},"author":2,"featured_media":0,"parent":0,"menu_order":0,"comment_status":"closed","ping_status":"closed","template":"","meta":{"_et_pb_use_builder":"on","_et_pb_old_content":"","_et_gb_content_width":"","footnotes":""},"class_list":["post-173","page","type-page","status-publish","hentry"],"yoast_head":"<!-- This site is optimized with the Yoast SEO Premium plugin v27.5 (Yoast SEO v27.5) - https:\/\/yoast.com\/product\/yoast-seo-premium-wordpress\/ -->\n<title>Labdar\u00fag\u00e1s - RingSport<\/title>\n<meta name=\"description\" content=\"A VIL\u00c1G LEGJOBB VIDE\u00d3 \u00c9S ANALITIKA MEGOLD\u00c1SA - A Pixellot a vil\u00e1gels\u0151 a mesters\u00e9ges intelligenci\u00e1val rendelkez\u0151 automatiz\u00e1lt m\u00e9rk\u0151z\u00e9s r\u00f6gz\u00edt\u00e9sben \u00e9s a sportelemz\u00e9s\u00e9ben. A vil\u00e1g vezet\u0151 labdar\u00fag\u00f3 klubjai a Pixellot video technol\u00f3gi\u00e1j\u00e1t haszn\u00e1lj\u00e1k az edz\u00e9sek alatt, a meccsek sor\u00e1n, illetve a meccs ut\u00e1ni elemz\u00e9sekre.\" \/>\n<meta name=\"robots\" content=\"index, follow, max-snippet:-1, max-image-preview:large, max-video-preview:-1\" \/>\n<link rel=\"canonical\" href=\"https:\/\/ringsport.hu\/index.php\/labdarugas-pixellot-video-analitika-meccs\/\" \/>\n<meta property=\"og:locale\" content=\"hu_HU\" \/>\n<meta property=\"og:type\" content=\"article\" \/>\n<meta property=\"og:title\" content=\"Labdar\u00fag\u00e1s\" \/>\n<meta property=\"og:description\" content=\"A VIL\u00c1G LEGJOBB VIDE\u00d3 \u00c9S ANALITIKA MEGOLD\u00c1SA - A Pixellot a vil\u00e1gels\u0151 a mesters\u00e9ges intelligenci\u00e1val rendelkez\u0151 automatiz\u00e1lt m\u00e9rk\u0151z\u00e9s r\u00f6gz\u00edt\u00e9sben \u00e9s a sportelemz\u00e9s\u00e9ben. A vil\u00e1g vezet\u0151 labdar\u00fag\u00f3 klubjai a Pixellot video technol\u00f3gi\u00e1j\u00e1t haszn\u00e1lj\u00e1k az edz\u00e9sek alatt, a meccsek sor\u00e1n, illetve a meccs ut\u00e1ni elemz\u00e9sekre.\" \/>\n<meta property=\"og:url\" content=\"https:\/\/ringsport.hu\/index.php\/labdarugas-pixellot-video-analitika-meccs\/\" \/>\n<meta property=\"og:site_name\" content=\"RingSport\" \/>\n<meta property=\"article:modified_time\" content=\"2024-05-13T14:56:49+00:00\" \/>\n<meta name=\"twitter:card\" content=\"summary_large_image\" \/>\n<meta name=\"twitter:label1\" content=\"Becs\u00fclt olvas\u00e1si id\u0151\" \/>\n\t<meta name=\"twitter:data1\" content=\"3 perc\" \/>\n<script type=\"application\/ld+json\" class=\"yoast-schema-graph\">{\"@context\":\"https:\\\/\\\/schema.org\",\"@graph\":[{\"@type\":\"WebPage\",\"@id\":\"https:\\\/\\\/ringsport.hu\\\/index.php\\\/labdarugas-pixellot-video-analitika-meccs\\\/\",\"url\":\"https:\\\/\\\/ringsport.hu\\\/index.php\\\/labdarugas-pixellot-video-analitika-meccs\\\/\",\"name\":\"Labdar\u00fag\u00e1s - RingSport\",\"isPartOf\":{\"@id\":\"https:\\\/\\\/ringsport.hu\\\/#website\"},\"datePublished\":\"2024-01-04T10:53:41+00:00\",\"dateModified\":\"2024-05-13T14:56:49+00:00\",\"description\":\"A VIL\u00c1G LEGJOBB VIDE\u00d3 \u00c9S ANALITIKA MEGOLD\u00c1SA - A Pixellot a vil\u00e1gels\u0151 a mesters\u00e9ges intelligenci\u00e1val rendelkez\u0151 automatiz\u00e1lt m\u00e9rk\u0151z\u00e9s r\u00f6gz\u00edt\u00e9sben \u00e9s a sportelemz\u00e9s\u00e9ben. A vil\u00e1g vezet\u0151 labdar\u00fag\u00f3 klubjai a Pixellot video technol\u00f3gi\u00e1j\u00e1t haszn\u00e1lj\u00e1k az edz\u00e9sek alatt, a meccsek sor\u00e1n, illetve a meccs ut\u00e1ni elemz\u00e9sekre.\",\"breadcrumb\":{\"@id\":\"https:\\\/\\\/ringsport.hu\\\/index.php\\\/labdarugas-pixellot-video-analitika-meccs\\\/#breadcrumb\"},\"inLanguage\":\"hu\",\"potentialAction\":[{\"@type\":\"ReadAction\",\"target\":[\"https:\\\/\\\/ringsport.hu\\\/index.php\\\/labdarugas-pixellot-video-analitika-meccs\\\/\"]}]},{\"@type\":\"BreadcrumbList\",\"@id\":\"https:\\\/\\\/ringsport.hu\\\/index.php\\\/labdarugas-pixellot-video-analitika-meccs\\\/#breadcrumb\",\"itemListElement\":[{\"@type\":\"ListItem\",\"position\":1,\"name\":\"Kezd\u0151lap\",\"item\":\"https:\\\/\\\/ringsport.hu\\\/\"},{\"@type\":\"ListItem\",\"position\":2,\"name\":\"Labdar\u00fag\u00e1s\"}]},{\"@type\":\"WebSite\",\"@id\":\"https:\\\/\\\/ringsport.hu\\\/#website\",\"url\":\"https:\\\/\\\/ringsport.hu\\\/\",\"name\":\"RingSport\",\"description\":\"AI-automatiz\u00e1lt sportkamera \u00e9s elemz\u00e9sek\",\"publisher\":{\"@id\":\"https:\\\/\\\/ringsport.hu\\\/#organization\"},\"potentialAction\":[{\"@type\":\"SearchAction\",\"target\":{\"@type\":\"EntryPoint\",\"urlTemplate\":\"https:\\\/\\\/ringsport.hu\\\/?s={search_term_string}\"},\"query-input\":{\"@type\":\"PropertyValueSpecification\",\"valueRequired\":true,\"valueName\":\"search_term_string\"}}],\"inLanguage\":\"hu\"},{\"@type\":\"Organization\",\"@id\":\"https:\\\/\\\/ringsport.hu\\\/#organization\",\"name\":\"RingSport\",\"url\":\"https:\\\/\\\/ringsport.hu\\\/\",\"logo\":{\"@type\":\"ImageObject\",\"inLanguage\":\"hu\",\"@id\":\"https:\\\/\\\/ringsport.hu\\\/#\\\/schema\\\/logo\\\/image\\\/\",\"url\":\"https:\\\/\\\/ringsport.hu\\\/wp-content\\\/uploads\\\/2024\\\/01\\\/RingSport-logo.png\",\"contentUrl\":\"https:\\\/\\\/ringsport.hu\\\/wp-content\\\/uploads\\\/2024\\\/01\\\/RingSport-logo.png\",\"width\":1567,\"height\":182,\"caption\":\"RingSport\"},\"image\":{\"@id\":\"https:\\\/\\\/ringsport.hu\\\/#\\\/schema\\\/logo\\\/image\\\/\"}}]}<\/script>\n<!-- \/ Yoast SEO Premium plugin. -->","yoast_head_json":{"title":"Labdar\u00fag\u00e1s - RingSport","description":"A VIL\u00c1G LEGJOBB VIDE\u00d3 \u00c9S ANALITIKA MEGOLD\u00c1SA - A Pixellot a vil\u00e1gels\u0151 a mesters\u00e9ges intelligenci\u00e1val rendelkez\u0151 automatiz\u00e1lt m\u00e9rk\u0151z\u00e9s r\u00f6gz\u00edt\u00e9sben \u00e9s a sportelemz\u00e9s\u00e9ben. A vil\u00e1g vezet\u0151 labdar\u00fag\u00f3 klubjai a Pixellot video technol\u00f3gi\u00e1j\u00e1t haszn\u00e1lj\u00e1k az edz\u00e9sek alatt, a meccsek sor\u00e1n, illetve a meccs ut\u00e1ni elemz\u00e9sekre.","robots":{"index":"index","follow":"follow","max-snippet":"max-snippet:-1","max-image-preview":"max-image-preview:large","max-video-preview":"max-video-preview:-1"},"canonical":"https:\/\/ringsport.hu\/index.php\/labdarugas-pixellot-video-analitika-meccs\/","og_locale":"hu_HU","og_type":"article","og_title":"Labdar\u00fag\u00e1s","og_description":"A VIL\u00c1G LEGJOBB VIDE\u00d3 \u00c9S ANALITIKA MEGOLD\u00c1SA - A Pixellot a vil\u00e1gels\u0151 a mesters\u00e9ges intelligenci\u00e1val rendelkez\u0151 automatiz\u00e1lt m\u00e9rk\u0151z\u00e9s r\u00f6gz\u00edt\u00e9sben \u00e9s a sportelemz\u00e9s\u00e9ben. A vil\u00e1g vezet\u0151 labdar\u00fag\u00f3 klubjai a Pixellot video technol\u00f3gi\u00e1j\u00e1t haszn\u00e1lj\u00e1k az edz\u00e9sek alatt, a meccsek sor\u00e1n, illetve a meccs ut\u00e1ni elemz\u00e9sekre.","og_url":"https:\/\/ringsport.hu\/index.php\/labdarugas-pixellot-video-analitika-meccs\/","og_site_name":"RingSport","article_modified_time":"2024-05-13T14:56:49+00:00","twitter_card":"summary_large_image","twitter_misc":{"Becs\u00fclt olvas\u00e1si id\u0151":"3 perc"},"schema":{"@context":"https:\/\/schema.org","@graph":[{"@type":"WebPage","@id":"https:\/\/ringsport.hu\/index.php\/labdarugas-pixellot-video-analitika-meccs\/","url":"https:\/\/ringsport.hu\/index.php\/labdarugas-pixellot-video-analitika-meccs\/","name":"Labdar\u00fag\u00e1s - RingSport","isPartOf":{"@id":"https:\/\/ringsport.hu\/#website"},"datePublished":"2024-01-04T10:53:41+00:00","dateModified":"2024-05-13T14:56:49+00:00","description":"A VIL\u00c1G LEGJOBB VIDE\u00d3 \u00c9S ANALITIKA MEGOLD\u00c1SA - A Pixellot a vil\u00e1gels\u0151 a mesters\u00e9ges intelligenci\u00e1val rendelkez\u0151 automatiz\u00e1lt m\u00e9rk\u0151z\u00e9s r\u00f6gz\u00edt\u00e9sben \u00e9s a sportelemz\u00e9s\u00e9ben. A vil\u00e1g vezet\u0151 labdar\u00fag\u00f3 klubjai a Pixellot video technol\u00f3gi\u00e1j\u00e1t haszn\u00e1lj\u00e1k az edz\u00e9sek alatt, a meccsek sor\u00e1n, illetve a meccs ut\u00e1ni elemz\u00e9sekre.","breadcrumb":{"@id":"https:\/\/ringsport.hu\/index.php\/labdarugas-pixellot-video-analitika-meccs\/#breadcrumb"},"inLanguage":"hu","potentialAction":[{"@type":"ReadAction","target":["https:\/\/ringsport.hu\/index.php\/labdarugas-pixellot-video-analitika-meccs\/"]}]},{"@type":"BreadcrumbList","@id":"https:\/\/ringsport.hu\/index.php\/labdarugas-pixellot-video-analitika-meccs\/#breadcrumb","itemListElement":[{"@type":"ListItem","position":1,"name":"Kezd\u0151lap","item":"https:\/\/ringsport.hu\/"},{"@type":"ListItem","position":2,"name":"Labdar\u00fag\u00e1s"}]},{"@type":"WebSite","@id":"https:\/\/ringsport.hu\/#website","url":"https:\/\/ringsport.hu\/","name":"RingSport","description":"AI-automatiz\u00e1lt sportkamera \u00e9s elemz\u00e9sek","publisher":{"@id":"https:\/\/ringsport.hu\/#organization"},"potentialAction":[{"@type":"SearchAction","target":{"@type":"EntryPoint","urlTemplate":"https:\/\/ringsport.hu\/?s={search_term_string}"},"query-input":{"@type":"PropertyValueSpecification","valueRequired":true,"valueName":"search_term_string"}}],"inLanguage":"hu"},{"@type":"Organization","@id":"https:\/\/ringsport.hu\/#organization","name":"RingSport","url":"https:\/\/ringsport.hu\/","logo":{"@type":"ImageObject","inLanguage":"hu","@id":"https:\/\/ringsport.hu\/#\/schema\/logo\/image\/","url":"https:\/\/ringsport.hu\/wp-content\/uploads\/2024\/01\/RingSport-logo.png","contentUrl":"https:\/\/ringsport.hu\/wp-content\/uploads\/2024\/01\/RingSport-logo.png","width":1567,"height":182,"caption":"RingSport"},"image":{"@id":"https:\/\/ringsport.hu\/#\/schema\/logo\/image\/"}}]}},"_links":{"self":[{"href":"https:\/\/ringsport.hu\/index.php\/wp-json\/wp\/v2\/pages\/173","targetHints":{"allow":["GET"]}}],"collection":[{"href":"https:\/\/ringsport.hu\/index.php\/wp-json\/wp\/v2\/pages"}],"about":[{"href":"https:\/\/ringsport.hu\/index.php\/wp-json\/wp\/v2\/types\/page"}],"author":[{"embeddable":true,"href":"https:\/\/ringsport.hu\/index.php\/wp-json\/wp\/v2\/users\/2"}],"replies":[{"embeddable":true,"href":"https:\/\/ringsport.hu\/index.php\/wp-json\/wp\/v2\/comments?post=173"}],"version-history":[{"count":40,"href":"https:\/\/ringsport.hu\/index.php\/wp-json\/wp\/v2\/pages\/173\/revisions"}],"predecessor-version":[{"id":895,"href":"https:\/\/ringsport.hu\/index.php\/wp-json\/wp\/v2\/pages\/173\/revisions\/895"}],"wp:attachment":[{"href":"https:\/\/ringsport.hu\/index.php\/wp-json\/wp\/v2\/media?parent=173"}],"curies":[{"name":"wp","href":"https:\/\/api.w.org\/{rel}","templated":true}]}}