{"id":178,"date":"2024-01-04T12:12:12","date_gmt":"2024-01-04T12:12:12","guid":{"rendered":"https:\/\/ringsport.hu\/?page_id=178"},"modified":"2024-02-28T15:28:19","modified_gmt":"2024-02-28T15:28:19","slug":"kosarlabda","status":"publish","type":"page","link":"https:\/\/ringsport.hu\/index.php\/kosarlabda\/","title":{"rendered":"Kos\u00e1rlabda"},"content":{"rendered":"\n[et_pb_section fb_built=&#8221;1&#8243; _builder_version=&#8221;4.23.4&#8243; _module_preset=&#8221;default&#8221; background_video_mp4=&#8221;https:\/\/ringsport.hu\/wp-content\/uploads\/2024\/01\/pixellot_prime___basketball-Original.mp4&#8243; global_colors_info=&#8221;{}&#8221;][et_pb_row _builder_version=&#8221;4.23.4&#8243; _module_preset=&#8221;default&#8221; background_color=&#8221;RGBA(255,255,255,0)&#8221; global_colors_info=&#8221;{}&#8221;][et_pb_column type=&#8221;4_4&#8243; _builder_version=&#8221;4.23.4&#8243; _module_preset=&#8221;default&#8221; global_colors_info=&#8221;{}&#8221;][et_pb_slider _builder_version=&#8221;4.24.0&#8243; _module_preset=&#8221;default&#8221; background_color=&#8221;RGBA(255,255,255,0)&#8221; custom_button=&#8221;on&#8221; button_border_radius=&#8221;7px&#8221; button_use_icon=&#8221;off&#8221; global_colors_info=&#8221;{}&#8221;][et_pb_slide heading=&#8221;Automatiz\u00e1lt kamera rendszer kos\u00e1rlabd\u00e1hoz All-Star elemz\u00e9shez \u00e9s bev\u00e9tel szerz\u00e9shez&#8221; button_text=&#8221;\u00cdrj nek\u00fcnk&#8221; button_link=&#8221;https:\/\/ringsport.hu\/index.php\/kapcsolat\/&#8221; use_bg_overlay=&#8221;on&#8221; _builder_version=&#8221;4.24.0&#8243; _module_preset=&#8221;default&#8221; header_level=&#8221;h1&#8243; header_font=&#8221;|700||on|||||&#8221; header_text_align=&#8221;left&#8221; header_font_size=&#8221;60px&#8221; custom_button=&#8221;on&#8221; button_text_size=&#8221;20px&#8221; button_border_width=&#8221;2px&#8221; button_border_radius=&#8221;7px&#8221; button_font=&#8221;|700|||||||&#8221; button_use_icon=&#8221;off&#8221; button_alignment=&#8221;center&#8221; global_colors_info=&#8221;{}&#8221; sticky_transition=&#8221;on&#8221;][\/et_pb_slide][\/et_pb_slider][\/et_pb_column][\/et_pb_row][\/et_pb_section][et_pb_section fb_built=&#8221;1&#8243; _builder_version=&#8221;4.23.4&#8243; _module_preset=&#8221;default&#8221; global_colors_info=&#8221;{}&#8221;][et_pb_row _builder_version=&#8221;4.23.4&#8243; _module_preset=&#8221;default&#8221; background_enable_image=&#8221;off&#8221; global_colors_info=&#8221;{}&#8221;][et_pb_column type=&#8221;4_4&#8243; _builder_version=&#8221;4.23.4&#8243; _module_preset=&#8221;default&#8221; global_colors_info=&#8221;{}&#8221;][et_pb_text _builder_version=&#8221;4.24.0&#8243; _module_preset=&#8221;default&#8221; text_font_size=&#8221;16px&#8221; text_line_height=&#8221;1.5em&#8221; header_2_font=&#8221;|700||on|||||&#8221; header_2_font_size=&#8221;40px&#8221; header_2_line_height=&#8221;1.2em&#8221; global_colors_info=&#8221;{}&#8221;]<h2><span>STREAMELJEN, ELEMEZZEN \u00c9S SZEREZZEN BEV\u00c9TELT MINDEN J\u00c1T\u00c9KB\u00d3L<\/span><\/h2>\n<p><span>Teljesk\u00f6r\u0171 megold\u00e1sunk nem csak \u00e9l\u0151 j\u00e1t\u00e9k\u00e9lm\u00e9nyt biztos\u00edt a rajong\u00f3knak, de \u00f6sszek\u00f6ti \u0151ket kedvenc csapataikkal. Teljesen integr\u00e1lt a\u00a0sport OTT platform lehet\u0151v\u00e9 teszi saj\u00e1t csatorna l\u00e9trehoz\u00e1s\u00e1t, \u00e9l\u0151- \u00e9s ig\u00e9ny szerinti k\u00f6zvet\u00edt\u00e9ssel.<br \/>Sz\u00e1mos opcion\u00e1lis csomagot tartalmaz, amelyeket be\u00e1ll\u00edthat, hogy bev\u00e9telt szerezzen a j\u00e1t\u00e9kokb\u00f3l, p\u00e9ld\u00e1ul el\u0151fizet\u00e9sekb\u0151l \u00e9s alkalmi befizet\u00e9sekb\u0151l. A Pixellot tov\u00e1bbi el\u0151nye, hogy minden edz\u0151 sz\u00e1m\u00e1ra biztos\u00edtja a csapat \u00e9s a j\u00e1t\u00e9kos teljes\u00edtm\u00e9ny\u00e9nek jav\u00edt\u00e1s\u00e1hoz sz\u00fcks\u00e9ges fejlett eszk\u00f6z\u00f6ket. <\/span><\/p>[\/et_pb_text][et_pb_image src=&#8221;https:\/\/ringsport.hu\/wp-content\/uploads\/2024\/01\/air_camera_basketball_676.jpg&#8221; title_text=&#8221;air_camera_basketball_676&#8243; _builder_version=&#8221;4.23.4&#8243; _module_preset=&#8221;default&#8221; global_colors_info=&#8221;{}&#8221;][\/et_pb_image][et_pb_text _builder_version=&#8221;4.24.0&#8243; _module_preset=&#8221;default&#8221; text_font_size=&#8221;16px&#8221; text_line_height=&#8221;1.5em&#8221; header_2_font=&#8221;|700||on|||||&#8221; header_2_font_size=&#8221;40px&#8221; header_2_line_height=&#8221;1.2em&#8221; global_colors_info=&#8221;{}&#8221;]<h2>AI-AUTOMATIZ\u00c1LT TECHNOL\u00d3GIA<\/h2>\n<p>A kos\u00e1rlabda mostant\u00f3l nagyobb nyilv\u00e1noss\u00e1got \u00e9lvezhet a Pixellot AI automatiz\u00e1lt nyomk\u00f6vet\u0151 kamera- \u00e9s elemz\u00e9si megold\u00e1sainak k\u00f6sz\u00f6nhet\u0151en, egy speci\u00e1lisan a kos\u00e1rlabd\u00e1hoz kifejlesztett algoritmus l\u00e9hoz\u00e1sa r\u00e9v\u00e9n.\u00a0 A Pixellot &#8211; d\u00edjnyertes technol\u00f3gi\u00e1j\u00e1n alapul\u00f3-, t\u00f6bb kamer\u00e1t haszn\u00e1l a kos\u00e1rlabda-m\u00e9rk\u0151z\u00e9sek r\u00f6gz\u00edt\u00e9s\u00e9hez az eg\u00e9sz p\u00e1ly\u00e1t lefedve, \u00e9s automatikusan r\u00e1k\u00f6zel\u00edtve az \u00f6sszes akci\u00f3ra.<\/p>\n<p>A sportra tervezett algoritmusaink g\u00e9pi tanul\u00e1ssal folyamatosan jav\u00edtj\u00e1k az akci\u00f3 k\u00f6vet\u00e9s\u00e9nek m\u00f3dj\u00e1t, \u00edgy mindig \u00fagy n\u00e9z ki, mintha egy profi kamerast\u00e1b r\u00f6gz\u00edten\u00e9 a j\u00e1t\u00e9kot. A val\u00f3s\u00e1gban a kos\u00e1rlabd\u00e1t nyomon k\u00f6vet\u0151 szabadalmaztatott mesters\u00e9ges intelligencia \u00e1ll az eg\u00e9sz m\u00f6g\u00f6tt, amely az \u00f6sszes akci\u00f3t r\u00f6gz\u00edti \u00e9s \u00e9l\u0151ben k\u00f6zvet\u00edti.<\/p>[\/et_pb_text][et_pb_text _builder_version=&#8221;4.24.0&#8243; _module_preset=&#8221;default&#8221; text_font_size=&#8221;16px&#8221; text_line_height=&#8221;1.5em&#8221; header_2_font=&#8221;|700||on|||||&#8221; header_2_font_size=&#8221;40px&#8221; header_2_line_height=&#8221;1.2em&#8221; global_colors_info=&#8221;{}&#8221;]<h2>A VIL\u00c1G LEGJOBB MEGOLD\u00c1SA VIDE\u00d3 \u00c9S ANALITIKA SZ\u00c1M\u00c1RA<\/h2>\n<p>Az automatikus vide\u00f3k\u00e9sz\u00edt\u0151i \u00e9s az elemz\u0151i fel\u00fclet\u00fcnk \u00f6sszekapcsol\u00e1s\u00e1val garant\u00e1ljuk a leghat\u00e9konyabb edz\u0151i megold\u00e1sokat. Nem csoda, hogy a vil\u00e1g vezet\u0151 sz\u00f6vets\u00e9gei \u00e9s klubjai a Pixellot videotechnol\u00f3gi\u00e1j\u00e1t haszn\u00e1lj\u00e1k az edz\u00e9sek-, m\u00e9rk\u0151z\u00e9sek k\u00f6zbeni \u00e9s a m\u00e9rk\u0151z\u00e9s ut\u00e1ni elemz\u00e9s jav\u00edt\u00e1s\u00e1ra.<\/p>\n<p>A Pixellot technol\u00f3gi\u00e1j\u00e1val minden edz\u0151 \u00e9s csapat \u00e9lvezheti a legfejlettebb eszk\u00f6z\u00f6ket a m\u00e9rk\u0151z\u00e9sek vagy edz\u00e9sek elemz\u00e9s\u00e9hez. Minden meccset m\u00e9lyrehat\u00f3an elemez, megfigyel, hogyan j\u00e1tszanak a csapattagok t\u00e1mad\u00e1sban vagy ak\u00e1r v\u00e9dekez\u00e9sben \u00e9s ak\u00e1r m\u00e9g a labda mozg\u00e1s\u00e1t is lek\u00f6vetheti.<\/p>[\/et_pb_text][\/et_pb_column][\/et_pb_row][et_pb_row column_structure=&#8221;1_3,1_3,1_3&#8243; _builder_version=&#8221;4.24.0&#8243; _module_preset=&#8221;default&#8221; locked=&#8221;off&#8221; global_colors_info=&#8221;{}&#8221;][et_pb_column type=&#8221;1_3&#8243; _builder_version=&#8221;4.24.0&#8243; _module_preset=&#8221;default&#8221; global_colors_info=&#8221;{}&#8221;][et_pb_blurb title=&#8221;Stream&#8221; image=&#8221;https:\/\/ringsport.hu\/wp-content\/uploads\/2024\/01\/icon1.png&#8221; _builder_version=&#8221;4.24.0&#8243; _module_preset=&#8221;default&#8221; header_font=&#8221;|600|||||||&#8221; header_text_color=&#8221;#000000&#8243; body_text_color=&#8221;#000000&#8243; animation=&#8221;off&#8221; global_colors_info=&#8221;{}&#8221;]<p>A Pixellot seg\u00edts\u00e9g\u00e9vel minden meccset streamelhet a t\u00e9v\u00e9ben, a k\u00f6z\u00f6ss\u00e9gi m\u00e9dia csatorn\u00e1in, az OTT vagy a streaming csatorn\u00e1kon. Nincs platformja? Mi \u00e9p\u00edt\u00fcnk neked egy ingyenes, fizet\u0151s vagy freemium csatorn\u00e1t.<\/p>[\/et_pb_blurb][\/et_pb_column][et_pb_column type=&#8221;1_3&#8243; _builder_version=&#8221;4.24.0&#8243; _module_preset=&#8221;default&#8221; global_colors_info=&#8221;{}&#8221;][et_pb_blurb title=&#8221;Elemz\u00e9s&#8221; image=&#8221;https:\/\/ringsport.hu\/wp-content\/uploads\/2024\/01\/icon2.png&#8221; _builder_version=&#8221;4.24.0&#8243; _module_preset=&#8221;default&#8221; header_font=&#8221;|600|||||||&#8221; header_text_color=&#8221;#000000&#8243; body_text_color=&#8221;#000000&#8243; animation=&#8221;off&#8221; global_colors_info=&#8221;{}&#8221;]<p>Elemezzen minden j\u00e1t\u00e9kost \u00e9s minden j\u00e1t\u00e9kot a p\u00e1ly\u00e1n, hogy seg\u00edtse a val\u00f3s idej\u0171 kispaddal \u00e9s \u00f6lt\u00f6z\u0151vel kapcsolatos d\u00f6nt\u00e9sek meghozatal\u00e1t. Tanulm\u00e1nyozd a m\u00e9rk\u0151z\u00e9seket \u00e9s a csapatteljes\u00edtm\u00e9nyt, c\u00edmk\u00e9zz \u00e9s szerkessz videoklipeket \u00fatk\u00f6zben az azonnali visszaj\u00e1tsz\u00e1sokhoz, \u00e9s k\u00e9sz\u00edts f\u00e9lid\u0151s vide\u00f3t, amely val\u00f3s id\u0151ben versenyel\u0151nyt biztos\u00edt.<\/p>[\/et_pb_blurb][\/et_pb_column][et_pb_column type=&#8221;1_3&#8243; _builder_version=&#8221;4.24.0&#8243; _module_preset=&#8221;default&#8221; global_colors_info=&#8221;{}&#8221;][et_pb_blurb title=&#8221;N\u00f6veked\u00e9s&#8221; image=&#8221;https:\/\/ringsport.hu\/wp-content\/uploads\/2024\/01\/icon3.png&#8221; _builder_version=&#8221;4.24.0&#8243; _module_preset=&#8221;default&#8221; header_font=&#8221;|600|||||||&#8221; header_text_color=&#8221;#000000&#8243; body_text_color=&#8221;#000000&#8243; animation=&#8221;off&#8221; global_colors_info=&#8221;{}&#8221;]<p>N\u00f6velje rajong\u00f3i b\u00e1zis\u00e1t, \u00e9s fedezzen fel \u00faj bev\u00e9teli forr\u00e1sokat automatiz\u00e1lt kiemel\u00e9sekkel, sizzle reels \u00e9s vonz\u00f3 vide\u00f3kkal. Szerezzen t\u00f6bb ezer \u00faj k\u00f6vet\u0151t a k\u00f6z\u00f6ss\u00e9gi m\u00e9di\u00e1ban, \u00e9s n\u00f6velje online ismerts\u00e9g\u00e9t.<\/p>[\/et_pb_blurb][\/et_pb_column][\/et_pb_row][\/et_pb_section][et_pb_section fb_built=&#8221;1&#8243; _builder_version=&#8221;4.24.0&#8243; _module_preset=&#8221;default&#8221; background_color=&#8221;rgba(0,0,0,0.11)&#8221; background_image=&#8221;https:\/\/ringsport.hu\/wp-content\/uploads\/2024\/02\/shutterstock_717673255_full.jpg&#8221; background_blend=&#8221;overlay&#8221; mix_blend_mode=&#8221;overlay&#8221; locked=&#8221;off&#8221; global_colors_info=&#8221;{}&#8221;][et_pb_row _builder_version=&#8221;4.24.0&#8243; _module_preset=&#8221;default&#8221; global_colors_info=&#8221;{}&#8221;][et_pb_column type=&#8221;4_4&#8243; _builder_version=&#8221;4.24.0&#8243; _module_preset=&#8221;default&#8221; global_colors_info=&#8221;{}&#8221;][et_pb_text _builder_version=&#8221;4.24.0&#8243; _module_preset=&#8221;default&#8221; text_font=&#8221;|||on|||||&#8221; header_2_font=&#8221;|700||on|||||&#8221; header_2_text_color=&#8221;#FFFFFF&#8221; header_2_font_size=&#8221;40px&#8221; text_orientation=&#8221;center&#8221; hover_enabled=&#8221;0&#8243; global_colors_info=&#8221;{}&#8221; sticky_enabled=&#8221;0&#8243;]<h2><span>Szeretn\u00e9l t\u00f6bbet megtudni a Pixellot kos\u00e1rlabda kamer\u00e1r\u00f3l?<\/span><\/h2>[\/et_pb_text][et_pb_button button_url=&#8221;https:\/\/ringsport.hu\/index.php\/kapcsolat\/&#8221; button_text=&#8221;\u00cdrj nek\u00fcnk&#8221; button_alignment=&#8221;center&#8221; _builder_version=&#8221;4.24.0&#8243; _module_preset=&#8221;default&#8221; custom_button=&#8221;on&#8221; button_text_size=&#8221;20px&#8221; button_text_color=&#8221;#FFFFFF&#8221; button_border_radius=&#8221;7px&#8221; button_font=&#8221;|700|||||||&#8221; button_use_icon=&#8221;off&#8221; global_colors_info=&#8221;{}&#8221;][\/et_pb_button][\/et_pb_column][\/et_pb_row][\/et_pb_section]\n","protected":false},"excerpt":{"rendered":"<p>STREAMELJEN, ELEMEZZEN \u00c9S SZEREZZEN BEV\u00c9TELT MINDEN J\u00c1T\u00c9KB\u00d3L Teljesk\u00f6r\u0171 megold\u00e1sunk nem csak \u00e9l\u0151 j\u00e1t\u00e9k\u00e9lm\u00e9nyt biztos\u00edt a rajong\u00f3knak, de \u00f6sszek\u00f6ti \u0151ket kedvenc csapataikkal. Teljesen integr\u00e1lt a\u00a0sport OTT platform lehet\u0151v\u00e9 teszi saj\u00e1t csatorna l\u00e9trehoz\u00e1s\u00e1t, \u00e9l\u0151- \u00e9s ig\u00e9ny szerinti k\u00f6zvet\u00edt\u00e9ssel.Sz\u00e1mos opcion\u00e1lis csomagot tartalmaz, amelyeket be\u00e1ll\u00edthat, hogy bev\u00e9telt szerezzen a j\u00e1t\u00e9kokb\u00f3l, p\u00e9ld\u00e1ul el\u0151fizet\u00e9sekb\u0151l \u00e9s alkalmi befizet\u00e9sekb\u0151l. A Pixellot tov\u00e1bbi el\u0151nye, [&hellip;]<\/p>\n","protected":false},"author":2,"featured_media":0,"parent":0,"menu_order":0,"comment_status":"closed","ping_status":"closed","template":"","meta":{"_et_pb_use_builder":"on","_et_pb_old_content":"","_et_gb_content_width":"","footnotes":""},"class_list":["post-178","page","type-page","status-publish","hentry"],"yoast_head":"<!-- This site is optimized with the Yoast SEO Premium plugin v27.5 (Yoast SEO v27.5) - https:\/\/yoast.com\/product\/yoast-seo-premium-wordpress\/ -->\n<title>Kos\u00e1rlabda - RingSport<\/title>\n<meta name=\"description\" content=\"A kos\u00e1rlabda mostant\u00f3l nagyobb nyilv\u00e1noss\u00e1got \u00e9lvezhet a Pixellot AI automatiz\u00e1lt sport kamera- \u00e9s elemz\u00e9si megold\u00e1sainak k\u00f6sz\u00f6nhet\u0151en, egy speci\u00e1lisan a kos\u00e1rlabd\u00e1hoz kifejlesztett algoritmus l\u00e9trehoz\u00e1sa r\u00e9v\u00e9n.\" \/>\n<meta name=\"robots\" content=\"index, follow, max-snippet:-1, max-image-preview:large, max-video-preview:-1\" \/>\n<link rel=\"canonical\" href=\"https:\/\/ringsport.hu\/index.php\/kosarlabda\/\" \/>\n<meta property=\"og:locale\" content=\"hu_HU\" \/>\n<meta property=\"og:type\" content=\"article\" \/>\n<meta property=\"og:title\" content=\"Kos\u00e1rlabda\" \/>\n<meta property=\"og:description\" content=\"A kos\u00e1rlabda mostant\u00f3l nagyobb nyilv\u00e1noss\u00e1got \u00e9lvezhet a Pixellot AI automatiz\u00e1lt sport kamera- \u00e9s elemz\u00e9si megold\u00e1sainak k\u00f6sz\u00f6nhet\u0151en, egy speci\u00e1lisan a kos\u00e1rlabd\u00e1hoz kifejlesztett algoritmus l\u00e9trehoz\u00e1sa r\u00e9v\u00e9n.\" \/>\n<meta property=\"og:url\" content=\"https:\/\/ringsport.hu\/index.php\/kosarlabda\/\" \/>\n<meta property=\"og:site_name\" content=\"RingSport\" \/>\n<meta property=\"article:modified_time\" content=\"2024-02-28T15:28:19+00:00\" \/>\n<meta name=\"twitter:card\" content=\"summary_large_image\" \/>\n<meta name=\"twitter:label1\" content=\"Becs\u00fclt olvas\u00e1si id\u0151\" \/>\n\t<meta name=\"twitter:data1\" content=\"3 perc\" \/>\n<script type=\"application\/ld+json\" class=\"yoast-schema-graph\">{\"@context\":\"https:\\\/\\\/schema.org\",\"@graph\":[{\"@type\":\"WebPage\",\"@id\":\"https:\\\/\\\/ringsport.hu\\\/index.php\\\/kosarlabda\\\/\",\"url\":\"https:\\\/\\\/ringsport.hu\\\/index.php\\\/kosarlabda\\\/\",\"name\":\"Kos\u00e1rlabda - RingSport\",\"isPartOf\":{\"@id\":\"https:\\\/\\\/ringsport.hu\\\/#website\"},\"datePublished\":\"2024-01-04T12:12:12+00:00\",\"dateModified\":\"2024-02-28T15:28:19+00:00\",\"description\":\"A kos\u00e1rlabda mostant\u00f3l nagyobb nyilv\u00e1noss\u00e1got \u00e9lvezhet a Pixellot AI automatiz\u00e1lt sport kamera- \u00e9s elemz\u00e9si megold\u00e1sainak k\u00f6sz\u00f6nhet\u0151en, egy speci\u00e1lisan a kos\u00e1rlabd\u00e1hoz kifejlesztett algoritmus l\u00e9trehoz\u00e1sa r\u00e9v\u00e9n.\",\"breadcrumb\":{\"@id\":\"https:\\\/\\\/ringsport.hu\\\/index.php\\\/kosarlabda\\\/#breadcrumb\"},\"inLanguage\":\"hu\",\"potentialAction\":[{\"@type\":\"ReadAction\",\"target\":[\"https:\\\/\\\/ringsport.hu\\\/index.php\\\/kosarlabda\\\/\"]}]},{\"@type\":\"BreadcrumbList\",\"@id\":\"https:\\\/\\\/ringsport.hu\\\/index.php\\\/kosarlabda\\\/#breadcrumb\",\"itemListElement\":[{\"@type\":\"ListItem\",\"position\":1,\"name\":\"Kezd\u0151lap\",\"item\":\"https:\\\/\\\/ringsport.hu\\\/\"},{\"@type\":\"ListItem\",\"position\":2,\"name\":\"Kos\u00e1rlabda\"}]},{\"@type\":\"WebSite\",\"@id\":\"https:\\\/\\\/ringsport.hu\\\/#website\",\"url\":\"https:\\\/\\\/ringsport.hu\\\/\",\"name\":\"RingSport\",\"description\":\"AI-automatiz\u00e1lt sportkamera \u00e9s elemz\u00e9sek\",\"publisher\":{\"@id\":\"https:\\\/\\\/ringsport.hu\\\/#organization\"},\"potentialAction\":[{\"@type\":\"SearchAction\",\"target\":{\"@type\":\"EntryPoint\",\"urlTemplate\":\"https:\\\/\\\/ringsport.hu\\\/?s={search_term_string}\"},\"query-input\":{\"@type\":\"PropertyValueSpecification\",\"valueRequired\":true,\"valueName\":\"search_term_string\"}}],\"inLanguage\":\"hu\"},{\"@type\":\"Organization\",\"@id\":\"https:\\\/\\\/ringsport.hu\\\/#organization\",\"name\":\"RingSport\",\"url\":\"https:\\\/\\\/ringsport.hu\\\/\",\"logo\":{\"@type\":\"ImageObject\",\"inLanguage\":\"hu\",\"@id\":\"https:\\\/\\\/ringsport.hu\\\/#\\\/schema\\\/logo\\\/image\\\/\",\"url\":\"https:\\\/\\\/ringsport.hu\\\/wp-content\\\/uploads\\\/2024\\\/01\\\/RingSport-logo.png\",\"contentUrl\":\"https:\\\/\\\/ringsport.hu\\\/wp-content\\\/uploads\\\/2024\\\/01\\\/RingSport-logo.png\",\"width\":1567,\"height\":182,\"caption\":\"RingSport\"},\"image\":{\"@id\":\"https:\\\/\\\/ringsport.hu\\\/#\\\/schema\\\/logo\\\/image\\\/\"}}]}<\/script>\n<!-- \/ Yoast SEO Premium plugin. -->","yoast_head_json":{"title":"Kos\u00e1rlabda - RingSport","description":"A kos\u00e1rlabda mostant\u00f3l nagyobb nyilv\u00e1noss\u00e1got \u00e9lvezhet a Pixellot AI automatiz\u00e1lt sport kamera- \u00e9s elemz\u00e9si megold\u00e1sainak k\u00f6sz\u00f6nhet\u0151en, egy speci\u00e1lisan a kos\u00e1rlabd\u00e1hoz kifejlesztett algoritmus l\u00e9trehoz\u00e1sa r\u00e9v\u00e9n.","robots":{"index":"index","follow":"follow","max-snippet":"max-snippet:-1","max-image-preview":"max-image-preview:large","max-video-preview":"max-video-preview:-1"},"canonical":"https:\/\/ringsport.hu\/index.php\/kosarlabda\/","og_locale":"hu_HU","og_type":"article","og_title":"Kos\u00e1rlabda","og_description":"A kos\u00e1rlabda mostant\u00f3l nagyobb nyilv\u00e1noss\u00e1got \u00e9lvezhet a Pixellot AI automatiz\u00e1lt sport kamera- \u00e9s elemz\u00e9si megold\u00e1sainak k\u00f6sz\u00f6nhet\u0151en, egy speci\u00e1lisan a kos\u00e1rlabd\u00e1hoz kifejlesztett algoritmus l\u00e9trehoz\u00e1sa r\u00e9v\u00e9n.","og_url":"https:\/\/ringsport.hu\/index.php\/kosarlabda\/","og_site_name":"RingSport","article_modified_time":"2024-02-28T15:28:19+00:00","twitter_card":"summary_large_image","twitter_misc":{"Becs\u00fclt olvas\u00e1si id\u0151":"3 perc"},"schema":{"@context":"https:\/\/schema.org","@graph":[{"@type":"WebPage","@id":"https:\/\/ringsport.hu\/index.php\/kosarlabda\/","url":"https:\/\/ringsport.hu\/index.php\/kosarlabda\/","name":"Kos\u00e1rlabda - RingSport","isPartOf":{"@id":"https:\/\/ringsport.hu\/#website"},"datePublished":"2024-01-04T12:12:12+00:00","dateModified":"2024-02-28T15:28:19+00:00","description":"A kos\u00e1rlabda mostant\u00f3l nagyobb nyilv\u00e1noss\u00e1got \u00e9lvezhet a Pixellot AI automatiz\u00e1lt sport kamera- \u00e9s elemz\u00e9si megold\u00e1sainak k\u00f6sz\u00f6nhet\u0151en, egy speci\u00e1lisan a kos\u00e1rlabd\u00e1hoz kifejlesztett algoritmus l\u00e9trehoz\u00e1sa r\u00e9v\u00e9n.","breadcrumb":{"@id":"https:\/\/ringsport.hu\/index.php\/kosarlabda\/#breadcrumb"},"inLanguage":"hu","potentialAction":[{"@type":"ReadAction","target":["https:\/\/ringsport.hu\/index.php\/kosarlabda\/"]}]},{"@type":"BreadcrumbList","@id":"https:\/\/ringsport.hu\/index.php\/kosarlabda\/#breadcrumb","itemListElement":[{"@type":"ListItem","position":1,"name":"Kezd\u0151lap","item":"https:\/\/ringsport.hu\/"},{"@type":"ListItem","position":2,"name":"Kos\u00e1rlabda"}]},{"@type":"WebSite","@id":"https:\/\/ringsport.hu\/#website","url":"https:\/\/ringsport.hu\/","name":"RingSport","description":"AI-automatiz\u00e1lt sportkamera \u00e9s elemz\u00e9sek","publisher":{"@id":"https:\/\/ringsport.hu\/#organization"},"potentialAction":[{"@type":"SearchAction","target":{"@type":"EntryPoint","urlTemplate":"https:\/\/ringsport.hu\/?s={search_term_string}"},"query-input":{"@type":"PropertyValueSpecification","valueRequired":true,"valueName":"search_term_string"}}],"inLanguage":"hu"},{"@type":"Organization","@id":"https:\/\/ringsport.hu\/#organization","name":"RingSport","url":"https:\/\/ringsport.hu\/","logo":{"@type":"ImageObject","inLanguage":"hu","@id":"https:\/\/ringsport.hu\/#\/schema\/logo\/image\/","url":"https:\/\/ringsport.hu\/wp-content\/uploads\/2024\/01\/RingSport-logo.png","contentUrl":"https:\/\/ringsport.hu\/wp-content\/uploads\/2024\/01\/RingSport-logo.png","width":1567,"height":182,"caption":"RingSport"},"image":{"@id":"https:\/\/ringsport.hu\/#\/schema\/logo\/image\/"}}]}},"_links":{"self":[{"href":"https:\/\/ringsport.hu\/index.php\/wp-json\/wp\/v2\/pages\/178","targetHints":{"allow":["GET"]}}],"collection":[{"href":"https:\/\/ringsport.hu\/index.php\/wp-json\/wp\/v2\/pages"}],"about":[{"href":"https:\/\/ringsport.hu\/index.php\/wp-json\/wp\/v2\/types\/page"}],"author":[{"embeddable":true,"href":"https:\/\/ringsport.hu\/index.php\/wp-json\/wp\/v2\/users\/2"}],"replies":[{"embeddable":true,"href":"https:\/\/ringsport.hu\/index.php\/wp-json\/wp\/v2\/comments?post=178"}],"version-history":[{"count":24,"href":"https:\/\/ringsport.hu\/index.php\/wp-json\/wp\/v2\/pages\/178\/revisions"}],"predecessor-version":[{"id":786,"href":"https:\/\/ringsport.hu\/index.php\/wp-json\/wp\/v2\/pages\/178\/revisions\/786"}],"wp:attachment":[{"href":"https:\/\/ringsport.hu\/index.php\/wp-json\/wp\/v2\/media?parent=178"}],"curies":[{"name":"wp","href":"https:\/\/api.w.org\/{rel}","templated":true}]}}