{"id":191,"date":"2024-01-04T12:46:21","date_gmt":"2024-01-04T12:46:21","guid":{"rendered":"https:\/\/ringsport.hu\/?page_id=191"},"modified":"2024-02-02T10:45:08","modified_gmt":"2024-02-02T10:45:08","slug":"ai-kamerarendszer-sportkamera-gyeplabda","status":"publish","type":"page","link":"https:\/\/ringsport.hu\/index.php\/ai-kamerarendszer-sportkamera-gyeplabda\/","title":{"rendered":"Gyeplabda"},"content":{"rendered":"\n[et_pb_section fb_built=&#8221;1&#8243; _builder_version=&#8221;4.24.0&#8243; _module_preset=&#8221;default&#8221; background_video_mp4=&#8221;https:\/\/ringsport.hu\/wp-content\/uploads\/2024\/01\/Pixellot-Gyplabda-720.mp4&#8243; global_colors_info=&#8221;{}&#8221;][et_pb_row _builder_version=&#8221;4.23.4&#8243; _module_preset=&#8221;default&#8221; global_colors_info=&#8221;{}&#8221;][et_pb_column type=&#8221;4_4&#8243; _builder_version=&#8221;4.23.4&#8243; _module_preset=&#8221;default&#8221; global_colors_info=&#8221;{}&#8221;][et_pb_slider use_bg_overlay=&#8221;on&#8221; _builder_version=&#8221;4.24.0&#8243; _module_preset=&#8221;default&#8221; custom_button=&#8221;on&#8221; button_border_radius=&#8221;7px&#8221; button_font=&#8221;|700|||||||&#8221; button_use_icon=&#8221;off&#8221; hover_enabled=&#8221;0&#8243; global_colors_info=&#8221;{}&#8221; sticky_enabled=&#8221;0&#8243;][et_pb_slide heading=&#8221;AUTOMATIZ\u00c1LT \u00c9L\u0150 K\u00d6ZVET\u00cdT\u00c9S MINDEN gyeplabda MECCSR\u0150L!&#8221; button_text=&#8221;\u00cdrj nek\u00fcnk&#8221; button_link=&#8221;https:\/\/ringsport.hu\/index.php\/kapcsolat\/&#8221; _builder_version=&#8221;4.24.0&#8243; _module_preset=&#8221;default&#8221; header_level=&#8221;h1&#8243; header_font=&#8221;|700||on|||||&#8221; header_font_size=&#8221;60px&#8221; header_line_height=&#8221;1.1em&#8221; background_color=&#8221;RGBA(255,255,255,0)&#8221; background_enable_color=&#8221;on&#8221; custom_button=&#8221;on&#8221; button_text_size=&#8221;20px&#8221; button_text_color=&#8221;#FFFFFF&#8221; button_border_width=&#8221;2px&#8221; button_border_radius=&#8221;7px&#8221; button_font=&#8221;|700|||||||&#8221; hover_enabled=&#8221;0&#8243; global_colors_info=&#8221;{}&#8221; sticky_transition=&#8221;on&#8221; sticky_enabled=&#8221;0&#8243;][\/et_pb_slide][\/et_pb_slider][\/et_pb_column][\/et_pb_row][\/et_pb_section][et_pb_section fb_built=&#8221;1&#8243; _builder_version=&#8221;4.23.4&#8243; _module_preset=&#8221;default&#8221; global_colors_info=&#8221;{}&#8221;][et_pb_row _builder_version=&#8221;4.23.4&#8243; _module_preset=&#8221;default&#8221; global_colors_info=&#8221;{}&#8221;][et_pb_column type=&#8221;4_4&#8243; _builder_version=&#8221;4.23.4&#8243; _module_preset=&#8221;default&#8221; global_colors_info=&#8221;{}&#8221;][et_pb_text _builder_version=&#8221;4.24.0&#8243; _module_preset=&#8221;default&#8221; text_font_size=&#8221;16px&#8221; text_line_height=&#8221;1.3em&#8221; header_2_font=&#8221;|700||on|||||&#8221; header_2_font_size=&#8221;40px&#8221; header_2_line_height=&#8221;1.1em&#8221; global_colors_info=&#8221;{}&#8221;]<h2><strong>AUTOMATIZ\u00c1LT J\u00c1T\u00c9KK\u00d6ZVET\u00cdT\u00c9S MESTERS\u00c9GES INTELLIGENCI\u00c1VAL <\/strong><\/h2>\n<p><span>A gyeplabda sz\u00e1m\u00e1ra kifejlesztett cs\u00facstechnol\u00f3gi\u00e1s megold\u00e1sunk biztos\u00edtja a kiv\u00e1l\u00f3 min\u0151s\u00e9g\u0171 meccsk\u00f6zvet\u00edt\u00e9st, amely hasonl\u00f3 ahhoz az \u00e9lm\u00e9nyhez, mintha egy profi st\u00e1b \u00e1ltal k\u00f6zvet\u00edtett meccset n\u00e9zne. Rendszer\u00fcnk minden munk\u00e1t automatikusan elv\u00e9gez, r\u00f6gz\u00edt, el\u0151\u00e1ll\u00edt \u00e9s \u00e9l\u0151ben k\u00f6zvet\u00edt, mindezt a mesters\u00e9ges intelligencia \u00e9s a felh\u0151 haszn\u00e1lat\u00e1val.&#8221;<\/span><\/p>\n<p><span>Sz\u00f6vets\u00e9gek, lig\u00e1k, ir\u00e1ny\u00edt\u00f3 szervek, sportk\u00f6zvet\u00edt\u0151k, streaming platformok, a jogtulajdonosok \u00e9s a t\u00e1vk\u00f6zl\u00e9si szolg\u00e1ltat\u00f3k mind profit\u00e1lhatnak abb\u00f3l, hogy k\u00f6lts\u00e9ghat\u00e9konyan r\u00f6gz\u00edthetik \u00e9s megoszthatj\u00e1k b\u00e1rmely liga \u00f6sszes j\u00e1t\u00e9k\u00e1t.<\/span><\/p>[\/et_pb_text][et_pb_image src=&#8221;https:\/\/ringsport.hu\/wp-content\/uploads\/2024\/01\/field-hockey-ott-1024&#215;682-1.webp&#8221; title_text=&#8221;field-hockey-ott-1024&#215;682&#8243; _builder_version=&#8221;4.23.4&#8243; _module_preset=&#8221;default&#8221; global_colors_info=&#8221;{}&#8221;][\/et_pb_image][et_pb_text _builder_version=&#8221;4.24.0&#8243; _module_preset=&#8221;default&#8221; text_font_size=&#8221;16px&#8221; text_line_height=&#8221;1.3em&#8221; header_font=&#8221;|||on|||||&#8221; header_2_font=&#8221;|700||on|||||&#8221; header_2_font_size=&#8221;40px&#8221; header_2_line_height=&#8221;1.1em&#8221; global_colors_info=&#8221;{}&#8221;]<h2>A VEZET\u0150 gyeplabda VIDE\u00d3 \u00c9S ANALITIKAI MEGOLD\u00c1S<\/h2>\n<p>A panor\u00e1m\u00e1s taktikai sportvide\u00f3-gy\u00e1rt\u00e1s \u00e9s a <a href=\"https:\/\/ringsport.hu\/index.php\/vidswap-analitika\/\">VidSwap<\/a> analitikai rendszer integr\u00e1l\u00e1s\u00e1val garant\u00e1ljuk a t\u00f6k\u00e9letes, racionaliz\u00e1lt vide\u00f3edz\u0151i megold\u00e1sokat. Nem csoda, hogy a vil\u00e1g vezet\u0151 klubjai a Pixellot videotechnol\u00f3gi\u00e1j\u00e1t haszn\u00e1lj\u00e1k a gyeplabda-elemz\u00e9s jav\u00edt\u00e1s\u00e1ra az edz\u00e9seken, a m\u00e9rk\u0151z\u00e9s alatt \u00e9s a m\u00e9rk\u0151z\u00e9s ut\u00e1n. Automatiz\u00e1lt vide\u00f3s megold\u00e1sunk k\u00e9pes a labd\u00e1t, a j\u00e1t\u00e9kosokat \u00e9s a j\u00e1t\u00e9kmenetet 100%-ban k\u00f6vetni.<\/p>\n<p>A Pixellot technol\u00f3gi\u00e1j\u00e1val minden edz\u0151 \u00e9s csapat \u00e9lvezheti a legfejlettebb analitikai eszk\u00f6z\u00f6ket, amelyek minden m\u00e9rk\u0151z\u00e9st vagy edz\u00e9st elemeznek, minden j\u00e1t\u00e9kot lebontanak \u00e9s m\u00e9lyen belemer\u00fclhetnek az egyes sportol\u00f3k teljes\u00edtm\u00e9ny\u00e9be.<\/p>\n<h2>Streamel\u00e9s \u00e9s bev\u00e9telforr\u00e1s<\/h2>\n<p>Teljes k\u00f6r\u0171, v\u00e9gpontt\u00f3l v\u00e9gpontig tart\u00f3 megold\u00e1sunk \u00e9l\u0151 j\u00e1t\u00e9k\u00e9lm\u00e9nyt ny\u00fajt a szurkol\u00f3knak, \u00e9s \u00f6sszek\u00f6ti \u0151ket kedvenc csapataikkal. Teljesen integr\u00e1lt OTT platformunk lehet\u0151v\u00e9 teszi, hogy saj\u00e1t csatorn\u00e1t hozzon l\u00e9tre \u00e9l\u0151 \u00e9s lek\u00e9rhet\u0151 streaminggel. Sz\u00e1mos opcion\u00e1lis csomagot tartalmaz, amelyeket be\u00e1ll\u00edthat a m\u00e9rk\u0151z\u00e9sek p\u00e9nzz\u00e9 t\u00e9tel\u00e9hez, p\u00e9ld\u00e1ul el\u0151fizet\u00e9si \u00e9s alkalmank\u00e9nti fizet\u00e9si\u00a0 opci\u00f3kkal.<\/p>[\/et_pb_text][\/et_pb_column][\/et_pb_row][et_pb_row column_structure=&#8221;1_3,1_3,1_3&#8243; _builder_version=&#8221;4.24.0&#8243; _module_preset=&#8221;default&#8221; locked=&#8221;off&#8221; global_colors_info=&#8221;{}&#8221;][et_pb_column type=&#8221;1_3&#8243; _builder_version=&#8221;4.24.0&#8243; _module_preset=&#8221;default&#8221; global_colors_info=&#8221;{}&#8221;][et_pb_blurb title=&#8221;El\u0151k\u00e9sz\u00edt\u00e9s\u202f&#8221; image=&#8221;https:\/\/ringsport.hu\/wp-content\/uploads\/2024\/01\/icon1.png&#8221; _builder_version=&#8221;4.24.0&#8243; _module_preset=&#8221;default&#8221; header_font=&#8221;|600|||||||&#8221; header_text_color=&#8221;#000000&#8243; body_text_color=&#8221;#000000&#8243; animation=&#8221;off&#8221; global_colors_info=&#8221;{}&#8221;]<p>Haszn\u00e1ljon sz\u00e9les l\u00e1t\u00f3sz\u00f6g\u0171 p\u00e1lya felv\u00e9telt az eg\u00e9sz munkamenetek elemz\u00e9s\u00e9hez \u00e9s szerkeszt\u00e9s\u00e9hez. F\u00f3kusz\u00e1ljon t\u00f6bb gyakorlatra r\u00f6gz\u00edtett k\u00e9pkock\u00e1k \u00e9s id\u0151jelek seg\u00edts\u00e9g\u00e9vel, vagy v\u00e1ltson panor\u00e1ma m\u00f3dra a teljes mez\u0151ny \u00e1ttekint\u00e9s\u00e9hez. Az on-the-go elemz\u00e9shez a klipek mobileszk\u00f6z\u00f6k\u00f6n is megtekinthet\u0151k.<\/p>[\/et_pb_blurb][\/et_pb_column][et_pb_column type=&#8221;1_3&#8243; _builder_version=&#8221;4.24.0&#8243; _module_preset=&#8221;default&#8221; global_colors_info=&#8221;{}&#8221;][et_pb_blurb title=&#8221;\u00c9l\u0151 elemz\u00e9s\u202f&#8221; image=&#8221;https:\/\/ringsport.hu\/wp-content\/uploads\/2024\/01\/icon2.png&#8221; _builder_version=&#8221;4.24.0&#8243; _module_preset=&#8221;default&#8221; header_font=&#8221;|600|||||||&#8221; header_text_color=&#8221;#000000&#8243; body_text_color=&#8221;#000000&#8243; animation=&#8221;off&#8221; global_colors_info=&#8221;{}&#8221;]<p>Az \u00e9l\u0151 j\u00e1t\u00e9km\u00f3d lehet\u0151v\u00e9 teszi az elemz\u0151k \u00e9s az edz\u0151i asszisztensek sz\u00e1m\u00e1ra, hogy a p\u00e1ly\u00e1n l\u00e9v\u0151 minden egyes j\u00e1t\u00e9kost l\u00e1thassanak, \u00edgy t\u00e1mogatva a val\u00f3s idej\u0171 edz\u0151i d\u00f6nt\u00e9seket. Tanulm\u00e1nyozd a csapat form\u00e1ci\u00f3it \u00e9s teljes\u00edtm\u00e9ny\u00e9t, c\u00edmk\u00e9zz \u00e9s szerkessz klipeket \u00fatk\u00f6zben az azonnali visszaj\u00e1tsz\u00e1sokhoz, \u00e9s k\u00e9sz\u00edts vide\u00f3tekercseket a j\u00e1t\u00e9kid\u0151szakok k\u00f6z\u00f6tt, hogy csapatod versenyel\u0151nyh\u00f6z jusson a m\u00e9rk\u0151z\u00e9s sor\u00e1n.<\/p>[\/et_pb_blurb][\/et_pb_column][et_pb_column type=&#8221;1_3&#8243; _builder_version=&#8221;4.24.0&#8243; _module_preset=&#8221;default&#8221; global_colors_info=&#8221;{}&#8221;][et_pb_blurb title=&#8221;\u00c9rt\u00e9kel\u00e9s&#8221; image=&#8221;https:\/\/ringsport.hu\/wp-content\/uploads\/2024\/01\/icon3.png&#8221; _builder_version=&#8221;4.24.0&#8243; _module_preset=&#8221;default&#8221; header_font=&#8221;|600|||||||&#8221; header_text_color=&#8221;#000000&#8243; body_text_color=&#8221;#000000&#8243; animation=&#8221;off&#8221; global_colors_info=&#8221;{}&#8221;]<p>A m\u00e9rk\u0151z\u00e9s ut\u00e1n a vide\u00f3 automatikusan felt\u00f6lt\u0151dik elemz\u0151 szoftver\u00fcnkbe, \u00e9s r\u00f6viddel ezut\u00e1n el\u00e9rhet\u0151v\u00e9 v\u00e1lik a teljes meccselemz\u00e9s. A m\u00e9rk\u0151z\u00e9st \u00f6nmaga is k\u00f3dolhatja, klipeket szerkeszthet, esem\u00e9nyeket jel\u00f6lhet, megoszthatja a felv\u00e9teleket, \u00e9s elemezheti a teljes j\u00e1t\u00e9k, csapat- \u00e9s j\u00e1t\u00e9kosadatokat. Szeretne a saj\u00e1t platformj\u00e1n dolgozni? Nem probl\u00e9ma, a vide\u00f3t \u00e9s az adatokat z\u00f6kken\u0151mentesen integr\u00e1lhatja b\u00e1rmely harmadik f\u00e9l szolg\u00e1ltat\u00f3j\u00e1hoz is.<\/p>[\/et_pb_blurb][\/et_pb_column][\/et_pb_row][\/et_pb_section][et_pb_section fb_built=&#8221;1&#8243; _builder_version=&#8221;4.24.0&#8243; _module_preset=&#8221;default&#8221; background_color=&#8221;rgba(0,0,0,0.11)&#8221; background_image=&#8221;https:\/\/ringsport.hu\/wp-content\/uploads\/2024\/02\/action-activity-athletes-163526.jpg&#8221; background_blend=&#8221;overlay&#8221; mix_blend_mode=&#8221;overlay&#8221; locked=&#8221;off&#8221; global_colors_info=&#8221;{}&#8221;][et_pb_row _builder_version=&#8221;4.24.0&#8243; _module_preset=&#8221;default&#8221; global_colors_info=&#8221;{}&#8221;][et_pb_column type=&#8221;4_4&#8243; _builder_version=&#8221;4.24.0&#8243; _module_preset=&#8221;default&#8221; global_colors_info=&#8221;{}&#8221;][et_pb_text _builder_version=&#8221;4.24.0&#8243; _module_preset=&#8221;default&#8221; text_font=&#8221;|||on|||||&#8221; header_2_font=&#8221;|700||on|||||&#8221; header_2_text_color=&#8221;#FFFFFF&#8221; header_2_font_size=&#8221;40px&#8221; text_orientation=&#8221;center&#8221; global_colors_info=&#8221;{}&#8221;]<h2><span>Szeretne t\u00f6bbet megtudni a Pixellot gyeplabda kamer\u00e1r\u00f3l?<\/span><\/h2>[\/et_pb_text][et_pb_button button_url=&#8221;https:\/\/ringsport.hu\/index.php\/kapcsolat\/&#8221; button_text=&#8221;\u00cdrj nek\u00fcnk&#8221; button_alignment=&#8221;center&#8221; _builder_version=&#8221;4.24.0&#8243; _module_preset=&#8221;default&#8221; custom_button=&#8221;on&#8221; button_text_size=&#8221;20px&#8221; button_text_color=&#8221;#FFFFFF&#8221; button_border_radius=&#8221;7px&#8221; button_font=&#8221;|700|||||||&#8221; button_use_icon=&#8221;off&#8221; global_colors_info=&#8221;{}&#8221;][\/et_pb_button][\/et_pb_column][\/et_pb_row][\/et_pb_section]\n","protected":false},"excerpt":{"rendered":"<p>AUTOMATIZ\u00c1LT J\u00c1T\u00c9KK\u00d6ZVET\u00cdT\u00c9S MESTERS\u00c9GES INTELLIGENCI\u00c1VAL A gyeplabda sz\u00e1m\u00e1ra kifejlesztett cs\u00facstechnol\u00f3gi\u00e1s megold\u00e1sunk biztos\u00edtja a kiv\u00e1l\u00f3 min\u0151s\u00e9g\u0171 meccsk\u00f6zvet\u00edt\u00e9st, amely hasonl\u00f3 ahhoz az \u00e9lm\u00e9nyhez, mintha egy profi st\u00e1b \u00e1ltal k\u00f6zvet\u00edtett meccset n\u00e9zne. Rendszer\u00fcnk minden munk\u00e1t automatikusan elv\u00e9gez, r\u00f6gz\u00edt, el\u0151\u00e1ll\u00edt \u00e9s \u00e9l\u0151ben k\u00f6zvet\u00edt, mindezt a mesters\u00e9ges intelligencia \u00e9s a felh\u0151 haszn\u00e1lat\u00e1val.&#8221; Sz\u00f6vets\u00e9gek, lig\u00e1k, ir\u00e1ny\u00edt\u00f3 szervek, sportk\u00f6zvet\u00edt\u0151k, streaming platformok, a jogtulajdonosok [&hellip;]<\/p>\n","protected":false},"author":2,"featured_media":0,"parent":0,"menu_order":0,"comment_status":"closed","ping_status":"closed","template":"","meta":{"_et_pb_use_builder":"on","_et_pb_old_content":"","_et_gb_content_width":"","footnotes":""},"class_list":["post-191","page","type-page","status-publish","hentry"],"yoast_head":"<!-- This site is optimized with the Yoast SEO Premium plugin v27.5 (Yoast SEO v27.5) - https:\/\/yoast.com\/product\/yoast-seo-premium-wordpress\/ -->\n<title>Gyeplabda - RingSport<\/title>\n<meta name=\"description\" content=\"A VEZET\u0150 GYEPLABDA VIDE\u00d3 \u00c9S ANALITIKAI KARERARENDSZER, AUTOMATIKUS M\u00dcK\u00d6D\u00c9SSEL. GENER\u00c1LJON BEV\u00c9TELT A K\u00d6ZVET\u00cdT\u00c1SB\u0150L.\" \/>\n<meta name=\"robots\" content=\"index, follow, max-snippet:-1, max-image-preview:large, max-video-preview:-1\" \/>\n<link rel=\"canonical\" href=\"https:\/\/ringsport.hu\/index.php\/ai-kamerarendszer-sportkamera-gyeplabda\/\" \/>\n<meta property=\"og:locale\" content=\"hu_HU\" \/>\n<meta property=\"og:type\" content=\"article\" \/>\n<meta property=\"og:title\" content=\"Gyeplabda\" \/>\n<meta property=\"og:description\" content=\"A VEZET\u0150 GYEPLABDA VIDE\u00d3 \u00c9S ANALITIKAI KARERARENDSZER, AUTOMATIKUS M\u00dcK\u00d6D\u00c9SSEL. GENER\u00c1LJON BEV\u00c9TELT A K\u00d6ZVET\u00cdT\u00c1SB\u0150L.\" \/>\n<meta property=\"og:url\" content=\"https:\/\/ringsport.hu\/index.php\/ai-kamerarendszer-sportkamera-gyeplabda\/\" \/>\n<meta property=\"og:site_name\" content=\"RingSport\" \/>\n<meta property=\"article:modified_time\" content=\"2024-02-02T10:45:08+00:00\" \/>\n<meta name=\"twitter:card\" content=\"summary_large_image\" \/>\n<meta name=\"twitter:label1\" content=\"Becs\u00fclt olvas\u00e1si id\u0151\" \/>\n\t<meta name=\"twitter:data1\" content=\"3 perc\" \/>\n<script type=\"application\/ld+json\" class=\"yoast-schema-graph\">{\"@context\":\"https:\\\/\\\/schema.org\",\"@graph\":[{\"@type\":\"WebPage\",\"@id\":\"https:\\\/\\\/ringsport.hu\\\/index.php\\\/ai-kamerarendszer-sportkamera-gyeplabda\\\/\",\"url\":\"https:\\\/\\\/ringsport.hu\\\/index.php\\\/ai-kamerarendszer-sportkamera-gyeplabda\\\/\",\"name\":\"Gyeplabda - RingSport\",\"isPartOf\":{\"@id\":\"https:\\\/\\\/ringsport.hu\\\/#website\"},\"datePublished\":\"2024-01-04T12:46:21+00:00\",\"dateModified\":\"2024-02-02T10:45:08+00:00\",\"description\":\"A VEZET\u0150 GYEPLABDA VIDE\u00d3 \u00c9S ANALITIKAI KARERARENDSZER, AUTOMATIKUS M\u00dcK\u00d6D\u00c9SSEL. GENER\u00c1LJON BEV\u00c9TELT A K\u00d6ZVET\u00cdT\u00c1SB\u0150L.\",\"breadcrumb\":{\"@id\":\"https:\\\/\\\/ringsport.hu\\\/index.php\\\/ai-kamerarendszer-sportkamera-gyeplabda\\\/#breadcrumb\"},\"inLanguage\":\"hu\",\"potentialAction\":[{\"@type\":\"ReadAction\",\"target\":[\"https:\\\/\\\/ringsport.hu\\\/index.php\\\/ai-kamerarendszer-sportkamera-gyeplabda\\\/\"]}]},{\"@type\":\"BreadcrumbList\",\"@id\":\"https:\\\/\\\/ringsport.hu\\\/index.php\\\/ai-kamerarendszer-sportkamera-gyeplabda\\\/#breadcrumb\",\"itemListElement\":[{\"@type\":\"ListItem\",\"position\":1,\"name\":\"Kezd\u0151lap\",\"item\":\"https:\\\/\\\/ringsport.hu\\\/\"},{\"@type\":\"ListItem\",\"position\":2,\"name\":\"Gyeplabda\"}]},{\"@type\":\"WebSite\",\"@id\":\"https:\\\/\\\/ringsport.hu\\\/#website\",\"url\":\"https:\\\/\\\/ringsport.hu\\\/\",\"name\":\"RingSport\",\"description\":\"AI-automatiz\u00e1lt sportkamera \u00e9s elemz\u00e9sek\",\"publisher\":{\"@id\":\"https:\\\/\\\/ringsport.hu\\\/#organization\"},\"potentialAction\":[{\"@type\":\"SearchAction\",\"target\":{\"@type\":\"EntryPoint\",\"urlTemplate\":\"https:\\\/\\\/ringsport.hu\\\/?s={search_term_string}\"},\"query-input\":{\"@type\":\"PropertyValueSpecification\",\"valueRequired\":true,\"valueName\":\"search_term_string\"}}],\"inLanguage\":\"hu\"},{\"@type\":\"Organization\",\"@id\":\"https:\\\/\\\/ringsport.hu\\\/#organization\",\"name\":\"RingSport\",\"url\":\"https:\\\/\\\/ringsport.hu\\\/\",\"logo\":{\"@type\":\"ImageObject\",\"inLanguage\":\"hu\",\"@id\":\"https:\\\/\\\/ringsport.hu\\\/#\\\/schema\\\/logo\\\/image\\\/\",\"url\":\"https:\\\/\\\/ringsport.hu\\\/wp-content\\\/uploads\\\/2024\\\/01\\\/RingSport-logo.png\",\"contentUrl\":\"https:\\\/\\\/ringsport.hu\\\/wp-content\\\/uploads\\\/2024\\\/01\\\/RingSport-logo.png\",\"width\":1567,\"height\":182,\"caption\":\"RingSport\"},\"image\":{\"@id\":\"https:\\\/\\\/ringsport.hu\\\/#\\\/schema\\\/logo\\\/image\\\/\"}}]}<\/script>\n<!-- \/ Yoast SEO Premium plugin. -->","yoast_head_json":{"title":"Gyeplabda - RingSport","description":"A VEZET\u0150 GYEPLABDA VIDE\u00d3 \u00c9S ANALITIKAI KARERARENDSZER, AUTOMATIKUS M\u00dcK\u00d6D\u00c9SSEL. GENER\u00c1LJON BEV\u00c9TELT A K\u00d6ZVET\u00cdT\u00c1SB\u0150L.","robots":{"index":"index","follow":"follow","max-snippet":"max-snippet:-1","max-image-preview":"max-image-preview:large","max-video-preview":"max-video-preview:-1"},"canonical":"https:\/\/ringsport.hu\/index.php\/ai-kamerarendszer-sportkamera-gyeplabda\/","og_locale":"hu_HU","og_type":"article","og_title":"Gyeplabda","og_description":"A VEZET\u0150 GYEPLABDA VIDE\u00d3 \u00c9S ANALITIKAI KARERARENDSZER, AUTOMATIKUS M\u00dcK\u00d6D\u00c9SSEL. GENER\u00c1LJON BEV\u00c9TELT A K\u00d6ZVET\u00cdT\u00c1SB\u0150L.","og_url":"https:\/\/ringsport.hu\/index.php\/ai-kamerarendszer-sportkamera-gyeplabda\/","og_site_name":"RingSport","article_modified_time":"2024-02-02T10:45:08+00:00","twitter_card":"summary_large_image","twitter_misc":{"Becs\u00fclt olvas\u00e1si id\u0151":"3 perc"},"schema":{"@context":"https:\/\/schema.org","@graph":[{"@type":"WebPage","@id":"https:\/\/ringsport.hu\/index.php\/ai-kamerarendszer-sportkamera-gyeplabda\/","url":"https:\/\/ringsport.hu\/index.php\/ai-kamerarendszer-sportkamera-gyeplabda\/","name":"Gyeplabda - RingSport","isPartOf":{"@id":"https:\/\/ringsport.hu\/#website"},"datePublished":"2024-01-04T12:46:21+00:00","dateModified":"2024-02-02T10:45:08+00:00","description":"A VEZET\u0150 GYEPLABDA VIDE\u00d3 \u00c9S ANALITIKAI KARERARENDSZER, AUTOMATIKUS M\u00dcK\u00d6D\u00c9SSEL. GENER\u00c1LJON BEV\u00c9TELT A K\u00d6ZVET\u00cdT\u00c1SB\u0150L.","breadcrumb":{"@id":"https:\/\/ringsport.hu\/index.php\/ai-kamerarendszer-sportkamera-gyeplabda\/#breadcrumb"},"inLanguage":"hu","potentialAction":[{"@type":"ReadAction","target":["https:\/\/ringsport.hu\/index.php\/ai-kamerarendszer-sportkamera-gyeplabda\/"]}]},{"@type":"BreadcrumbList","@id":"https:\/\/ringsport.hu\/index.php\/ai-kamerarendszer-sportkamera-gyeplabda\/#breadcrumb","itemListElement":[{"@type":"ListItem","position":1,"name":"Kezd\u0151lap","item":"https:\/\/ringsport.hu\/"},{"@type":"ListItem","position":2,"name":"Gyeplabda"}]},{"@type":"WebSite","@id":"https:\/\/ringsport.hu\/#website","url":"https:\/\/ringsport.hu\/","name":"RingSport","description":"AI-automatiz\u00e1lt sportkamera \u00e9s elemz\u00e9sek","publisher":{"@id":"https:\/\/ringsport.hu\/#organization"},"potentialAction":[{"@type":"SearchAction","target":{"@type":"EntryPoint","urlTemplate":"https:\/\/ringsport.hu\/?s={search_term_string}"},"query-input":{"@type":"PropertyValueSpecification","valueRequired":true,"valueName":"search_term_string"}}],"inLanguage":"hu"},{"@type":"Organization","@id":"https:\/\/ringsport.hu\/#organization","name":"RingSport","url":"https:\/\/ringsport.hu\/","logo":{"@type":"ImageObject","inLanguage":"hu","@id":"https:\/\/ringsport.hu\/#\/schema\/logo\/image\/","url":"https:\/\/ringsport.hu\/wp-content\/uploads\/2024\/01\/RingSport-logo.png","contentUrl":"https:\/\/ringsport.hu\/wp-content\/uploads\/2024\/01\/RingSport-logo.png","width":1567,"height":182,"caption":"RingSport"},"image":{"@id":"https:\/\/ringsport.hu\/#\/schema\/logo\/image\/"}}]}},"_links":{"self":[{"href":"https:\/\/ringsport.hu\/index.php\/wp-json\/wp\/v2\/pages\/191","targetHints":{"allow":["GET"]}}],"collection":[{"href":"https:\/\/ringsport.hu\/index.php\/wp-json\/wp\/v2\/pages"}],"about":[{"href":"https:\/\/ringsport.hu\/index.php\/wp-json\/wp\/v2\/types\/page"}],"author":[{"embeddable":true,"href":"https:\/\/ringsport.hu\/index.php\/wp-json\/wp\/v2\/users\/2"}],"replies":[{"embeddable":true,"href":"https:\/\/ringsport.hu\/index.php\/wp-json\/wp\/v2\/comments?post=191"}],"version-history":[{"count":15,"href":"https:\/\/ringsport.hu\/index.php\/wp-json\/wp\/v2\/pages\/191\/revisions"}],"predecessor-version":[{"id":737,"href":"https:\/\/ringsport.hu\/index.php\/wp-json\/wp\/v2\/pages\/191\/revisions\/737"}],"wp:attachment":[{"href":"https:\/\/ringsport.hu\/index.php\/wp-json\/wp\/v2\/media?parent=191"}],"curies":[{"name":"wp","href":"https:\/\/api.w.org\/{rel}","templated":true}]}}