{"id":196,"date":"2024-01-04T12:54:28","date_gmt":"2024-01-04T12:54:28","guid":{"rendered":"https:\/\/ringsport.hu\/?page_id=196"},"modified":"2024-02-02T12:44:24","modified_gmt":"2024-02-02T12:44:24","slug":"amerikaifoci-pixellot-sportkamera-sportanalitika-stream","status":"publish","type":"page","link":"https:\/\/ringsport.hu\/index.php\/amerikaifoci-pixellot-sportkamera-sportanalitika-stream\/","title":{"rendered":"Amerikaifoci"},"content":{"rendered":"<p>[et_pb_section fb_built=&#8221;1&#8243; _builder_version=&#8221;4.23.4&#8243; _module_preset=&#8221;default&#8221; background_video_mp4=&#8221;https:\/\/ringsport.hu\/wp-content\/uploads\/2024\/01\/www_pixellot_s2_-_american_football_-_25fps_1080.mp4-Original.mp4&#8243; global_colors_info=&#8221;{}&#8221;][et_pb_row _builder_version=&#8221;4.23.4&#8243; _module_preset=&#8221;default&#8221; global_colors_info=&#8221;{}&#8221;][et_pb_column type=&#8221;4_4&#8243; _builder_version=&#8221;4.23.4&#8243; _module_preset=&#8221;default&#8221; global_colors_info=&#8221;{}&#8221;][et_pb_slider use_bg_overlay=&#8221;on&#8221; _builder_version=&#8221;4.24.0&#8243; _module_preset=&#8221;default&#8221; background_color=&#8221;RGBA(255,255,255,0)&#8221; global_colors_info=&#8221;{}&#8221;][et_pb_slide heading=&#8221;EGYABLAKOS MEGOLD\u00c1S K\u00d6ZVET\u00cdT\u00c9SHEZ, ELEMZ\u00c9SHEZ \u00c9S BEV\u00c9TELSZERZ\u00c9SHEZ&#8221; button_text=&#8221;\u00cdrj nek\u00fcnk&#8221; button_link=&#8221;https:\/\/ringsport.hu\/index.php\/kapcsolat\/&#8221; _builder_version=&#8221;4.24.0&#8243; _module_preset=&#8221;default&#8221; header_level=&#8221;h1&#8243; header_font=&#8221;|700||on|||||&#8221; header_text_align=&#8221;left&#8221; header_font_size=&#8221;60px&#8221; header_line_height=&#8221;1.1em&#8221; custom_button=&#8221;on&#8221; button_text_size=&#8221;20px&#8221; button_bg_color=&#8221;RGBA(255,255,255,0)&#8221; button_border_width=&#8221;2px&#8221; button_border_radius=&#8221;7px&#8221; button_font=&#8221;|700|||||||&#8221; button_use_icon=&#8221;off&#8221; global_colors_info=&#8221;{}&#8221; sticky_transition=&#8221;on&#8221;][\/et_pb_slide][\/et_pb_slider][\/et_pb_column][\/et_pb_row][\/et_pb_section][et_pb_section fb_built=&#8221;1&#8243; _builder_version=&#8221;4.23.4&#8243; _module_preset=&#8221;default&#8221; global_colors_info=&#8221;{}&#8221;][et_pb_row _builder_version=&#8221;4.23.4&#8243; _module_preset=&#8221;default&#8221; global_colors_info=&#8221;{}&#8221;][et_pb_column type=&#8221;4_4&#8243; _builder_version=&#8221;4.23.4&#8243; _module_preset=&#8221;default&#8221; global_colors_info=&#8221;{}&#8221;][et_pb_text _builder_version=&#8221;4.24.0&#8243; _module_preset=&#8221;default&#8221; text_font_size=&#8221;16px&#8221; text_line_height=&#8221;1.3em&#8221; header_2_font=&#8221;|700||on|||||&#8221; header_2_font_size=&#8221;40px&#8221; header_2_line_height=&#8221;1.1em&#8221; hover_enabled=&#8221;0&#8243; global_colors_info=&#8221;{}&#8221; sticky_enabled=&#8221;0&#8243;]<\/p>\n<h2>A &#8222;GRIDIRON R\u00c1CSRA HELYEZ\u00c9SE&#8221;<\/h2>\n<p>A Pixellot teljes k\u00f6r\u0171 sportanalitikai megold\u00e1sa az amerikai focira lehet\u0151v\u00e9 teszi sz\u00e1modra, hogy k\u00f6nnyed\u00e9n r\u00f6gz\u00edtsd, streameld, elemeld ki \u00e9s gener\u00e1lj bev\u00e9telt minden m\u00e9rk\u0151z\u00e9sen. R\u00f6gz\u00edtsd a j\u00e1t\u00e9kokat automatiz\u00e1lt videokamer\u00e1nkkal, streameld azokat integr\u00e1lt OTT platformunkon kereszt\u00fcl, valamint v\u00e9gezd el a m\u00e9rk\u0151z\u00e9sanal\u00edzist <a href=\"https:\/\/ringsport.hu\/index.php\/vidswap-analitika\/\">Vidswap<\/a> platformunkkal a m\u00e9rk\u0151z\u00e9s sor\u00e1n, majd a m\u00e9rk\u0151z\u00e9s ut\u00e1ni elemz\u00e9s keret\u00e9ben.<\/p>\n<p>Az 360 fokos megk\u00f6zel\u00edt\u00e9s\u00fcnk lehet\u0151v\u00e9 teszi a edz\u0151knek, hogy k\u00f6nnyen kezelhet\u0151, k\u00f6lts\u00e9ghat\u00e9kony sportteljes\u00edtm\u00e9ny-elemz\u00e9si eszk\u00f6zt kapjanak, amellyel folyamatosan fejleszthetik csapat teljes\u00edtm\u00e9ny\u00fcket. Gondolj r\u00e1nk \u00fagy, mint az edz\u0151k t\u00e1mad\u00f3vonal\u00e1ra, amely seg\u00edti er\u0151fesz\u00edt\u00e9seidet abban, hogy a labd\u00e1t oda ir\u00e1ny\u00edtsd, ahov\u00e1 sz\u00fcks\u00e9ges.<\/p>\n<p>[\/et_pb_text][et_pb_text _builder_version=&#8221;4.24.0&#8243; _module_preset=&#8221;default&#8221; text_font_size=&#8221;16px&#8221; text_line_height=&#8221;1.3em&#8221; header_2_font=&#8221;|700||on|||||&#8221; header_2_font_size=&#8221;40px&#8221; header_2_line_height=&#8221;1.1em&#8221; global_colors_info=&#8221;{}&#8221;]<\/p>\n<h2>LEGJOBB AUTOMATIZ\u00c1LT ANALITIKAI MEGOLD\u00c1S<\/h2>\n<p>A Pixellot AI technol\u00f3gi\u00e1ja minden m\u00e9rk\u0151z\u00e9st \u00e9s edz\u00e9st r\u00f6gz\u00edt, gy\u00e1rt \u00e9s \u00e9l\u0151ben k\u00f6zvet\u00edt. Mindezt egy szakember k\u00f6lts\u00e9geinek t\u00f6red\u00e9k\u00e9\u00e9rt, bele\u00e9rtve a gyors telep\u00edt\u00e9st \u00e9s a rendk\u00edv\u00fcl egyszer\u0171 be\u00e1ll\u00edt\u00e1st. Kamer\u00e1nk automatikusan k\u00f6veti az akci\u00f3t, ahogy az zajlik \u00e9s sz\u00fcks\u00e9g szerint tov\u00e1bbi kamerasz\u00f6gekre v\u00e1lt a futballmeccsek elemz\u00e9s\u00e9hez, mik\u00f6zben az AI k\u00f6veti a j\u00e1t\u00e9k menet\u00e9t, azonos\u00edtja a cs\u00facspontokat, grafik\u00e1kat \u00e9s hirdet\u00e9seket illeszt be.<\/p>\n<p>Kamer\u00e1inkat \u00fagy kalibr\u00e1ltuk, hogy a m\u00e9rk\u0151z\u00e9s sor\u00e1n minden p\u00e1ly\u00e1n l\u00e9v\u0151 j\u00e1t\u00e9kost nyomon k\u00f6vessenek \u00e9s r\u00f6gz\u00edtsenek, annak \u00e9rdek\u00e9ben hogy t\u00e1mogass\u00e1k az edz\u0151i folyamatot: seg\u00edtsenek optimaliz\u00e1lni mind a csapat, mind az egy\u00e9ni j\u00e1t\u00e9kosok teljes\u00edtm\u00e9ny\u00e9t \u00e9s taktikai megl\u00e1t\u00e1sokkal szolg\u00e1ljanak a futballm\u00e9rk\u0151z\u00e9sek megnyer\u00e9s\u00e9hez.<\/p>\n<p>&nbsp;[\/et_pb_text][\/et_pb_column][\/et_pb_row][et_pb_row column_structure=&#8221;1_3,1_3,1_3&#8243; _builder_version=&#8221;4.24.0&#8243; _module_preset=&#8221;default&#8221; locked=&#8221;off&#8221; global_colors_info=&#8221;{}&#8221;][et_pb_column type=&#8221;1_3&#8243; _builder_version=&#8221;4.24.0&#8243; _module_preset=&#8221;default&#8221; global_colors_info=&#8221;{}&#8221;][et_pb_blurb title=&#8221;R\u00f6vid\u00edtett J\u00e1t\u00e9kfelv\u00e9tel AI-val&#8221; image=&#8221;https:\/\/ringsport.hu\/wp-content\/uploads\/2024\/01\/icon1.png&#8221; _builder_version=&#8221;4.24.0&#8243; _module_preset=&#8221;default&#8221; header_font=&#8221;|600|||||||&#8221; header_text_color=&#8221;#000000&#8243; body_text_color=&#8221;#000000&#8243; animation=&#8221;off&#8221; global_colors_info=&#8221;{}&#8221;]<\/p>\n<p><span>Az id\u0151, mint a legfontosabb er\u0151forr\u00e1sod optimaliz\u00e1l\u00e1sa \u00e9rdek\u00e9ben a mi megold\u00e1sunk automatikusan l\u00e9trehoz r\u00f6vid\u00edtett j\u00e1t\u00e9kfelv\u00e9teleket, melyek csak a j\u00e1t\u00e9kid\u0151 alatt zajl\u00f3 j\u00e1t\u00e9kot tartalmazz\u00e1k. Ez id\u0151t takar\u00edt meg, \u00e9s racionaliz\u00e1lja a megtekint\u00e9si \u00e9s edz\u0151i \u00e9lm\u00e9nyt.<\/span><\/p>\n<p>[\/et_pb_blurb][\/et_pb_column][et_pb_column type=&#8221;1_3&#8243; _builder_version=&#8221;4.24.0&#8243; _module_preset=&#8221;default&#8221; global_colors_info=&#8221;{}&#8221;][et_pb_blurb title=&#8221;Kapcsol\u00f3dj \u00e9s gener\u00e1lj bev\u00e9telt&#8221; image=&#8221;https:\/\/ringsport.hu\/wp-content\/uploads\/2024\/01\/icon2.png&#8221; _builder_version=&#8221;4.24.0&#8243; _module_preset=&#8221;default&#8221; header_font=&#8221;|600|||||||&#8221; header_text_color=&#8221;#000000&#8243; body_text_color=&#8221;#000000&#8243; animation=&#8221;off&#8221; global_colors_info=&#8221;{}&#8221;]<\/p>\n<p><span>A Pixellot automatiz\u00e1lt vide\u00f3kamera \u00e9s streaming megold\u00e1sa az amerikai futball r\u00f6gz\u00edt\u00e9s\u00e9hez \u00e9s elemz\u00e9s\u00e9hez lehet\u0151s\u00e9get teremt a csapatok sz\u00e1m\u00e1ra, hogy kapcsolatba l\u00e9pjenek a rajong\u00f3ikkal \u00e9s n\u00f6velj\u00e9k el\u00e9r\u00e9s\u00fcket. Most minden m\u00e9rk\u0151z\u00e9st streamelhetsz megl\u00e9v\u0151 platformokon vagy l\u00e9trehozhatsz saj\u00e1t teljes OTT csatorn\u00e1t a Pixellottal, \u00e9s bev\u00e9telt gener\u00e1hatsz a tartalmakb\u00f3l.<\/span><\/p>\n<p>[\/et_pb_blurb][\/et_pb_column][et_pb_column type=&#8221;1_3&#8243; _builder_version=&#8221;4.24.0&#8243; _module_preset=&#8221;default&#8221; global_colors_info=&#8221;{}&#8221;][et_pb_blurb title=&#8221;\u00c9rt\u00e9kel\u00e9s&#8221; image=&#8221;https:\/\/ringsport.hu\/wp-content\/uploads\/2024\/01\/icon3.png&#8221; _builder_version=&#8221;4.24.0&#8243; _module_preset=&#8221;default&#8221; header_font=&#8221;|600|||||||&#8221; header_text_color=&#8221;#000000&#8243; body_text_color=&#8221;#000000&#8243; animation=&#8221;off&#8221; global_colors_info=&#8221;{}&#8221;]<\/p>\n<p><span>R\u00f6gz\u00edts teljes m\u00e9rk\u0151z\u00e9sfelv\u00e9teleket r\u00e9szletes elemz\u00e9sekhez. A j\u00e1t\u00e9k automatikusan felt\u00f6lt\u00e9sre ker\u00fcl vide\u00f3elemz\u0151 platformunkra, \u00e9s r\u00f6viddel a m\u00e9rk\u0151z\u00e9s v\u00e9g\u00e9n el\u00e9rhet\u0151v\u00e9 v\u00e1lik. K\u00f3dold \u00f6n\u00e1ll\u00f3an a m\u00e9rk\u0151z\u00e9st, szerkeszd a klippeket, c\u00edmk\u00e9zd az esem\u00e9nyeket, osszd meg a felv\u00e9teleket \u00e9s elemz\u0151d teljes m\u00e9rk\u0151z\u00e9seket, csapat- \u00e9s j\u00e1t\u00e9kosadatokat. Nincs sz\u00fcks\u00e9g tov\u00e1bbi platformokra!<\/span><\/p>\n<p>[\/et_pb_blurb][\/et_pb_column][\/et_pb_row][\/et_pb_section][et_pb_section fb_built=&#8221;1&#8243; _builder_version=&#8221;4.24.0&#8243; _module_preset=&#8221;default&#8221; background_color=&#8221;rgba(0,0,0,0.11)&#8221; background_image=&#8221;https:\/\/ringsport.hu\/wp-content\/uploads\/2024\/02\/shutterstock_1243509136-1.jpg&#8221; background_blend=&#8221;overlay&#8221; mix_blend_mode=&#8221;overlay&#8221; locked=&#8221;off&#8221; global_colors_info=&#8221;{}&#8221;][et_pb_row _builder_version=&#8221;4.24.0&#8243; _module_preset=&#8221;default&#8221; global_colors_info=&#8221;{}&#8221;][et_pb_column type=&#8221;4_4&#8243; _builder_version=&#8221;4.24.0&#8243; _module_preset=&#8221;default&#8221; global_colors_info=&#8221;{}&#8221;][et_pb_text _builder_version=&#8221;4.24.0&#8243; _module_preset=&#8221;default&#8221; text_font=&#8221;|||on|||||&#8221; header_2_font=&#8221;|700||on|||||&#8221; header_2_text_color=&#8221;#FFFFFF&#8221; header_2_font_size=&#8221;40px&#8221; text_orientation=&#8221;center&#8221; global_colors_info=&#8221;{}&#8221;]<\/p>\n<h2>Szeretne t\u00f6bbet megtudni a Pixellot amerikaifutball-kamer\u00e1r\u00f3l?<\/h2>\n<p>[\/et_pb_text][et_pb_button button_url=&#8221;https:\/\/ringsport.hu\/index.php\/kapcsolat\/&#8221; button_text=&#8221;\u00cdrj nek\u00fcnk&#8221; button_alignment=&#8221;center&#8221; _builder_version=&#8221;4.24.0&#8243; _module_preset=&#8221;default&#8221; custom_button=&#8221;on&#8221; button_text_size=&#8221;20px&#8221; button_text_color=&#8221;#FFFFFF&#8221; button_border_radius=&#8221;7px&#8221; button_font=&#8221;|700|||||||&#8221; button_use_icon=&#8221;off&#8221; global_colors_info=&#8221;{}&#8221;][\/et_pb_button][\/et_pb_column][\/et_pb_row][\/et_pb_section]<\/p>\n","protected":false},"excerpt":{"rendered":"<p>A &#8222;GRIDIRON R\u00c1CSRA HELYEZ\u00c9SE&#8221; A Pixellot teljes k\u00f6r\u0171 sportanalitikai megold\u00e1sa az amerikai focira lehet\u0151v\u00e9 teszi sz\u00e1modra, hogy k\u00f6nnyed\u00e9n r\u00f6gz\u00edtsd, streameld, elemeld ki \u00e9s gener\u00e1lj bev\u00e9telt minden m\u00e9rk\u0151z\u00e9sen. R\u00f6gz\u00edtsd a j\u00e1t\u00e9kokat automatiz\u00e1lt videokamer\u00e1nkkal, streameld azokat integr\u00e1lt OTT platformunkon kereszt\u00fcl, valamint v\u00e9gezd el a m\u00e9rk\u0151z\u00e9sanal\u00edzist Vidswap platformunkkal a m\u00e9rk\u0151z\u00e9s sor\u00e1n, majd a m\u00e9rk\u0151z\u00e9s ut\u00e1ni elemz\u00e9s keret\u00e9ben. Az [&hellip;]<\/p>\n","protected":false},"author":2,"featured_media":0,"parent":0,"menu_order":0,"comment_status":"closed","ping_status":"closed","template":"","meta":{"_et_pb_use_builder":"on","_et_pb_old_content":"","_et_gb_content_width":"","footnotes":""},"class_list":["post-196","page","type-page","status-publish","hentry"],"yoast_head":"<!-- This site is optimized with the Yoast SEO Premium plugin v27.5 (Yoast SEO v27.5) - https:\/\/yoast.com\/product\/yoast-seo-premium-wordpress\/ -->\n<title>Amerikaifoci - RingSport<\/title>\n<meta name=\"description\" content=\"A Pixellot teljes k\u00f6r\u0171 sportanalitikai megold\u00e1sa az amerikai focira lehet\u0151v\u00e9 teszi sz\u00e1modra, hogy k\u00f6nnyed\u00e9n r\u00f6gz\u00edtsd, streameld, elemeld ki \u00e9s gener\u00e1lj bev\u00e9telt minden m\u00e9rk\u0151z\u00e9sen.\" \/>\n<meta name=\"robots\" content=\"index, follow, max-snippet:-1, max-image-preview:large, max-video-preview:-1\" \/>\n<link rel=\"canonical\" href=\"https:\/\/ringsport.hu\/index.php\/amerikaifoci-pixellot-sportkamera-sportanalitika-stream\/\" \/>\n<meta property=\"og:locale\" content=\"hu_HU\" \/>\n<meta property=\"og:type\" content=\"article\" \/>\n<meta property=\"og:title\" content=\"Amerikaifoci\" \/>\n<meta property=\"og:description\" content=\"A Pixellot teljes k\u00f6r\u0171 sportanalitikai megold\u00e1sa az amerikai focira lehet\u0151v\u00e9 teszi sz\u00e1modra, hogy k\u00f6nnyed\u00e9n r\u00f6gz\u00edtsd, streameld, elemeld ki \u00e9s gener\u00e1lj bev\u00e9telt minden m\u00e9rk\u0151z\u00e9sen.\" \/>\n<meta property=\"og:url\" content=\"https:\/\/ringsport.hu\/index.php\/amerikaifoci-pixellot-sportkamera-sportanalitika-stream\/\" \/>\n<meta property=\"og:site_name\" content=\"RingSport\" \/>\n<meta property=\"article:modified_time\" content=\"2024-02-02T12:44:24+00:00\" \/>\n<meta name=\"twitter:card\" content=\"summary_large_image\" \/>\n<meta name=\"twitter:label1\" content=\"Becs\u00fclt olvas\u00e1si id\u0151\" \/>\n\t<meta name=\"twitter:data1\" content=\"3 perc\" \/>\n<script type=\"application\/ld+json\" class=\"yoast-schema-graph\">{\"@context\":\"https:\\\/\\\/schema.org\",\"@graph\":[{\"@type\":\"WebPage\",\"@id\":\"https:\\\/\\\/ringsport.hu\\\/index.php\\\/amerikaifoci-pixellot-sportkamera-sportanalitika-stream\\\/\",\"url\":\"https:\\\/\\\/ringsport.hu\\\/index.php\\\/amerikaifoci-pixellot-sportkamera-sportanalitika-stream\\\/\",\"name\":\"Amerikaifoci - RingSport\",\"isPartOf\":{\"@id\":\"https:\\\/\\\/ringsport.hu\\\/#website\"},\"datePublished\":\"2024-01-04T12:54:28+00:00\",\"dateModified\":\"2024-02-02T12:44:24+00:00\",\"description\":\"A Pixellot teljes k\u00f6r\u0171 sportanalitikai megold\u00e1sa az amerikai focira lehet\u0151v\u00e9 teszi sz\u00e1modra, hogy k\u00f6nnyed\u00e9n r\u00f6gz\u00edtsd, streameld, elemeld ki \u00e9s gener\u00e1lj bev\u00e9telt minden m\u00e9rk\u0151z\u00e9sen.\",\"breadcrumb\":{\"@id\":\"https:\\\/\\\/ringsport.hu\\\/index.php\\\/amerikaifoci-pixellot-sportkamera-sportanalitika-stream\\\/#breadcrumb\"},\"inLanguage\":\"hu\",\"potentialAction\":[{\"@type\":\"ReadAction\",\"target\":[\"https:\\\/\\\/ringsport.hu\\\/index.php\\\/amerikaifoci-pixellot-sportkamera-sportanalitika-stream\\\/\"]}]},{\"@type\":\"BreadcrumbList\",\"@id\":\"https:\\\/\\\/ringsport.hu\\\/index.php\\\/amerikaifoci-pixellot-sportkamera-sportanalitika-stream\\\/#breadcrumb\",\"itemListElement\":[{\"@type\":\"ListItem\",\"position\":1,\"name\":\"Kezd\u0151lap\",\"item\":\"https:\\\/\\\/ringsport.hu\\\/\"},{\"@type\":\"ListItem\",\"position\":2,\"name\":\"Amerikaifoci\"}]},{\"@type\":\"WebSite\",\"@id\":\"https:\\\/\\\/ringsport.hu\\\/#website\",\"url\":\"https:\\\/\\\/ringsport.hu\\\/\",\"name\":\"RingSport\",\"description\":\"AI-automatiz\u00e1lt sportkamera \u00e9s elemz\u00e9sek\",\"publisher\":{\"@id\":\"https:\\\/\\\/ringsport.hu\\\/#organization\"},\"potentialAction\":[{\"@type\":\"SearchAction\",\"target\":{\"@type\":\"EntryPoint\",\"urlTemplate\":\"https:\\\/\\\/ringsport.hu\\\/?s={search_term_string}\"},\"query-input\":{\"@type\":\"PropertyValueSpecification\",\"valueRequired\":true,\"valueName\":\"search_term_string\"}}],\"inLanguage\":\"hu\"},{\"@type\":\"Organization\",\"@id\":\"https:\\\/\\\/ringsport.hu\\\/#organization\",\"name\":\"RingSport\",\"url\":\"https:\\\/\\\/ringsport.hu\\\/\",\"logo\":{\"@type\":\"ImageObject\",\"inLanguage\":\"hu\",\"@id\":\"https:\\\/\\\/ringsport.hu\\\/#\\\/schema\\\/logo\\\/image\\\/\",\"url\":\"https:\\\/\\\/ringsport.hu\\\/wp-content\\\/uploads\\\/2024\\\/01\\\/RingSport-logo.png\",\"contentUrl\":\"https:\\\/\\\/ringsport.hu\\\/wp-content\\\/uploads\\\/2024\\\/01\\\/RingSport-logo.png\",\"width\":1567,\"height\":182,\"caption\":\"RingSport\"},\"image\":{\"@id\":\"https:\\\/\\\/ringsport.hu\\\/#\\\/schema\\\/logo\\\/image\\\/\"}}]}<\/script>\n<!-- \/ Yoast SEO Premium plugin. -->","yoast_head_json":{"title":"Amerikaifoci - RingSport","description":"A Pixellot teljes k\u00f6r\u0171 sportanalitikai megold\u00e1sa az amerikai focira lehet\u0151v\u00e9 teszi sz\u00e1modra, hogy k\u00f6nnyed\u00e9n r\u00f6gz\u00edtsd, streameld, elemeld ki \u00e9s gener\u00e1lj bev\u00e9telt minden m\u00e9rk\u0151z\u00e9sen.","robots":{"index":"index","follow":"follow","max-snippet":"max-snippet:-1","max-image-preview":"max-image-preview:large","max-video-preview":"max-video-preview:-1"},"canonical":"https:\/\/ringsport.hu\/index.php\/amerikaifoci-pixellot-sportkamera-sportanalitika-stream\/","og_locale":"hu_HU","og_type":"article","og_title":"Amerikaifoci","og_description":"A Pixellot teljes k\u00f6r\u0171 sportanalitikai megold\u00e1sa az amerikai focira lehet\u0151v\u00e9 teszi sz\u00e1modra, hogy k\u00f6nnyed\u00e9n r\u00f6gz\u00edtsd, streameld, elemeld ki \u00e9s gener\u00e1lj bev\u00e9telt minden m\u00e9rk\u0151z\u00e9sen.","og_url":"https:\/\/ringsport.hu\/index.php\/amerikaifoci-pixellot-sportkamera-sportanalitika-stream\/","og_site_name":"RingSport","article_modified_time":"2024-02-02T12:44:24+00:00","twitter_card":"summary_large_image","twitter_misc":{"Becs\u00fclt olvas\u00e1si id\u0151":"3 perc"},"schema":{"@context":"https:\/\/schema.org","@graph":[{"@type":"WebPage","@id":"https:\/\/ringsport.hu\/index.php\/amerikaifoci-pixellot-sportkamera-sportanalitika-stream\/","url":"https:\/\/ringsport.hu\/index.php\/amerikaifoci-pixellot-sportkamera-sportanalitika-stream\/","name":"Amerikaifoci - RingSport","isPartOf":{"@id":"https:\/\/ringsport.hu\/#website"},"datePublished":"2024-01-04T12:54:28+00:00","dateModified":"2024-02-02T12:44:24+00:00","description":"A Pixellot teljes k\u00f6r\u0171 sportanalitikai megold\u00e1sa az amerikai focira lehet\u0151v\u00e9 teszi sz\u00e1modra, hogy k\u00f6nnyed\u00e9n r\u00f6gz\u00edtsd, streameld, elemeld ki \u00e9s gener\u00e1lj bev\u00e9telt minden m\u00e9rk\u0151z\u00e9sen.","breadcrumb":{"@id":"https:\/\/ringsport.hu\/index.php\/amerikaifoci-pixellot-sportkamera-sportanalitika-stream\/#breadcrumb"},"inLanguage":"hu","potentialAction":[{"@type":"ReadAction","target":["https:\/\/ringsport.hu\/index.php\/amerikaifoci-pixellot-sportkamera-sportanalitika-stream\/"]}]},{"@type":"BreadcrumbList","@id":"https:\/\/ringsport.hu\/index.php\/amerikaifoci-pixellot-sportkamera-sportanalitika-stream\/#breadcrumb","itemListElement":[{"@type":"ListItem","position":1,"name":"Kezd\u0151lap","item":"https:\/\/ringsport.hu\/"},{"@type":"ListItem","position":2,"name":"Amerikaifoci"}]},{"@type":"WebSite","@id":"https:\/\/ringsport.hu\/#website","url":"https:\/\/ringsport.hu\/","name":"RingSport","description":"AI-automatiz\u00e1lt sportkamera \u00e9s elemz\u00e9sek","publisher":{"@id":"https:\/\/ringsport.hu\/#organization"},"potentialAction":[{"@type":"SearchAction","target":{"@type":"EntryPoint","urlTemplate":"https:\/\/ringsport.hu\/?s={search_term_string}"},"query-input":{"@type":"PropertyValueSpecification","valueRequired":true,"valueName":"search_term_string"}}],"inLanguage":"hu"},{"@type":"Organization","@id":"https:\/\/ringsport.hu\/#organization","name":"RingSport","url":"https:\/\/ringsport.hu\/","logo":{"@type":"ImageObject","inLanguage":"hu","@id":"https:\/\/ringsport.hu\/#\/schema\/logo\/image\/","url":"https:\/\/ringsport.hu\/wp-content\/uploads\/2024\/01\/RingSport-logo.png","contentUrl":"https:\/\/ringsport.hu\/wp-content\/uploads\/2024\/01\/RingSport-logo.png","width":1567,"height":182,"caption":"RingSport"},"image":{"@id":"https:\/\/ringsport.hu\/#\/schema\/logo\/image\/"}}]}},"_links":{"self":[{"href":"https:\/\/ringsport.hu\/index.php\/wp-json\/wp\/v2\/pages\/196","targetHints":{"allow":["GET"]}}],"collection":[{"href":"https:\/\/ringsport.hu\/index.php\/wp-json\/wp\/v2\/pages"}],"about":[{"href":"https:\/\/ringsport.hu\/index.php\/wp-json\/wp\/v2\/types\/page"}],"author":[{"embeddable":true,"href":"https:\/\/ringsport.hu\/index.php\/wp-json\/wp\/v2\/users\/2"}],"replies":[{"embeddable":true,"href":"https:\/\/ringsport.hu\/index.php\/wp-json\/wp\/v2\/comments?post=196"}],"version-history":[{"count":20,"href":"https:\/\/ringsport.hu\/index.php\/wp-json\/wp\/v2\/pages\/196\/revisions"}],"predecessor-version":[{"id":748,"href":"https:\/\/ringsport.hu\/index.php\/wp-json\/wp\/v2\/pages\/196\/revisions\/748"}],"wp:attachment":[{"href":"https:\/\/ringsport.hu\/index.php\/wp-json\/wp\/v2\/media?parent=196"}],"curies":[{"name":"wp","href":"https:\/\/api.w.org\/{rel}","templated":true}]}}