{"id":48,"date":"2024-01-03T12:02:49","date_gmt":"2024-01-03T12:02:49","guid":{"rendered":"https:\/\/ringsport.hu\/?page_id=48"},"modified":"2024-08-30T11:52:07","modified_gmt":"2024-08-30T11:52:07","slug":"rolunk","status":"publish","type":"page","link":"https:\/\/ringsport.hu\/index.php\/rolunk\/","title":{"rendered":"R\u00f3lunk"},"content":{"rendered":"<p>[et_pb_section fb_built=&#8221;1&#8243; _builder_version=&#8221;4.23.4&#8243; _module_preset=&#8221;default&#8221; global_colors_info=&#8221;{}&#8221;][et_pb_row _builder_version=&#8221;4.23.4&#8243; _module_preset=&#8221;default&#8221; global_colors_info=&#8221;{}&#8221;][et_pb_column type=&#8221;4_4&#8243; _builder_version=&#8221;4.23.4&#8243; _module_preset=&#8221;default&#8221; global_colors_info=&#8221;{}&#8221;][et_pb_text _builder_version=&#8221;4.23.4&#8243; _module_preset=&#8221;default&#8221; global_colors_info=&#8221;{}&#8221;]<\/p>\n<p>K\u00f6sz\u00f6nt\u00fcnk a Ring-Net Rendszerintegr\u00e1tor Zrt. honlapj\u00e1n!<\/p>\n<p>A Ring-Net Rendszerintegr\u00e1tor Zrt. 2011-ben alakult \u00e9s kezdetben a broadcast piacon m\u0171k\u00f6d\u00f6tt.<\/p>\n<p>C\u00e9g\u00fcnk kiemelked\u0151 kapcsolatokkal rendelkezik \u00e9s szinte az \u00f6sszes magyarorsz\u00e1gi telev\u00edzi\u00f3s m\u0171sort szolg\u00e1ltat\u00f3 v\u00e1llalattal kapcsolatban \u00e1ll.<\/p>\n<p>2019. \u00f3ta tev\u00e9kenykedik a sport\u00a0 ter\u00fclet\u00e9n leg\u00fajabb \u00fczlet\u00e1gunk a Ring Sport. A folyamatos innov\u00e1ci\u00f3k r\u00e9v\u00e9n m\u00e1ra piacvezet\u0151v\u00e9 v\u00e1ltunk a sportkamer\u00e1k \u00e9s analitikai megold\u00e1sok forgalmaz\u00e1s\u00e1ban. Sz\u00e1mos kamera- \u00e9s elemz\u0151 rendszert \u00fczemeltet\u00fcnk m\u00e1r Magyarorsz\u00e1gon \u00e9s elk\u00f6telezettek vagyunk az ir\u00e1nt, hogy \u00fcgyfeleinknek a legkorszer\u0171bb \u00e9s leghat\u00e9konyabb technol\u00f3giai megold\u00e1sokat k\u00edn\u00e1ljuk.<\/p>\n<p>A Ring-Net Rendszerintegr\u00e1tor Zrt. minden ter\u00fcleten a vil\u00e1gviszonylatban is els\u0151 \u00e9s piacvezet\u0151 gy\u00e1rt\u00f3k term\u00e9keit forgalmazza, ezzel biztos\u00edtva, hogy \u00fcgyfeleink a legmagasabb min\u0151s\u00e9g\u0171 eszk\u00f6z\u00f6ket haszn\u00e1lhass\u00e1k.<\/p>\n<p>C\u00e9g\u00fcnk b\u00fcszke arra, hogy felk\u00e9sz\u00fclt \u00e9s megb\u00edzhat\u00f3 koll\u00e9g\u00e1kat alkalmaz, akik elk\u00f6telezettek az innov\u00e1ci\u00f3, a min\u0151s\u00e9g \u00e9s az \u00fcgyf\u00e9lorient\u00e1lt szolg\u00e1ltat\u00e1s ir\u00e1nt.<\/p>\n<p>K\u00f6sz\u00f6nj\u00fck, hogy ell\u00e1togatt\u00e1l a Ring-Net Rendszerintegr\u00e1tor Zrt. weboldal\u00e1ra!<\/p>\n<p>Amennyiben tov\u00e1bbi k\u00e9rd\u00e9seid vannak, l\u00e9pj vel\u00fcnk kapcsolatba!<\/p>\n<p>[\/et_pb_text][\/et_pb_column][\/et_pb_row][\/et_pb_section]<\/p>\n","protected":false},"excerpt":{"rendered":"<p>K\u00f6sz\u00f6nt\u00fcnk a Ring-Net Rendszerintegr\u00e1tor Zrt. honlapj\u00e1n! A Ring-Net Rendszerintegr\u00e1tor Zrt. 2011-ben alakult \u00e9s kezdetben a broadcast piacon m\u0171k\u00f6d\u00f6tt. C\u00e9g\u00fcnk kiemelked\u0151 kapcsolatokkal rendelkezik \u00e9s szinte az \u00f6sszes magyarorsz\u00e1gi telev\u00edzi\u00f3s m\u0171sort szolg\u00e1ltat\u00f3 v\u00e1llalattal kapcsolatban \u00e1ll. 2019. \u00f3ta tev\u00e9kenykedik a sport\u00a0 ter\u00fclet\u00e9n leg\u00fajabb \u00fczlet\u00e1gunk a Ring Sport. A folyamatos innov\u00e1ci\u00f3k r\u00e9v\u00e9n m\u00e1ra piacvezet\u0151v\u00e9 v\u00e1ltunk a sportkamer\u00e1k \u00e9s analitikai [&hellip;]<\/p>\n","protected":false},"author":2,"featured_media":0,"parent":0,"menu_order":0,"comment_status":"closed","ping_status":"closed","template":"","meta":{"_et_pb_use_builder":"on","_et_pb_old_content":"<!-- wp:divi\/placeholder \/-->","_et_gb_content_width":"","footnotes":""},"class_list":["post-48","page","type-page","status-publish","hentry"],"yoast_head":"<!-- This site is optimized with the Yoast SEO Premium plugin v27.5 (Yoast SEO v27.5) - https:\/\/yoast.com\/product\/yoast-seo-premium-wordpress\/ -->\n<title>R\u00f3lunk - RingSport<\/title>\n<meta name=\"description\" content=\"A folyamatos innov\u00e1ci\u00f3k r\u00e9v\u00e9n m\u00e1ra piacvezet\u0151v\u00e9 v\u00e1ltunk a sportkamer\u00e1k \u00e9s analitikai megold\u00e1sok forgalmaz\u00e1s\u00e1ban. Sz\u00e1mos kamera- \u00e9s elemz\u0151 rendszert \u00fczemeltet\u00fcnk m\u00e1r Magyarorsz\u00e1gon.\" \/>\n<meta name=\"robots\" content=\"index, follow, max-snippet:-1, max-image-preview:large, max-video-preview:-1\" \/>\n<link rel=\"canonical\" href=\"https:\/\/ringsport.hu\/index.php\/rolunk\/\" \/>\n<meta property=\"og:locale\" content=\"hu_HU\" \/>\n<meta property=\"og:type\" content=\"article\" \/>\n<meta property=\"og:title\" content=\"R\u00f3lunk\" \/>\n<meta property=\"og:description\" content=\"A folyamatos innov\u00e1ci\u00f3k r\u00e9v\u00e9n m\u00e1ra piacvezet\u0151v\u00e9 v\u00e1ltunk a sportkamer\u00e1k \u00e9s analitikai megold\u00e1sok forgalmaz\u00e1s\u00e1ban. Sz\u00e1mos kamera- \u00e9s elemz\u0151 rendszert \u00fczemeltet\u00fcnk m\u00e1r Magyarorsz\u00e1gon.\" \/>\n<meta property=\"og:url\" content=\"https:\/\/ringsport.hu\/index.php\/rolunk\/\" \/>\n<meta property=\"og:site_name\" content=\"RingSport\" \/>\n<meta property=\"article:modified_time\" content=\"2024-08-30T11:52:07+00:00\" \/>\n<meta name=\"twitter:card\" content=\"summary_large_image\" \/>\n<meta name=\"twitter:label1\" content=\"Becs\u00fclt olvas\u00e1si id\u0151\" \/>\n\t<meta name=\"twitter:data1\" content=\"1 perc\" \/>\n<script type=\"application\/ld+json\" class=\"yoast-schema-graph\">{\"@context\":\"https:\\\/\\\/schema.org\",\"@graph\":[{\"@type\":\"WebPage\",\"@id\":\"https:\\\/\\\/ringsport.hu\\\/index.php\\\/rolunk\\\/\",\"url\":\"https:\\\/\\\/ringsport.hu\\\/index.php\\\/rolunk\\\/\",\"name\":\"R\u00f3lunk - RingSport\",\"isPartOf\":{\"@id\":\"https:\\\/\\\/ringsport.hu\\\/#website\"},\"datePublished\":\"2024-01-03T12:02:49+00:00\",\"dateModified\":\"2024-08-30T11:52:07+00:00\",\"description\":\"A folyamatos innov\u00e1ci\u00f3k r\u00e9v\u00e9n m\u00e1ra piacvezet\u0151v\u00e9 v\u00e1ltunk a sportkamer\u00e1k \u00e9s analitikai megold\u00e1sok forgalmaz\u00e1s\u00e1ban. Sz\u00e1mos kamera- \u00e9s elemz\u0151 rendszert \u00fczemeltet\u00fcnk m\u00e1r Magyarorsz\u00e1gon.\",\"breadcrumb\":{\"@id\":\"https:\\\/\\\/ringsport.hu\\\/index.php\\\/rolunk\\\/#breadcrumb\"},\"inLanguage\":\"hu\",\"potentialAction\":[{\"@type\":\"ReadAction\",\"target\":[\"https:\\\/\\\/ringsport.hu\\\/index.php\\\/rolunk\\\/\"]}]},{\"@type\":\"BreadcrumbList\",\"@id\":\"https:\\\/\\\/ringsport.hu\\\/index.php\\\/rolunk\\\/#breadcrumb\",\"itemListElement\":[{\"@type\":\"ListItem\",\"position\":1,\"name\":\"Kezd\u0151lap\",\"item\":\"https:\\\/\\\/ringsport.hu\\\/\"},{\"@type\":\"ListItem\",\"position\":2,\"name\":\"R\u00f3lunk\"}]},{\"@type\":\"WebSite\",\"@id\":\"https:\\\/\\\/ringsport.hu\\\/#website\",\"url\":\"https:\\\/\\\/ringsport.hu\\\/\",\"name\":\"RingSport\",\"description\":\"AI-automatiz\u00e1lt sportkamera \u00e9s elemz\u00e9sek\",\"publisher\":{\"@id\":\"https:\\\/\\\/ringsport.hu\\\/#organization\"},\"potentialAction\":[{\"@type\":\"SearchAction\",\"target\":{\"@type\":\"EntryPoint\",\"urlTemplate\":\"https:\\\/\\\/ringsport.hu\\\/?s={search_term_string}\"},\"query-input\":{\"@type\":\"PropertyValueSpecification\",\"valueRequired\":true,\"valueName\":\"search_term_string\"}}],\"inLanguage\":\"hu\"},{\"@type\":\"Organization\",\"@id\":\"https:\\\/\\\/ringsport.hu\\\/#organization\",\"name\":\"RingSport\",\"url\":\"https:\\\/\\\/ringsport.hu\\\/\",\"logo\":{\"@type\":\"ImageObject\",\"inLanguage\":\"hu\",\"@id\":\"https:\\\/\\\/ringsport.hu\\\/#\\\/schema\\\/logo\\\/image\\\/\",\"url\":\"https:\\\/\\\/ringsport.hu\\\/wp-content\\\/uploads\\\/2024\\\/01\\\/RingSport-logo.png\",\"contentUrl\":\"https:\\\/\\\/ringsport.hu\\\/wp-content\\\/uploads\\\/2024\\\/01\\\/RingSport-logo.png\",\"width\":1567,\"height\":182,\"caption\":\"RingSport\"},\"image\":{\"@id\":\"https:\\\/\\\/ringsport.hu\\\/#\\\/schema\\\/logo\\\/image\\\/\"}}]}<\/script>\n<!-- \/ Yoast SEO Premium plugin. -->","yoast_head_json":{"title":"R\u00f3lunk - RingSport","description":"A folyamatos innov\u00e1ci\u00f3k r\u00e9v\u00e9n m\u00e1ra piacvezet\u0151v\u00e9 v\u00e1ltunk a sportkamer\u00e1k \u00e9s analitikai megold\u00e1sok forgalmaz\u00e1s\u00e1ban. Sz\u00e1mos kamera- \u00e9s elemz\u0151 rendszert \u00fczemeltet\u00fcnk m\u00e1r Magyarorsz\u00e1gon.","robots":{"index":"index","follow":"follow","max-snippet":"max-snippet:-1","max-image-preview":"max-image-preview:large","max-video-preview":"max-video-preview:-1"},"canonical":"https:\/\/ringsport.hu\/index.php\/rolunk\/","og_locale":"hu_HU","og_type":"article","og_title":"R\u00f3lunk","og_description":"A folyamatos innov\u00e1ci\u00f3k r\u00e9v\u00e9n m\u00e1ra piacvezet\u0151v\u00e9 v\u00e1ltunk a sportkamer\u00e1k \u00e9s analitikai megold\u00e1sok forgalmaz\u00e1s\u00e1ban. Sz\u00e1mos kamera- \u00e9s elemz\u0151 rendszert \u00fczemeltet\u00fcnk m\u00e1r Magyarorsz\u00e1gon.","og_url":"https:\/\/ringsport.hu\/index.php\/rolunk\/","og_site_name":"RingSport","article_modified_time":"2024-08-30T11:52:07+00:00","twitter_card":"summary_large_image","twitter_misc":{"Becs\u00fclt olvas\u00e1si id\u0151":"1 perc"},"schema":{"@context":"https:\/\/schema.org","@graph":[{"@type":"WebPage","@id":"https:\/\/ringsport.hu\/index.php\/rolunk\/","url":"https:\/\/ringsport.hu\/index.php\/rolunk\/","name":"R\u00f3lunk - RingSport","isPartOf":{"@id":"https:\/\/ringsport.hu\/#website"},"datePublished":"2024-01-03T12:02:49+00:00","dateModified":"2024-08-30T11:52:07+00:00","description":"A folyamatos innov\u00e1ci\u00f3k r\u00e9v\u00e9n m\u00e1ra piacvezet\u0151v\u00e9 v\u00e1ltunk a sportkamer\u00e1k \u00e9s analitikai megold\u00e1sok forgalmaz\u00e1s\u00e1ban. Sz\u00e1mos kamera- \u00e9s elemz\u0151 rendszert \u00fczemeltet\u00fcnk m\u00e1r Magyarorsz\u00e1gon.","breadcrumb":{"@id":"https:\/\/ringsport.hu\/index.php\/rolunk\/#breadcrumb"},"inLanguage":"hu","potentialAction":[{"@type":"ReadAction","target":["https:\/\/ringsport.hu\/index.php\/rolunk\/"]}]},{"@type":"BreadcrumbList","@id":"https:\/\/ringsport.hu\/index.php\/rolunk\/#breadcrumb","itemListElement":[{"@type":"ListItem","position":1,"name":"Kezd\u0151lap","item":"https:\/\/ringsport.hu\/"},{"@type":"ListItem","position":2,"name":"R\u00f3lunk"}]},{"@type":"WebSite","@id":"https:\/\/ringsport.hu\/#website","url":"https:\/\/ringsport.hu\/","name":"RingSport","description":"AI-automatiz\u00e1lt sportkamera \u00e9s elemz\u00e9sek","publisher":{"@id":"https:\/\/ringsport.hu\/#organization"},"potentialAction":[{"@type":"SearchAction","target":{"@type":"EntryPoint","urlTemplate":"https:\/\/ringsport.hu\/?s={search_term_string}"},"query-input":{"@type":"PropertyValueSpecification","valueRequired":true,"valueName":"search_term_string"}}],"inLanguage":"hu"},{"@type":"Organization","@id":"https:\/\/ringsport.hu\/#organization","name":"RingSport","url":"https:\/\/ringsport.hu\/","logo":{"@type":"ImageObject","inLanguage":"hu","@id":"https:\/\/ringsport.hu\/#\/schema\/logo\/image\/","url":"https:\/\/ringsport.hu\/wp-content\/uploads\/2024\/01\/RingSport-logo.png","contentUrl":"https:\/\/ringsport.hu\/wp-content\/uploads\/2024\/01\/RingSport-logo.png","width":1567,"height":182,"caption":"RingSport"},"image":{"@id":"https:\/\/ringsport.hu\/#\/schema\/logo\/image\/"}}]}},"_links":{"self":[{"href":"https:\/\/ringsport.hu\/index.php\/wp-json\/wp\/v2\/pages\/48","targetHints":{"allow":["GET"]}}],"collection":[{"href":"https:\/\/ringsport.hu\/index.php\/wp-json\/wp\/v2\/pages"}],"about":[{"href":"https:\/\/ringsport.hu\/index.php\/wp-json\/wp\/v2\/types\/page"}],"author":[{"embeddable":true,"href":"https:\/\/ringsport.hu\/index.php\/wp-json\/wp\/v2\/users\/2"}],"replies":[{"embeddable":true,"href":"https:\/\/ringsport.hu\/index.php\/wp-json\/wp\/v2\/comments?post=48"}],"version-history":[{"count":8,"href":"https:\/\/ringsport.hu\/index.php\/wp-json\/wp\/v2\/pages\/48\/revisions"}],"predecessor-version":[{"id":1005,"href":"https:\/\/ringsport.hu\/index.php\/wp-json\/wp\/v2\/pages\/48\/revisions\/1005"}],"wp:attachment":[{"href":"https:\/\/ringsport.hu\/index.php\/wp-json\/wp\/v2\/media?parent=48"}],"curies":[{"name":"wp","href":"https:\/\/api.w.org\/{rel}","templated":true}]}}