{"id":879,"date":"2024-05-07T12:23:16","date_gmt":"2024-05-07T12:23:16","guid":{"rendered":"https:\/\/ringsport.hu\/?page_id=879"},"modified":"2024-05-07T12:23:21","modified_gmt":"2024-05-07T12:23:21","slug":"a-jatekok-felporgetese","status":"publish","type":"page","link":"https:\/\/ringsport.hu\/index.php\/a-jatekok-felporgetese\/","title":{"rendered":"A j\u00e1t\u00e9kok felp\u00f6rget\u00e9se:\u00a0"},"content":{"rendered":"<p>[et_pb_section fb_built=&#8221;1&#8243; theme_builder_area=&#8221;post_content&#8221; _builder_version=&#8221;4.25.0&#8243; _module_preset=&#8221;default&#8221;][et_pb_row _builder_version=&#8221;4.25.0&#8243; _module_preset=&#8221;default&#8221; theme_builder_area=&#8221;post_content&#8221;][et_pb_column _builder_version=&#8221;4.25.0&#8243; _module_preset=&#8221;default&#8221; type=&#8221;4_4&#8243; theme_builder_area=&#8221;post_content&#8221;][et_pb_text _builder_version=&#8221;4.25.0&#8243; _module_preset=&#8221;default&#8221; theme_builder_area=&#8221;post_content&#8221; hover_enabled=&#8221;0&#8243; sticky_enabled=&#8221;0&#8243;]<\/p>\n<div class=\"entry-meta-social\">\n<div class=\"share-count-section\"><span class=\"share-text\"><span class=\"icon icon-share\"><\/span><span>\u00a0Ossza meg<\/span><\/span><\/div>\n<p>&nbsp;<\/p>\n<\/div>\n<div class=\"entry-content\">\n<div id=\"bsf_rt_marker\"><\/div>\n<p><span>A Pixellot a Vision AI seg\u00edts\u00e9g\u00e9vel pontoz \u2013 \u00edgy a szervezetek k\u00f6nnyebben eljuttathatj\u00e1k a val\u00f3s idej\u0171 sportk\u00f6zvet\u00edt\u00e9seket \u00e9s elemz\u00e9seket a n\u00e9z\u0151k sz\u00e1m\u00e1ra szerte a vil\u00e1gon.<\/span><\/p>\n<p><span><\/span><a href=\"https:\/\/www.nvidia.com\/en-us\/autonomous-machines\/intelligent-video-analytics-platform\/\" target=\"_blank\" rel=\"noopener\"><span>Az NVIDIA Metropolis<\/span><\/a><span>\u00a0vision AI partner \u00f6kosziszt\u00e9m\u00e1j\u00e1nak tagja\u00a0, a Tel Aviv k\u00f6zel\u00e9ben tal\u00e1lhat\u00f3 v\u00e1llalat mesters\u00e9ges intelligenci\u00e1val hajtott platformot k\u00edn\u00e1l, amely automatiz\u00e1lja a sportesem\u00e9nyek r\u00f6gz\u00edt\u00e9s\u00e9t, streamel\u00e9s\u00e9t \u00e9s elemz\u00e9s\u00e9t.<\/span><\/p>\n<p><span>K\u00f6zel 20 k\u00fcl\u00f6nb\u00f6z\u0151 sport\u00e1g \u2013 nem csak a kos\u00e1rlabda \u00e9s a foci, hanem a r\u00f6gbi \u00e9s a k\u00e9zilabda \u2013 szurkol\u00f3i, edz\u0151i \u00e9s j\u00e1t\u00e9kosai sz\u00e1m\u00e1ra megv\u00e1ltoztatja a j\u00e1t\u00e9kot, mivel t\u00f6bb mint 70 orsz\u00e1g t\u00f6bb mint 30 000 helysz\u00edn\u00e9r\u0151l k\u00f6zvet\u00edt esem\u00e9nyeket \u00e9s szolg\u00e1ltat elemz\u00e9seket. Az Egyes\u00fclt \u00c1llamokban a Pixellot \u00e9vente t\u00f6bb mint egymilli\u00f3 j\u00e1t\u00e9k k\u00f6zvet\u00edt\u00e9s\u00e9t biztos\u00edtja az NFHS Network-lel, amely vezet\u0151 szerepet t\u00f6lt be a k\u00f6z\u00e9piskolai sportok \u00e9l\u0151 \u00e9s ig\u00e9ny szerinti k\u00f6zvet\u00edt\u00e9s\u00e9ben.<\/span><\/p>\n<p><span>M\u0171sorszolg\u00e1ltat\u00f3 partnerein, p\u00e9ld\u00e1ul az NFHS Network\u00f6n, az MLB-n \u00e9s m\u00e1sokon kereszt\u00fcl a Pixellot professzion\u00e1lis elemz\u00e9seket, meccs ut\u00e1ni lebont\u00e1sokat \u00e9s kiemel\u00e9seket biztos\u00edt a mezsz\u00e1mok alapj\u00e1n, l\u00f6v\u00e9si t\u00e1bl\u00e1zatokkal \u00e9s h\u0151t\u00e9rk\u00e9pekkel \u2013 ami k\u00fcl\u00f6n\u00f6sen hasznos lehet az edz\u0151k \u00e9s az iskolai \u00e9s profi sportol\u00f3k sz\u00e1m\u00e1ra. mik\u00f6zben a mozdulataikat tanulm\u00e1nyozz\u00e1k j\u00e1t\u00e9kuk fellend\u00edt\u00e9se \u00e9rdek\u00e9ben. Ezenk\u00edv\u00fcl interakt\u00edv \u00e9lm\u00e9nyeket tesz lehet\u0151v\u00e9 a felhaszn\u00e1l\u00f3k sz\u00e1m\u00e1ra, akik manipul\u00e1lhatj\u00e1k a k\u00e9pkock\u00e1kat, \u00e9s kiv\u00e1ghatj\u00e1k saj\u00e1t kiemel\u00e9seiket a j\u00e1t\u00e9khoz.<\/span><\/p>\n<\/div>\n<p>[\/et_pb_text][\/et_pb_column][\/et_pb_row][\/et_pb_section]<\/p>\n","protected":false},"excerpt":{"rendered":"<p>\u00a0Ossza meg &nbsp; A Pixellot a Vision AI seg\u00edts\u00e9g\u00e9vel pontoz \u2013 \u00edgy a szervezetek k\u00f6nnyebben eljuttathatj\u00e1k a val\u00f3s idej\u0171 sportk\u00f6zvet\u00edt\u00e9seket \u00e9s elemz\u00e9seket a n\u00e9z\u0151k sz\u00e1m\u00e1ra szerte a vil\u00e1gon. Az NVIDIA Metropolis\u00a0vision AI partner \u00f6kosziszt\u00e9m\u00e1j\u00e1nak tagja\u00a0, a Tel Aviv k\u00f6zel\u00e9ben tal\u00e1lhat\u00f3 v\u00e1llalat mesters\u00e9ges intelligenci\u00e1val hajtott platformot k\u00edn\u00e1l, amely automatiz\u00e1lja a sportesem\u00e9nyek r\u00f6gz\u00edt\u00e9s\u00e9t, streamel\u00e9s\u00e9t \u00e9s elemz\u00e9s\u00e9t. K\u00f6zel [&hellip;]<\/p>\n","protected":false},"author":3,"featured_media":0,"parent":0,"menu_order":0,"comment_status":"closed","ping_status":"closed","template":"","meta":{"_et_pb_use_builder":"on","_et_pb_old_content":"","_et_gb_content_width":"","footnotes":""},"class_list":["post-879","page","type-page","status-publish","hentry"],"yoast_head":"<!-- This site is optimized with the Yoast SEO Premium plugin v27.4 (Yoast SEO v27.4) - https:\/\/yoast.com\/product\/yoast-seo-premium-wordpress\/ -->\n<title>A j\u00e1t\u00e9kok felp\u00f6rget\u00e9se:\u00a0 - RingSport<\/title>\n<meta name=\"robots\" content=\"index, follow, max-snippet:-1, max-image-preview:large, max-video-preview:-1\" \/>\n<link rel=\"canonical\" href=\"https:\/\/ringsport.hu\/index.php\/a-jatekok-felporgetese\/\" \/>\n<meta property=\"og:locale\" content=\"hu_HU\" \/>\n<meta property=\"og:type\" content=\"article\" \/>\n<meta property=\"og:title\" content=\"A j\u00e1t\u00e9kok felp\u00f6rget\u00e9se:\u00a0\" \/>\n<meta property=\"og:description\" content=\"\u00a0Ossza meg &nbsp; A Pixellot a Vision AI seg\u00edts\u00e9g\u00e9vel pontoz \u2013 \u00edgy a szervezetek k\u00f6nnyebben eljuttathatj\u00e1k a val\u00f3s idej\u0171 sportk\u00f6zvet\u00edt\u00e9seket \u00e9s elemz\u00e9seket a n\u00e9z\u0151k sz\u00e1m\u00e1ra szerte a vil\u00e1gon. Az NVIDIA Metropolis\u00a0vision AI partner \u00f6kosziszt\u00e9m\u00e1j\u00e1nak tagja\u00a0, a Tel Aviv k\u00f6zel\u00e9ben tal\u00e1lhat\u00f3 v\u00e1llalat mesters\u00e9ges intelligenci\u00e1val hajtott platformot k\u00edn\u00e1l, amely automatiz\u00e1lja a sportesem\u00e9nyek r\u00f6gz\u00edt\u00e9s\u00e9t, streamel\u00e9s\u00e9t \u00e9s elemz\u00e9s\u00e9t. K\u00f6zel [&hellip;]\" \/>\n<meta property=\"og:url\" content=\"https:\/\/ringsport.hu\/index.php\/a-jatekok-felporgetese\/\" \/>\n<meta property=\"og:site_name\" content=\"RingSport\" \/>\n<meta property=\"article:modified_time\" content=\"2024-05-07T12:23:21+00:00\" \/>\n<meta name=\"twitter:card\" content=\"summary_large_image\" \/>\n<meta name=\"twitter:label1\" content=\"Becs\u00fclt olvas\u00e1si id\u0151\" \/>\n\t<meta name=\"twitter:data1\" content=\"2 perc\" \/>\n<script type=\"application\/ld+json\" class=\"yoast-schema-graph\">{\"@context\":\"https:\\\/\\\/schema.org\",\"@graph\":[{\"@type\":\"WebPage\",\"@id\":\"https:\\\/\\\/ringsport.hu\\\/index.php\\\/a-jatekok-felporgetese\\\/\",\"url\":\"https:\\\/\\\/ringsport.hu\\\/index.php\\\/a-jatekok-felporgetese\\\/\",\"name\":\"A j\u00e1t\u00e9kok felp\u00f6rget\u00e9se:\u00a0 - RingSport\",\"isPartOf\":{\"@id\":\"https:\\\/\\\/ringsport.hu\\\/#website\"},\"datePublished\":\"2024-05-07T12:23:16+00:00\",\"dateModified\":\"2024-05-07T12:23:21+00:00\",\"breadcrumb\":{\"@id\":\"https:\\\/\\\/ringsport.hu\\\/index.php\\\/a-jatekok-felporgetese\\\/#breadcrumb\"},\"inLanguage\":\"hu\",\"potentialAction\":[{\"@type\":\"ReadAction\",\"target\":[\"https:\\\/\\\/ringsport.hu\\\/index.php\\\/a-jatekok-felporgetese\\\/\"]}]},{\"@type\":\"BreadcrumbList\",\"@id\":\"https:\\\/\\\/ringsport.hu\\\/index.php\\\/a-jatekok-felporgetese\\\/#breadcrumb\",\"itemListElement\":[{\"@type\":\"ListItem\",\"position\":1,\"name\":\"Kezd\u0151lap\",\"item\":\"https:\\\/\\\/ringsport.hu\\\/\"},{\"@type\":\"ListItem\",\"position\":2,\"name\":\"A j\u00e1t\u00e9kok felp\u00f6rget\u00e9se:\u00a0\"}]},{\"@type\":\"WebSite\",\"@id\":\"https:\\\/\\\/ringsport.hu\\\/#website\",\"url\":\"https:\\\/\\\/ringsport.hu\\\/\",\"name\":\"RingSport\",\"description\":\"AI-automatiz\u00e1lt sportkamera \u00e9s elemz\u00e9sek\",\"publisher\":{\"@id\":\"https:\\\/\\\/ringsport.hu\\\/#organization\"},\"potentialAction\":[{\"@type\":\"SearchAction\",\"target\":{\"@type\":\"EntryPoint\",\"urlTemplate\":\"https:\\\/\\\/ringsport.hu\\\/?s={search_term_string}\"},\"query-input\":{\"@type\":\"PropertyValueSpecification\",\"valueRequired\":true,\"valueName\":\"search_term_string\"}}],\"inLanguage\":\"hu\"},{\"@type\":\"Organization\",\"@id\":\"https:\\\/\\\/ringsport.hu\\\/#organization\",\"name\":\"RingSport\",\"url\":\"https:\\\/\\\/ringsport.hu\\\/\",\"logo\":{\"@type\":\"ImageObject\",\"inLanguage\":\"hu\",\"@id\":\"https:\\\/\\\/ringsport.hu\\\/#\\\/schema\\\/logo\\\/image\\\/\",\"url\":\"https:\\\/\\\/ringsport.hu\\\/wp-content\\\/uploads\\\/2024\\\/01\\\/RingSport-logo.png\",\"contentUrl\":\"https:\\\/\\\/ringsport.hu\\\/wp-content\\\/uploads\\\/2024\\\/01\\\/RingSport-logo.png\",\"width\":1567,\"height\":182,\"caption\":\"RingSport\"},\"image\":{\"@id\":\"https:\\\/\\\/ringsport.hu\\\/#\\\/schema\\\/logo\\\/image\\\/\"}}]}<\/script>\n<!-- \/ Yoast SEO Premium plugin. -->","yoast_head_json":{"title":"A j\u00e1t\u00e9kok felp\u00f6rget\u00e9se:\u00a0 - RingSport","robots":{"index":"index","follow":"follow","max-snippet":"max-snippet:-1","max-image-preview":"max-image-preview:large","max-video-preview":"max-video-preview:-1"},"canonical":"https:\/\/ringsport.hu\/index.php\/a-jatekok-felporgetese\/","og_locale":"hu_HU","og_type":"article","og_title":"A j\u00e1t\u00e9kok felp\u00f6rget\u00e9se:\u00a0","og_description":"\u00a0Ossza meg &nbsp; A Pixellot a Vision AI seg\u00edts\u00e9g\u00e9vel pontoz \u2013 \u00edgy a szervezetek k\u00f6nnyebben eljuttathatj\u00e1k a val\u00f3s idej\u0171 sportk\u00f6zvet\u00edt\u00e9seket \u00e9s elemz\u00e9seket a n\u00e9z\u0151k sz\u00e1m\u00e1ra szerte a vil\u00e1gon. Az NVIDIA Metropolis\u00a0vision AI partner \u00f6kosziszt\u00e9m\u00e1j\u00e1nak tagja\u00a0, a Tel Aviv k\u00f6zel\u00e9ben tal\u00e1lhat\u00f3 v\u00e1llalat mesters\u00e9ges intelligenci\u00e1val hajtott platformot k\u00edn\u00e1l, amely automatiz\u00e1lja a sportesem\u00e9nyek r\u00f6gz\u00edt\u00e9s\u00e9t, streamel\u00e9s\u00e9t \u00e9s elemz\u00e9s\u00e9t. K\u00f6zel [&hellip;]","og_url":"https:\/\/ringsport.hu\/index.php\/a-jatekok-felporgetese\/","og_site_name":"RingSport","article_modified_time":"2024-05-07T12:23:21+00:00","twitter_card":"summary_large_image","twitter_misc":{"Becs\u00fclt olvas\u00e1si id\u0151":"2 perc"},"schema":{"@context":"https:\/\/schema.org","@graph":[{"@type":"WebPage","@id":"https:\/\/ringsport.hu\/index.php\/a-jatekok-felporgetese\/","url":"https:\/\/ringsport.hu\/index.php\/a-jatekok-felporgetese\/","name":"A j\u00e1t\u00e9kok felp\u00f6rget\u00e9se:\u00a0 - RingSport","isPartOf":{"@id":"https:\/\/ringsport.hu\/#website"},"datePublished":"2024-05-07T12:23:16+00:00","dateModified":"2024-05-07T12:23:21+00:00","breadcrumb":{"@id":"https:\/\/ringsport.hu\/index.php\/a-jatekok-felporgetese\/#breadcrumb"},"inLanguage":"hu","potentialAction":[{"@type":"ReadAction","target":["https:\/\/ringsport.hu\/index.php\/a-jatekok-felporgetese\/"]}]},{"@type":"BreadcrumbList","@id":"https:\/\/ringsport.hu\/index.php\/a-jatekok-felporgetese\/#breadcrumb","itemListElement":[{"@type":"ListItem","position":1,"name":"Kezd\u0151lap","item":"https:\/\/ringsport.hu\/"},{"@type":"ListItem","position":2,"name":"A j\u00e1t\u00e9kok felp\u00f6rget\u00e9se:\u00a0"}]},{"@type":"WebSite","@id":"https:\/\/ringsport.hu\/#website","url":"https:\/\/ringsport.hu\/","name":"RingSport","description":"AI-automatiz\u00e1lt sportkamera \u00e9s elemz\u00e9sek","publisher":{"@id":"https:\/\/ringsport.hu\/#organization"},"potentialAction":[{"@type":"SearchAction","target":{"@type":"EntryPoint","urlTemplate":"https:\/\/ringsport.hu\/?s={search_term_string}"},"query-input":{"@type":"PropertyValueSpecification","valueRequired":true,"valueName":"search_term_string"}}],"inLanguage":"hu"},{"@type":"Organization","@id":"https:\/\/ringsport.hu\/#organization","name":"RingSport","url":"https:\/\/ringsport.hu\/","logo":{"@type":"ImageObject","inLanguage":"hu","@id":"https:\/\/ringsport.hu\/#\/schema\/logo\/image\/","url":"https:\/\/ringsport.hu\/wp-content\/uploads\/2024\/01\/RingSport-logo.png","contentUrl":"https:\/\/ringsport.hu\/wp-content\/uploads\/2024\/01\/RingSport-logo.png","width":1567,"height":182,"caption":"RingSport"},"image":{"@id":"https:\/\/ringsport.hu\/#\/schema\/logo\/image\/"}}]}},"_links":{"self":[{"href":"https:\/\/ringsport.hu\/index.php\/wp-json\/wp\/v2\/pages\/879","targetHints":{"allow":["GET"]}}],"collection":[{"href":"https:\/\/ringsport.hu\/index.php\/wp-json\/wp\/v2\/pages"}],"about":[{"href":"https:\/\/ringsport.hu\/index.php\/wp-json\/wp\/v2\/types\/page"}],"author":[{"embeddable":true,"href":"https:\/\/ringsport.hu\/index.php\/wp-json\/wp\/v2\/users\/3"}],"replies":[{"embeddable":true,"href":"https:\/\/ringsport.hu\/index.php\/wp-json\/wp\/v2\/comments?post=879"}],"version-history":[{"count":2,"href":"https:\/\/ringsport.hu\/index.php\/wp-json\/wp\/v2\/pages\/879\/revisions"}],"predecessor-version":[{"id":881,"href":"https:\/\/ringsport.hu\/index.php\/wp-json\/wp\/v2\/pages\/879\/revisions\/881"}],"wp:attachment":[{"href":"https:\/\/ringsport.hu\/index.php\/wp-json\/wp\/v2\/media?parent=879"}],"curies":[{"name":"wp","href":"https:\/\/api.w.org\/{rel}","templated":true}]}}